{"id":4219,"date":"2025-11-07T17:50:51","date_gmt":"2025-11-07T17:50:51","guid":{"rendered":"http:\/\/utrinitas-m.co.id\/product\/12-port-fiber-optic-patch-panel\/"},"modified":"2025-11-08T16:56:07","modified_gmt":"2025-11-08T16:56:07","slug":"12-port-fiber-optic-patch-panel","status":"publish","type":"product","link":"https:\/\/utrinitas-m.co.id\/en\/product\/12-port-fiber-optic-patch-panel\/","title":{"rendered":"12 Port Fiber Optic Patch Panel"},"content":{"rendered":"<div class=\"wp-block-gutena-tabs gutena-tabs-block gutena-tabs-block-8f09a8-fd\"><ul class=\"gutena-tabs-tab tab-left\"><li class=\"gutena-tab-title active\" data-tab=\"1\"><div class=\"gutena-tab-title-content icon-top\"><div class=\"gutena-tab-title-text\"><div>Product Features<\/div><\/div><\/div><\/li><li class=\"gutena-tab-title inactive\" data-tab=\"2\"><div class=\"gutena-tab-title-content icon-top\"><div class=\"gutena-tab-title-text\"><div>Product Specification<\/div><\/div><\/div><\/li><\/ul><div class=\"gutena-tabs-content is-layout-flow wp-block-gutena-tabs-is-layout-flow\">\n<div class=\"wp-block-gutena-tab gutena-tab-block gutena-tab-block-b07270-76 active\" data-tab=\"1\">\n<p class=\"translation-block\">\u00c3\u00a2\u00e2\u201a\u00ac\u00c2\u00a2 Removable front and rear doors allow easy access to patch trays and fibers<br>\n\u00c3\u00a2\u00e2\u201a\u00ac\u00c2\u00a2 Replaceable adapter plates accommodate various types of connectors<br>\n\u00c3\u00a2\u00e2\u201a\u00ac\u00c2\u00a2 Swing-out adapter panel design allows easy access to connectors<br>\n\u00c3\u00a2\u00e2\u201a\u00ac\u00c2\u00a2 Individual sliding splice trays provide easy access to splices for maintenance<br>\n\u00c3\u00a2\u00e2\u201a\u00ac\u00c2\u00a2 Strength members clamps provide strain relief to prevent cables from pulling out<\/p>\n<\/div>\n\n\n\n<div class=\"wp-block-gutena-tab gutena-tab-block gutena-tab-block-0549ea-bf inactive\" data-tab=\"2\">\n<figure class=\"wp-block-table\"><table class=\"has-fixed-layout\"><tbody><tr><td>Ambient temperature<\/td><td>-25~+40\u00c3\u201a\u00c2\u00b0C<\/td><\/tr><tr><td>Relative humidity<\/td><td>\u00c3\u00a2\u00e2\u20ac\u00b0\u00c2\u00a485%(+30\u00c3\u201a\u00c2\u00b0C)<\/td><\/tr><tr><td>Atmospheric pressure<\/td><td>70kPa~06kPa<\/td><\/tr><tr><td>Insulation resistance<\/td><td>fiber optic cable terminal and cable metal strength member, fiber optic cable metal components itself, fiber optic cable metal components and the ground, the insulation resistance should &gt; 2 x 104M\u00c3\u017d\u00c2\u00a9<\/td><\/tr><tr><td>Dielectric strength<\/td><td>fiber optic cable terminal and cable metal strength member, fiber optic cable metal components itself, fiber optic cable metal components and the ground, under 15kV voltage for 1min without breakdown, no arcing phenomena<\/td><\/tr><\/tbody><\/table><\/figure>\n<\/div>\n<\/div><\/div>","protected":false},"excerpt":{"rendered":"<p class=\"translation-block\">The 12 port fiber patch panel is made of high intensified &amp; insulated material, thus having excellent mechanic performance; it\ncan be pre-installed with different kinds of fiber optic adapters and pigtails including SC\/FC\/ST\/LC\/E2000 types. The 12 port\nfiber patch panel is useful equipment for fiber optic management.<\/p>","protected":false},"featured_media":2300,"comment_status":"open","ping_status":"closed","template":"","meta":[],"product_brand":[],"product_cat":[259,243,261],"product_tag":[],"class_list":{"0":"post-4219","1":"product","2":"type-product","3":"status-publish","4":"has-post-thumbnail","6":"product_cat-fiber-management-systems-2","7":"product_cat-fiber-optic-3","8":"product_cat-fiber-optic-patch-panel-2","9":"entry","11":"first","12":"instock","13":"shipping-taxable","14":"product-type-simple"},"yoast_head":"<!-- This site is optimized with the Yoast SEO plugin v26.5 - https:\/\/yoast.com\/wordpress\/plugins\/seo\/ -->\n<title>12 Port Fiber Optic Patch Panel - PT Usaha Trinitas Makmur<\/title>\n<meta name=\"robots\" content=\"index, follow, max-snippet:-1, max-image-preview:large, max-video-preview:-1\" \/>\n<link rel=\"canonical\" href=\"https:\/\/utrinitas-m.co.id\/en\/product\/12-port-fiber-optic-patch-panel\/\" \/>\n<meta property=\"og:locale\" content=\"en_US\" \/>\n<meta property=\"og:type\" content=\"article\" \/>\n<meta property=\"og:title\" content=\"12 Port Fiber Optic Patch Panel - PT Usaha Trinitas Makmur\" \/>\n<meta property=\"og:description\" content=\"Panel patch serat 12 port terbuat dari material berkekuatan tinggi &amp; terisolasi, sehingga memiliki kinerja mekanik yang sangat baik; panel inidapat dipasang sebelumnya dengan berbagai jenis adaptor serat optik dan pigtail termasuk tipe SC\/FC\/ST\/LC\/E2000. Panel patch serat 12 portmerupakan peralatan yang berguna untuk manajemen serat optik.\" \/>\n<meta property=\"og:url\" content=\"https:\/\/utrinitas-m.co.id\/en\/product\/12-port-fiber-optic-patch-panel\/\" \/>\n<meta property=\"og:site_name\" content=\"PT Usaha Trinitas Makmur\" \/>\n<meta property=\"article:publisher\" content=\"https:\/\/www.facebook.com\/profile.php?id=61561130462800\" \/>\n<meta property=\"article:modified_time\" content=\"2025-11-08T16:56:07+00:00\" \/>\n<meta property=\"og:image\" content=\"https:\/\/utrinitas-m.co.id\/wp-content\/uploads\/2024\/11\/12-Port-Fiber-Optic-patch-panel-1.jpg\" \/>\n\t<meta property=\"og:image:width\" content=\"567\" \/>\n\t<meta property=\"og:image:height\" content=\"283\" \/>\n\t<meta property=\"og:image:type\" content=\"image\/jpeg\" \/>\n<meta name=\"twitter:card\" content=\"summary_large_image\" \/>\n<meta name=\"twitter:label1\" content=\"Est. reading time\" \/>\n\t<meta name=\"twitter:data1\" content=\"1 minute\" \/>\n<script type=\"application\/ld+json\" class=\"yoast-schema-graph\">{\"@context\":\"https:\/\/schema.org\",\"@graph\":[{\"@type\":\"WebPage\",\"@id\":\"https:\/\/utrinitas-m.co.id\/product\/12-port-fiber-optic-patch-panel\/\",\"url\":\"https:\/\/utrinitas-m.co.id\/product\/12-port-fiber-optic-patch-panel\/\",\"name\":\"12 Port Fiber Optic Patch Panel - PT Usaha Trinitas Makmur\",\"isPartOf\":{\"@id\":\"https:\/\/www.utrinitas-m.co.id\/#website\"},\"primaryImageOfPage\":{\"@id\":\"https:\/\/utrinitas-m.co.id\/product\/12-port-fiber-optic-patch-panel\/#primaryimage\"},\"image\":{\"@id\":\"https:\/\/utrinitas-m.co.id\/product\/12-port-fiber-optic-patch-panel\/#primaryimage\"},\"thumbnailUrl\":\"https:\/\/utrinitas-m.co.id\/wp-content\/uploads\/2024\/11\/12-Port-Fiber-Optic-patch-panel-1.jpg\",\"datePublished\":\"2025-11-07T17:50:51+00:00\",\"dateModified\":\"2025-11-08T16:56:07+00:00\",\"breadcrumb\":{\"@id\":\"https:\/\/utrinitas-m.co.id\/product\/12-port-fiber-optic-patch-panel\/#breadcrumb\"},\"inLanguage\":\"en-US\",\"potentialAction\":[{\"@type\":\"ReadAction\",\"target\":[\"https:\/\/utrinitas-m.co.id\/product\/12-port-fiber-optic-patch-panel\/\"]}]},{\"@type\":\"ImageObject\",\"inLanguage\":\"en-US\",\"@id\":\"https:\/\/utrinitas-m.co.id\/product\/12-port-fiber-optic-patch-panel\/#primaryimage\",\"url\":\"https:\/\/utrinitas-m.co.id\/wp-content\/uploads\/2024\/11\/12-Port-Fiber-Optic-patch-panel-1.jpg\",\"contentUrl\":\"https:\/\/utrinitas-m.co.id\/wp-content\/uploads\/2024\/11\/12-Port-Fiber-Optic-patch-panel-1.jpg\",\"width\":567,\"height\":283},{\"@type\":\"BreadcrumbList\",\"@id\":\"https:\/\/utrinitas-m.co.id\/product\/12-port-fiber-optic-patch-panel\/#breadcrumb\",\"itemListElement\":[{\"@type\":\"ListItem\",\"position\":1,\"name\":\"Home\",\"item\":\"https:\/\/utrinitas-m.co.id\/en\/\"},{\"@type\":\"ListItem\",\"position\":2,\"name\":\"Shop\",\"item\":\"https:\/\/www.utrinitas-m.co.id\/shop\/\"},{\"@type\":\"ListItem\",\"position\":3,\"name\":\"12 Port Fiber Optic Patch Panel\"}]},{\"@type\":\"WebSite\",\"@id\":\"https:\/\/www.utrinitas-m.co.id\/#website\",\"url\":\"https:\/\/www.utrinitas-m.co.id\/\",\"name\":\"PT Usaha Trinitas Makmur\",\"description\":\"PT Usaha Trinitas Makmur BERSIAP MENUJU TELEKOMUNIKASI MASA DEPAN\",\"potentialAction\":[{\"@type\":\"SearchAction\",\"target\":{\"@type\":\"EntryPoint\",\"urlTemplate\":\"https:\/\/www.utrinitas-m.co.id\/?s={search_term_string}\"},\"query-input\":{\"@type\":\"PropertyValueSpecification\",\"valueRequired\":true,\"valueName\":\"search_term_string\"}}],\"inLanguage\":\"en-US\"}]}<\/script>\n<!-- \/ Yoast SEO plugin. -->","yoast_head_json":{"title":"12 Port Fiber Optic Patch Panel - PT Usaha Trinitas Makmur","robots":{"index":"index","follow":"follow","max-snippet":"max-snippet:-1","max-image-preview":"max-image-preview:large","max-video-preview":"max-video-preview:-1"},"canonical":"https:\/\/utrinitas-m.co.id\/en\/product\/12-port-fiber-optic-patch-panel\/","og_locale":"en_US","og_type":"article","og_title":"12 Port Fiber Optic Patch Panel - PT Usaha Trinitas Makmur","og_description":"Panel patch serat 12 port terbuat dari material berkekuatan tinggi &amp; terisolasi, sehingga memiliki kinerja mekanik yang sangat baik; panel inidapat dipasang sebelumnya dengan berbagai jenis adaptor serat optik dan pigtail termasuk tipe SC\/FC\/ST\/LC\/E2000. Panel patch serat 12 portmerupakan peralatan yang berguna untuk manajemen serat optik.","og_url":"https:\/\/utrinitas-m.co.id\/en\/product\/12-port-fiber-optic-patch-panel\/","og_site_name":"PT Usaha Trinitas Makmur","article_publisher":"https:\/\/www.facebook.com\/profile.php?id=61561130462800","article_modified_time":"2025-11-08T16:56:07+00:00","og_image":[{"width":567,"height":283,"url":"https:\/\/utrinitas-m.co.id\/wp-content\/uploads\/2024\/11\/12-Port-Fiber-Optic-patch-panel-1.jpg","type":"image\/jpeg"}],"twitter_card":"summary_large_image","twitter_misc":{"Est. reading time":"1 minute"},"schema":{"@context":"https:\/\/schema.org","@graph":[{"@type":"WebPage","@id":"https:\/\/utrinitas-m.co.id\/product\/12-port-fiber-optic-patch-panel\/","url":"https:\/\/utrinitas-m.co.id\/product\/12-port-fiber-optic-patch-panel\/","name":"12 Port Fiber Optic Patch Panel - PT Usaha Trinitas Makmur","isPartOf":{"@id":"https:\/\/www.utrinitas-m.co.id\/#website"},"primaryImageOfPage":{"@id":"https:\/\/utrinitas-m.co.id\/product\/12-port-fiber-optic-patch-panel\/#primaryimage"},"image":{"@id":"https:\/\/utrinitas-m.co.id\/product\/12-port-fiber-optic-patch-panel\/#primaryimage"},"thumbnailUrl":"https:\/\/utrinitas-m.co.id\/wp-content\/uploads\/2024\/11\/12-Port-Fiber-Optic-patch-panel-1.jpg","datePublished":"2025-11-07T17:50:51+00:00","dateModified":"2025-11-08T16:56:07+00:00","breadcrumb":{"@id":"https:\/\/utrinitas-m.co.id\/product\/12-port-fiber-optic-patch-panel\/#breadcrumb"},"inLanguage":"en-US","potentialAction":[{"@type":"ReadAction","target":["https:\/\/utrinitas-m.co.id\/product\/12-port-fiber-optic-patch-panel\/"]}]},{"@type":"ImageObject","inLanguage":"en-US","@id":"https:\/\/utrinitas-m.co.id\/product\/12-port-fiber-optic-patch-panel\/#primaryimage","url":"https:\/\/utrinitas-m.co.id\/wp-content\/uploads\/2024\/11\/12-Port-Fiber-Optic-patch-panel-1.jpg","contentUrl":"https:\/\/utrinitas-m.co.id\/wp-content\/uploads\/2024\/11\/12-Port-Fiber-Optic-patch-panel-1.jpg","width":567,"height":283},{"@type":"BreadcrumbList","@id":"https:\/\/utrinitas-m.co.id\/product\/12-port-fiber-optic-patch-panel\/#breadcrumb","itemListElement":[{"@type":"ListItem","position":1,"name":"Home","item":"https:\/\/utrinitas-m.co.id\/en\/"},{"@type":"ListItem","position":2,"name":"Shop","item":"https:\/\/www.utrinitas-m.co.id\/shop\/"},{"@type":"ListItem","position":3,"name":"12 Port Fiber Optic Patch Panel"}]},{"@type":"WebSite","@id":"https:\/\/www.utrinitas-m.co.id\/#website","url":"https:\/\/www.utrinitas-m.co.id\/","name":"PT Usaha Trinitas Makmur","description":"PT Usaha Trinitas Makmur READY FOR THE FUTURE OF TELECOMMUNICATIONS","potentialAction":[{"@type":"SearchAction","target":{"@type":"EntryPoint","urlTemplate":"https:\/\/www.utrinitas-m.co.id\/?s={search_term_string}"},"query-input":{"@type":"PropertyValueSpecification","valueRequired":true,"valueName":"search_term_string"}}],"inLanguage":"en-US"}]}},"_links":{"self":[{"href":"https:\/\/utrinitas-m.co.id\/en\/wp-json\/wp\/v2\/product\/4219","targetHints":{"allow":["GET"]}}],"collection":[{"href":"https:\/\/utrinitas-m.co.id\/en\/wp-json\/wp\/v2\/product"}],"about":[{"href":"https:\/\/utrinitas-m.co.id\/en\/wp-json\/wp\/v2\/types\/product"}],"replies":[{"embeddable":true,"href":"https:\/\/utrinitas-m.co.id\/en\/wp-json\/wp\/v2\/comments?post=4219"}],"wp:featuredmedia":[{"embeddable":true,"href":"https:\/\/utrinitas-m.co.id\/en\/wp-json\/wp\/v2\/media\/2300"}],"wp:attachment":[{"href":"https:\/\/utrinitas-m.co.id\/en\/wp-json\/wp\/v2\/media?parent=4219"}],"wp:term":[{"taxonomy":"product_brand","embeddable":true,"href":"https:\/\/utrinitas-m.co.id\/en\/wp-json\/wp\/v2\/product_brand?post=4219"},{"taxonomy":"product_cat","embeddable":true,"href":"https:\/\/utrinitas-m.co.id\/en\/wp-json\/wp\/v2\/product_cat?post=4219"},{"taxonomy":"product_tag","embeddable":true,"href":"https:\/\/utrinitas-m.co.id\/en\/wp-json\/wp\/v2\/product_tag?post=4219"}],"curies":[{"name":"wp","href":"https:\/\/api.w.org\/{rel}","templated":true}]}}