{"id":4227,"date":"2025-11-07T17:50:55","date_gmt":"2025-11-07T17:50:55","guid":{"rendered":"http:\/\/utrinitas-m.co.id\/product\/19ae%c2%b3-patch-panel-cat-6-24-port-unshielded\/"},"modified":"2025-11-08T16:59:26","modified_gmt":"2025-11-08T16:59:26","slug":"19ae%c2%b3-patch-panel-cat-6-24-port-unshielded","status":"publish","type":"product","link":"https:\/\/utrinitas-m.co.id\/en\/product\/19ae%c2%b3-patch-panel-cat-6-24-port-unshielded\/","title":{"rendered":"19\u00c3\u00a2\u00e2\u201a\u00ac\u00c2\u00b3 Patch Panel CAT 6 24 Port (Unshielded)"},"content":{"rendered":"<div class=\"wp-block-gutena-tabs gutena-tabs-block gutena-tabs-block-8f09a8-fd\"><ul class=\"gutena-tabs-tab tab-left\"><li class=\"gutena-tab-title active\" data-tab=\"1\"><div class=\"gutena-tab-title-content icon-top\"><div class=\"gutena-tab-title-text\"><div>Product Features<\/div><\/div><\/div><\/li><li class=\"gutena-tab-title inactive\" data-tab=\"2\"><div class=\"gutena-tab-title-content icon-top\"><div class=\"gutena-tab-title-text\"><div>Product Specification<\/div><\/div><\/div><\/li><\/ul><div class=\"gutena-tabs-content is-layout-flow wp-block-gutena-tabs-is-layout-flow\">\n<div class=\"wp-block-gutena-tab gutena-tab-block gutena-tab-block-b07270-76 active\" data-tab=\"1\">\n<ul class=\"wp-block-list\">\n<li>Designed for use with CAT5e Patch Panels<\/li>\n\n\n\n<li>24 Port CAT5e<\/li>\n\n\n\n<li>110 Style Punch Down<\/li>\n\n\n\n<li>568-A\/B Wiring Code<\/li>\n<\/ul>\n<\/div>\n\n\n\n<div class=\"wp-block-gutena-tab gutena-tab-block gutena-tab-block-0549ea-bf inactive\" data-tab=\"2\">\n<figure class=\"wp-block-table\"><table class=\"has-fixed-layout\"><tbody><tr><td>Color<\/td><td>Black<\/td><\/tr><tr><td>Connector A<\/td><td>RJ45 Female<\/td><\/tr><tr><td>Connector B<\/td><td>110 Punch Down<\/td><\/tr><tr><td>Category Rating<\/td><td>CAT5e<\/td><\/tr><tr><td>Ports<\/td><td>24 Ports<\/td><\/tr><tr><td>Style<\/td><td>Rack Mount<\/td><\/tr><tr><td>Weight (Lbs)<\/td><td>1.39<\/td><\/tr><\/tbody><\/table><\/figure>\n<\/div>\n<\/div><\/div>","protected":false},"excerpt":{"rendered":"<p>CAT6 Patch Panel, 24-Port, unshielded for placement in 19 inch rack. Compliance with CAT6 standard. This patch panel is made of robust sheet steel. The 19 inch patch panel is suitable for installation in the network cabinet and used for cable installation via the LSA strips. It has 24 RJ45 connectors, which have a 6\u00c3\u017d\u00c2\u00bc gold plating.<\/p>","protected":false},"featured_media":2492,"comment_status":"open","ping_status":"closed","template":"","meta":[],"product_brand":[],"product_cat":[277],"product_tag":[],"class_list":{"0":"post-4227","1":"product","2":"type-product","3":"status-publish","4":"has-post-thumbnail","6":"product_cat-structured-cabling-2","7":"entry","9":"first","10":"instock","11":"shipping-taxable","12":"product-type-simple"},"yoast_head":"<!-- This site is optimized with the Yoast SEO plugin v26.5 - https:\/\/yoast.com\/wordpress\/plugins\/seo\/ -->\n<title>19\u00c3\u00a2\u00e2\u201a\u00ac\u00c2\u00b3 Patch Panel CAT 6 24 Port (Unshielded) - PT Usaha Trinitas Makmur<\/title>\n<meta name=\"robots\" content=\"index, follow, max-snippet:-1, max-image-preview:large, max-video-preview:-1\" \/>\n<link rel=\"canonical\" href=\"https:\/\/www.utrinitas-m.co.id\/product\/19ae\u00b3-patch-panel-cat-6-24-port-unshielded\/\" \/>\n<meta property=\"og:locale\" content=\"en_US\" \/>\n<meta property=\"og:type\" content=\"article\" \/>\n<meta property=\"og:title\" content=\"19\u00c3\u00a2\u00e2\u201a\u00ac\u00c2\u00b3 Patch Panel CAT 6 24 Port (Unshielded) - PT Usaha Trinitas Makmur\" \/>\n<meta property=\"og:description\" content=\"Panel Patch CAT6, 24-Port, tanpa pelindung untuk penempatan di rak 19 inci. Sesuai dengan standar CAT6. Panel patch ini terbuat dari baja lembaran yang kuat. Panel patch 19 inci cocok untuk pemasangan di kabinet jaringan dan digunakan untuk pemasangan kabel melalui strip LSA. Panel ini memiliki 24 konektor RJ45, yang dilapisi emas 6\u00c3\u017d\u00c2\u00bc.\" \/>\n<meta property=\"og:url\" content=\"https:\/\/www.utrinitas-m.co.id\/product\/19ae\u00b3-patch-panel-cat-6-24-port-unshielded\/\" \/>\n<meta property=\"og:site_name\" content=\"PT Usaha Trinitas Makmur\" \/>\n<meta property=\"article:publisher\" content=\"https:\/\/www.facebook.com\/profile.php?id=61561130462800\" \/>\n<meta property=\"article:modified_time\" content=\"2025-11-08T16:59:26+00:00\" \/>\n<meta property=\"og:image\" content=\"https:\/\/www.utrinitas-m.co.id\/wp-content\/uploads\/2024\/11\/19-PATCH-PANEL-CAT-6-24-PORT-UNSHIELDED.jpg\" \/>\n\t<meta property=\"og:image:width\" content=\"1181\" \/>\n\t<meta property=\"og:image:height\" content=\"1181\" \/>\n\t<meta property=\"og:image:type\" content=\"image\/jpeg\" \/>\n<meta name=\"twitter:card\" content=\"summary_large_image\" \/>\n<script type=\"application\/ld+json\" class=\"yoast-schema-graph\">{\"@context\":\"https:\/\/schema.org\",\"@graph\":[{\"@type\":\"WebPage\",\"@id\":\"https:\/\/www.utrinitas-m.co.id\/product\/19ae%c2%b3-patch-panel-cat-6-24-port-unshielded\/\",\"url\":\"https:\/\/www.utrinitas-m.co.id\/product\/19ae%c2%b3-patch-panel-cat-6-24-port-unshielded\/\",\"name\":\"19\u00c3\u00a2\u00e2\u201a\u00ac\u00c2\u00b3 Patch Panel CAT 6 24 Port (Unshielded) - PT Usaha Trinitas Makmur\",\"isPartOf\":{\"@id\":\"https:\/\/utrinitas-m.co.id\/#website\"},\"primaryImageOfPage\":{\"@id\":\"https:\/\/www.utrinitas-m.co.id\/product\/19ae%c2%b3-patch-panel-cat-6-24-port-unshielded\/#primaryimage\"},\"image\":{\"@id\":\"https:\/\/www.utrinitas-m.co.id\/product\/19ae%c2%b3-patch-panel-cat-6-24-port-unshielded\/#primaryimage\"},\"thumbnailUrl\":\"https:\/\/utrinitas-m.co.id\/wp-content\/uploads\/2024\/11\/19-PATCH-PANEL-CAT-6-24-PORT-UNSHIELDED.jpg\",\"datePublished\":\"2025-11-07T17:50:55+00:00\",\"dateModified\":\"2025-11-08T16:59:26+00:00\",\"breadcrumb\":{\"@id\":\"https:\/\/www.utrinitas-m.co.id\/product\/19ae%c2%b3-patch-panel-cat-6-24-port-unshielded\/#breadcrumb\"},\"inLanguage\":\"en-US\",\"potentialAction\":[{\"@type\":\"ReadAction\",\"target\":[\"https:\/\/www.utrinitas-m.co.id\/product\/19ae%c2%b3-patch-panel-cat-6-24-port-unshielded\/\"]}]},{\"@type\":\"ImageObject\",\"inLanguage\":\"en-US\",\"@id\":\"https:\/\/www.utrinitas-m.co.id\/product\/19ae%c2%b3-patch-panel-cat-6-24-port-unshielded\/#primaryimage\",\"url\":\"https:\/\/utrinitas-m.co.id\/wp-content\/uploads\/2024\/11\/19-PATCH-PANEL-CAT-6-24-PORT-UNSHIELDED.jpg\",\"contentUrl\":\"https:\/\/utrinitas-m.co.id\/wp-content\/uploads\/2024\/11\/19-PATCH-PANEL-CAT-6-24-PORT-UNSHIELDED.jpg\",\"width\":1181,\"height\":1181},{\"@type\":\"BreadcrumbList\",\"@id\":\"https:\/\/www.utrinitas-m.co.id\/product\/19ae%c2%b3-patch-panel-cat-6-24-port-unshielded\/#breadcrumb\",\"itemListElement\":[{\"@type\":\"ListItem\",\"position\":1,\"name\":\"Home\",\"item\":\"https:\/\/utrinitas-m.co.id\/en\/\"},{\"@type\":\"ListItem\",\"position\":2,\"name\":\"Shop\",\"item\":\"https:\/\/www.utrinitas-m.co.id\/en\/shop\/\"},{\"@type\":\"ListItem\",\"position\":3,\"name\":\"19\u00c3\u00a2\u00e2\u201a\u00ac\u00c2\u00b3 Patch Panel CAT 6 24 Port (Unshielded)\"}]},{\"@type\":\"WebSite\",\"@id\":\"https:\/\/utrinitas-m.co.id\/#website\",\"url\":\"https:\/\/utrinitas-m.co.id\/\",\"name\":\"PT Usaha Trinitas Makmur\",\"description\":\"PT Usaha Trinitas Makmur BERSIAP MENUJU TELEKOMUNIKASI MASA DEPAN\",\"potentialAction\":[{\"@type\":\"SearchAction\",\"target\":{\"@type\":\"EntryPoint\",\"urlTemplate\":\"https:\/\/utrinitas-m.co.id\/?s={search_term_string}\"},\"query-input\":{\"@type\":\"PropertyValueSpecification\",\"valueRequired\":true,\"valueName\":\"search_term_string\"}}],\"inLanguage\":\"en-US\"}]}<\/script>\n<!-- \/ Yoast SEO plugin. -->","yoast_head_json":{"title":"19\u00c3\u00a2\u00e2\u201a\u00ac\u00c2\u00b3 Patch Panel CAT 6 24 Port (Unshielded) - PT Usaha Trinitas Makmur","robots":{"index":"index","follow":"follow","max-snippet":"max-snippet:-1","max-image-preview":"max-image-preview:large","max-video-preview":"max-video-preview:-1"},"canonical":"https:\/\/www.utrinitas-m.co.id\/product\/19ae\u00b3-patch-panel-cat-6-24-port-unshielded\/","og_locale":"en_US","og_type":"article","og_title":"19\u00c3\u00a2\u00e2\u201a\u00ac\u00c2\u00b3 Patch Panel CAT 6 24 Port (Unshielded) - PT Usaha Trinitas Makmur","og_description":"Panel Patch CAT6, 24-Port, tanpa pelindung untuk penempatan di rak 19 inci. Sesuai dengan standar CAT6. Panel patch ini terbuat dari baja lembaran yang kuat. Panel patch 19 inci cocok untuk pemasangan di kabinet jaringan dan digunakan untuk pemasangan kabel melalui strip LSA. Panel ini memiliki 24 konektor RJ45, yang dilapisi emas 6\u00c3\u017d\u00c2\u00bc.","og_url":"https:\/\/www.utrinitas-m.co.id\/product\/19ae\u00b3-patch-panel-cat-6-24-port-unshielded\/","og_site_name":"PT Usaha Trinitas Makmur","article_publisher":"https:\/\/www.facebook.com\/profile.php?id=61561130462800","article_modified_time":"2025-11-08T16:59:26+00:00","og_image":[{"width":1181,"height":1181,"url":"https:\/\/www.utrinitas-m.co.id\/wp-content\/uploads\/2024\/11\/19-PATCH-PANEL-CAT-6-24-PORT-UNSHIELDED.jpg","type":"image\/jpeg"}],"twitter_card":"summary_large_image","schema":{"@context":"https:\/\/schema.org","@graph":[{"@type":"WebPage","@id":"https:\/\/www.utrinitas-m.co.id\/product\/19ae%c2%b3-patch-panel-cat-6-24-port-unshielded\/","url":"https:\/\/www.utrinitas-m.co.id\/product\/19ae%c2%b3-patch-panel-cat-6-24-port-unshielded\/","name":"19\u00c3\u00a2\u00e2\u201a\u00ac\u00c2\u00b3 Patch Panel CAT 6 24 Port (Unshielded) - PT Usaha Trinitas Makmur","isPartOf":{"@id":"https:\/\/utrinitas-m.co.id\/#website"},"primaryImageOfPage":{"@id":"https:\/\/www.utrinitas-m.co.id\/product\/19ae%c2%b3-patch-panel-cat-6-24-port-unshielded\/#primaryimage"},"image":{"@id":"https:\/\/www.utrinitas-m.co.id\/product\/19ae%c2%b3-patch-panel-cat-6-24-port-unshielded\/#primaryimage"},"thumbnailUrl":"https:\/\/utrinitas-m.co.id\/wp-content\/uploads\/2024\/11\/19-PATCH-PANEL-CAT-6-24-PORT-UNSHIELDED.jpg","datePublished":"2025-11-07T17:50:55+00:00","dateModified":"2025-11-08T16:59:26+00:00","breadcrumb":{"@id":"https:\/\/www.utrinitas-m.co.id\/product\/19ae%c2%b3-patch-panel-cat-6-24-port-unshielded\/#breadcrumb"},"inLanguage":"en-US","potentialAction":[{"@type":"ReadAction","target":["https:\/\/www.utrinitas-m.co.id\/product\/19ae%c2%b3-patch-panel-cat-6-24-port-unshielded\/"]}]},{"@type":"ImageObject","inLanguage":"en-US","@id":"https:\/\/www.utrinitas-m.co.id\/product\/19ae%c2%b3-patch-panel-cat-6-24-port-unshielded\/#primaryimage","url":"https:\/\/utrinitas-m.co.id\/wp-content\/uploads\/2024\/11\/19-PATCH-PANEL-CAT-6-24-PORT-UNSHIELDED.jpg","contentUrl":"https:\/\/utrinitas-m.co.id\/wp-content\/uploads\/2024\/11\/19-PATCH-PANEL-CAT-6-24-PORT-UNSHIELDED.jpg","width":1181,"height":1181},{"@type":"BreadcrumbList","@id":"https:\/\/www.utrinitas-m.co.id\/product\/19ae%c2%b3-patch-panel-cat-6-24-port-unshielded\/#breadcrumb","itemListElement":[{"@type":"ListItem","position":1,"name":"Home","item":"https:\/\/utrinitas-m.co.id\/en\/"},{"@type":"ListItem","position":2,"name":"Shop","item":"https:\/\/www.utrinitas-m.co.id\/en\/shop\/"},{"@type":"ListItem","position":3,"name":"19\u00c3\u00a2\u00e2\u201a\u00ac\u00c2\u00b3 Patch Panel CAT 6 24 Port (Unshielded)"}]},{"@type":"WebSite","@id":"https:\/\/utrinitas-m.co.id\/#website","url":"https:\/\/utrinitas-m.co.id\/","name":"PT Usaha Trinitas Makmur","description":"PT Usaha Trinitas Makmur READY FOR THE FUTURE OF TELECOMMUNICATIONS","potentialAction":[{"@type":"SearchAction","target":{"@type":"EntryPoint","urlTemplate":"https:\/\/utrinitas-m.co.id\/?s={search_term_string}"},"query-input":{"@type":"PropertyValueSpecification","valueRequired":true,"valueName":"search_term_string"}}],"inLanguage":"en-US"}]}},"_links":{"self":[{"href":"https:\/\/utrinitas-m.co.id\/en\/wp-json\/wp\/v2\/product\/4227","targetHints":{"allow":["GET"]}}],"collection":[{"href":"https:\/\/utrinitas-m.co.id\/en\/wp-json\/wp\/v2\/product"}],"about":[{"href":"https:\/\/utrinitas-m.co.id\/en\/wp-json\/wp\/v2\/types\/product"}],"replies":[{"embeddable":true,"href":"https:\/\/utrinitas-m.co.id\/en\/wp-json\/wp\/v2\/comments?post=4227"}],"wp:featuredmedia":[{"embeddable":true,"href":"https:\/\/utrinitas-m.co.id\/en\/wp-json\/wp\/v2\/media\/2492"}],"wp:attachment":[{"href":"https:\/\/utrinitas-m.co.id\/en\/wp-json\/wp\/v2\/media?parent=4227"}],"wp:term":[{"taxonomy":"product_brand","embeddable":true,"href":"https:\/\/utrinitas-m.co.id\/en\/wp-json\/wp\/v2\/product_brand?post=4227"},{"taxonomy":"product_cat","embeddable":true,"href":"https:\/\/utrinitas-m.co.id\/en\/wp-json\/wp\/v2\/product_cat?post=4227"},{"taxonomy":"product_tag","embeddable":true,"href":"https:\/\/utrinitas-m.co.id\/en\/wp-json\/wp\/v2\/product_tag?post=4227"}],"curies":[{"name":"wp","href":"https:\/\/api.w.org\/{rel}","templated":true}]}}