{"id":4251,"date":"2025-11-07T17:51:28","date_gmt":"2025-11-07T17:51:28","guid":{"rendered":"http:\/\/utrinitas-m.co.id\/product\/48-port-fiber-optic-patch-panel\/"},"modified":"2025-11-08T23:43:50","modified_gmt":"2025-11-08T23:43:50","slug":"48-port-fiber-optic-patch-panel","status":"publish","type":"product","link":"https:\/\/utrinitas-m.co.id\/en\/product\/48-port-fiber-optic-patch-panel\/","title":{"rendered":"48 Port Fiber Optic Patch Panel"},"content":{"rendered":"<div class=\"wp-block-gutena-tabs gutena-tabs-block gutena-tabs-block-8f09a8-fd\"><ul class=\"gutena-tabs-tab tab-left\"><li class=\"gutena-tab-title active\" data-tab=\"1\"><div class=\"gutena-tab-title-content icon-top\"><div class=\"gutena-tab-title-text\"><div>Product Features<\/div><\/div><\/div><\/li><li class=\"gutena-tab-title inactive\" data-tab=\"2\"><div class=\"gutena-tab-title-content icon-top\"><div class=\"gutena-tab-title-text\"><div>Product Specification<\/div><\/div><\/div><\/li><\/ul><div class=\"gutena-tabs-content is-layout-flow wp-block-gutena-tabs-is-layout-flow\">\n<div class=\"wp-block-gutena-tab gutena-tab-block gutena-tab-block-b07270-76 active\" data-tab=\"1\">\n<p class=\"translation-block\">\u00c3\u00a2\u00e2\u201a\u00ac\u00c2\u00a2 The shell is made of high-strength and insulated material, providing excellent mechanical performance<br>\n\u00c3\u00a2\u00e2\u201a\u00ac\u00c2\u00a2 Sturdy and durable<br>\n\u00c3\u00a2\u00e2\u201a\u00ac\u00c2\u00a2 Adapter output: 48 cores<br>\n\u00c3\u00a2\u00e2\u201a\u00ac\u00c2\u00a2 The strength core and shell are insulated and include grounding cable<br>\n\u00c3\u00a2\u00e2\u201a\u00ac\u00c2\u00a2 Suitable for installing SC, FC, ST, and LC adapter connections<br>\n\u00c3\u00a2\u00e2\u201a\u00ac\u00c2\u00a2 Complete accessories for easy operation<\/p>\n<\/div>\n\n\n\n<div class=\"wp-block-gutena-tab gutena-tab-block gutena-tab-block-0549ea-bf inactive\" data-tab=\"2\">\n<figure class=\"wp-block-table\"><table class=\"has-fixed-layout\"><tbody><tr><td>Environment temperature<\/td><td>-40\u00c3\u201a\u00c2\u00b0C ~+80\u00c3\u201a\u00c2\u00b0C<\/td><\/tr><tr><td>Relative humidity<\/td><td>\u00c3\u00a2\u00e2\u20ac\u00b0\u00c2\u00a485% (30\u00c3\u201a\u00c2\u00b0C)<\/td><\/tr><tr><td>Atmospheric pressure<\/td><td>70~106KPa<\/td><\/tr><tr><td>Insulated Resistance<\/td><td>\u00c3\u00a2\u00e2\u20ac\u00b0\u00c2\u00a52\u00c3\u0192\u00e2\u20ac\u201d10M\u00c3\u017d\u00c2\u00a9\/500V (DC)<\/td><\/tr><tr><td>Intensity \u00c3\u00a2\u00e2\u20ac\u00b0\u00c2\u00a415kv (DC) \/1min no spark-over and no flying arc<\/td><td>\u00c3\u00a2\u00e2\u20ac\u00b0\u00c2\u00a540mm<\/td><\/tr><\/tbody><\/table><\/figure>\n<\/div>\n<\/div><\/div>","protected":false},"excerpt":{"rendered":"<p class=\"translation-block\">The 48 port fiber optic patch panel is industry standard size to fit different kinds of cabinets; it is applicable for straight-through\nconnection and diverged connection in aerial layout. The 48 port fiber patch panel can be loaded with optional different kinds\nof optical adapters.<\/p>","protected":false},"featured_media":2303,"comment_status":"open","ping_status":"closed","template":"","meta":[],"product_brand":[],"product_cat":[259,243,261],"product_tag":[],"class_list":{"0":"post-4251","1":"product","2":"type-product","3":"status-publish","4":"has-post-thumbnail","6":"product_cat-fiber-management-systems-2","7":"product_cat-fiber-optic-3","8":"product_cat-fiber-optic-patch-panel-2","9":"entry","11":"first","12":"instock","13":"shipping-taxable","14":"product-type-simple"},"yoast_head":"<!-- This site is optimized with the Yoast SEO plugin v26.5 - https:\/\/yoast.com\/wordpress\/plugins\/seo\/ -->\n<title>48 Port Fiber Optic Patch Panel - PT Usaha Trinitas Makmur<\/title>\n<meta name=\"robots\" content=\"index, follow, max-snippet:-1, max-image-preview:large, max-video-preview:-1\" \/>\n<link rel=\"canonical\" href=\"https:\/\/www.utrinitas-m.co.id\/product\/48-port-fiber-optic-patch-panel\/\" \/>\n<meta property=\"og:locale\" content=\"en_US\" \/>\n<meta property=\"og:type\" content=\"article\" \/>\n<meta property=\"og:title\" content=\"48 Port Fiber Optic Patch Panel - PT Usaha Trinitas Makmur\" \/>\n<meta property=\"og:description\" content=\"Panel patch serat optik 48 port berukuran standar industri agar sesuai dengan berbagai jenis kabinet; dapat digunakan untuk koneksi langsungdan koneksi divergen dalam tata letak udara. Panel patch serat 48 port dapat dimuat dengan berbagai jenisadaptor optik opsional.\" \/>\n<meta property=\"og:url\" content=\"https:\/\/www.utrinitas-m.co.id\/product\/48-port-fiber-optic-patch-panel\/\" \/>\n<meta property=\"og:site_name\" content=\"PT Usaha Trinitas Makmur\" \/>\n<meta property=\"article:publisher\" content=\"https:\/\/www.facebook.com\/profile.php?id=61561130462800\" \/>\n<meta property=\"article:modified_time\" content=\"2025-11-08T23:43:50+00:00\" \/>\n<meta property=\"og:image\" content=\"https:\/\/www.utrinitas-m.co.id\/wp-content\/uploads\/2024\/11\/48-Port-Fiber-Optic-Patch-Panel.jpg\" \/>\n\t<meta property=\"og:image:width\" content=\"567\" \/>\n\t<meta property=\"og:image:height\" content=\"283\" \/>\n\t<meta property=\"og:image:type\" content=\"image\/jpeg\" \/>\n<meta name=\"twitter:card\" content=\"summary_large_image\" \/>\n<script type=\"application\/ld+json\" class=\"yoast-schema-graph\">{\"@context\":\"https:\/\/schema.org\",\"@graph\":[{\"@type\":\"WebPage\",\"@id\":\"https:\/\/www.utrinitas-m.co.id\/product\/48-port-fiber-optic-patch-panel\/\",\"url\":\"https:\/\/www.utrinitas-m.co.id\/product\/48-port-fiber-optic-patch-panel\/\",\"name\":\"48 Port Fiber Optic Patch Panel - PT Usaha Trinitas Makmur\",\"isPartOf\":{\"@id\":\"https:\/\/www.utrinitas-m.co.id\/#website\"},\"primaryImageOfPage\":{\"@id\":\"https:\/\/www.utrinitas-m.co.id\/product\/48-port-fiber-optic-patch-panel\/#primaryimage\"},\"image\":{\"@id\":\"https:\/\/www.utrinitas-m.co.id\/product\/48-port-fiber-optic-patch-panel\/#primaryimage\"},\"thumbnailUrl\":\"https:\/\/utrinitas-m.co.id\/wp-content\/uploads\/2024\/11\/48-Port-Fiber-Optic-Patch-Panel.jpg\",\"datePublished\":\"2025-11-07T17:51:28+00:00\",\"dateModified\":\"2025-11-08T23:43:50+00:00\",\"breadcrumb\":{\"@id\":\"https:\/\/www.utrinitas-m.co.id\/product\/48-port-fiber-optic-patch-panel\/#breadcrumb\"},\"inLanguage\":\"en-US\",\"potentialAction\":[{\"@type\":\"ReadAction\",\"target\":[\"https:\/\/www.utrinitas-m.co.id\/product\/48-port-fiber-optic-patch-panel\/\"]}]},{\"@type\":\"ImageObject\",\"inLanguage\":\"en-US\",\"@id\":\"https:\/\/www.utrinitas-m.co.id\/product\/48-port-fiber-optic-patch-panel\/#primaryimage\",\"url\":\"https:\/\/utrinitas-m.co.id\/wp-content\/uploads\/2024\/11\/48-Port-Fiber-Optic-Patch-Panel.jpg\",\"contentUrl\":\"https:\/\/utrinitas-m.co.id\/wp-content\/uploads\/2024\/11\/48-Port-Fiber-Optic-Patch-Panel.jpg\",\"width\":567,\"height\":283},{\"@type\":\"BreadcrumbList\",\"@id\":\"https:\/\/www.utrinitas-m.co.id\/product\/48-port-fiber-optic-patch-panel\/#breadcrumb\",\"itemListElement\":[{\"@type\":\"ListItem\",\"position\":1,\"name\":\"Home\",\"item\":\"https:\/\/utrinitas-m.co.id\/en\/\"},{\"@type\":\"ListItem\",\"position\":2,\"name\":\"Shop\",\"item\":\"https:\/\/www.utrinitas-m.co.id\/shop\/\"},{\"@type\":\"ListItem\",\"position\":3,\"name\":\"48 Port Fiber Optic Patch Panel\"}]},{\"@type\":\"WebSite\",\"@id\":\"https:\/\/www.utrinitas-m.co.id\/#website\",\"url\":\"https:\/\/www.utrinitas-m.co.id\/\",\"name\":\"PT Usaha Trinitas Makmur\",\"description\":\"PT Usaha Trinitas Makmur BERSIAP MENUJU TELEKOMUNIKASI MASA DEPAN\",\"potentialAction\":[{\"@type\":\"SearchAction\",\"target\":{\"@type\":\"EntryPoint\",\"urlTemplate\":\"https:\/\/www.utrinitas-m.co.id\/?s={search_term_string}\"},\"query-input\":{\"@type\":\"PropertyValueSpecification\",\"valueRequired\":true,\"valueName\":\"search_term_string\"}}],\"inLanguage\":\"en-US\"}]}<\/script>\n<!-- \/ Yoast SEO plugin. -->","yoast_head_json":{"title":"48 Port Fiber Optic Patch Panel - PT Usaha Trinitas Makmur","robots":{"index":"index","follow":"follow","max-snippet":"max-snippet:-1","max-image-preview":"max-image-preview:large","max-video-preview":"max-video-preview:-1"},"canonical":"https:\/\/www.utrinitas-m.co.id\/product\/48-port-fiber-optic-patch-panel\/","og_locale":"en_US","og_type":"article","og_title":"48 Port Fiber Optic Patch Panel - PT Usaha Trinitas Makmur","og_description":"Panel patch serat optik 48 port berukuran standar industri agar sesuai dengan berbagai jenis kabinet; dapat digunakan untuk koneksi langsungdan koneksi divergen dalam tata letak udara. Panel patch serat 48 port dapat dimuat dengan berbagai jenisadaptor optik opsional.","og_url":"https:\/\/www.utrinitas-m.co.id\/product\/48-port-fiber-optic-patch-panel\/","og_site_name":"PT Usaha Trinitas Makmur","article_publisher":"https:\/\/www.facebook.com\/profile.php?id=61561130462800","article_modified_time":"2025-11-08T23:43:50+00:00","og_image":[{"width":567,"height":283,"url":"https:\/\/www.utrinitas-m.co.id\/wp-content\/uploads\/2024\/11\/48-Port-Fiber-Optic-Patch-Panel.jpg","type":"image\/jpeg"}],"twitter_card":"summary_large_image","schema":{"@context":"https:\/\/schema.org","@graph":[{"@type":"WebPage","@id":"https:\/\/www.utrinitas-m.co.id\/product\/48-port-fiber-optic-patch-panel\/","url":"https:\/\/www.utrinitas-m.co.id\/product\/48-port-fiber-optic-patch-panel\/","name":"48 Port Fiber Optic Patch Panel - PT Usaha Trinitas Makmur","isPartOf":{"@id":"https:\/\/www.utrinitas-m.co.id\/#website"},"primaryImageOfPage":{"@id":"https:\/\/www.utrinitas-m.co.id\/product\/48-port-fiber-optic-patch-panel\/#primaryimage"},"image":{"@id":"https:\/\/www.utrinitas-m.co.id\/product\/48-port-fiber-optic-patch-panel\/#primaryimage"},"thumbnailUrl":"https:\/\/utrinitas-m.co.id\/wp-content\/uploads\/2024\/11\/48-Port-Fiber-Optic-Patch-Panel.jpg","datePublished":"2025-11-07T17:51:28+00:00","dateModified":"2025-11-08T23:43:50+00:00","breadcrumb":{"@id":"https:\/\/www.utrinitas-m.co.id\/product\/48-port-fiber-optic-patch-panel\/#breadcrumb"},"inLanguage":"en-US","potentialAction":[{"@type":"ReadAction","target":["https:\/\/www.utrinitas-m.co.id\/product\/48-port-fiber-optic-patch-panel\/"]}]},{"@type":"ImageObject","inLanguage":"en-US","@id":"https:\/\/www.utrinitas-m.co.id\/product\/48-port-fiber-optic-patch-panel\/#primaryimage","url":"https:\/\/utrinitas-m.co.id\/wp-content\/uploads\/2024\/11\/48-Port-Fiber-Optic-Patch-Panel.jpg","contentUrl":"https:\/\/utrinitas-m.co.id\/wp-content\/uploads\/2024\/11\/48-Port-Fiber-Optic-Patch-Panel.jpg","width":567,"height":283},{"@type":"BreadcrumbList","@id":"https:\/\/www.utrinitas-m.co.id\/product\/48-port-fiber-optic-patch-panel\/#breadcrumb","itemListElement":[{"@type":"ListItem","position":1,"name":"Home","item":"https:\/\/utrinitas-m.co.id\/en\/"},{"@type":"ListItem","position":2,"name":"Shop","item":"https:\/\/www.utrinitas-m.co.id\/shop\/"},{"@type":"ListItem","position":3,"name":"48 Port Fiber Optic Patch Panel"}]},{"@type":"WebSite","@id":"https:\/\/www.utrinitas-m.co.id\/#website","url":"https:\/\/www.utrinitas-m.co.id\/","name":"PT Usaha Trinitas Makmur","description":"PT Usaha Trinitas Makmur READY FOR THE FUTURE OF TELECOMMUNICATIONS","potentialAction":[{"@type":"SearchAction","target":{"@type":"EntryPoint","urlTemplate":"https:\/\/www.utrinitas-m.co.id\/?s={search_term_string}"},"query-input":{"@type":"PropertyValueSpecification","valueRequired":true,"valueName":"search_term_string"}}],"inLanguage":"en-US"}]}},"_links":{"self":[{"href":"https:\/\/utrinitas-m.co.id\/en\/wp-json\/wp\/v2\/product\/4251","targetHints":{"allow":["GET"]}}],"collection":[{"href":"https:\/\/utrinitas-m.co.id\/en\/wp-json\/wp\/v2\/product"}],"about":[{"href":"https:\/\/utrinitas-m.co.id\/en\/wp-json\/wp\/v2\/types\/product"}],"replies":[{"embeddable":true,"href":"https:\/\/utrinitas-m.co.id\/en\/wp-json\/wp\/v2\/comments?post=4251"}],"wp:featuredmedia":[{"embeddable":true,"href":"https:\/\/utrinitas-m.co.id\/en\/wp-json\/wp\/v2\/media\/2303"}],"wp:attachment":[{"href":"https:\/\/utrinitas-m.co.id\/en\/wp-json\/wp\/v2\/media?parent=4251"}],"wp:term":[{"taxonomy":"product_brand","embeddable":true,"href":"https:\/\/utrinitas-m.co.id\/en\/wp-json\/wp\/v2\/product_brand?post=4251"},{"taxonomy":"product_cat","embeddable":true,"href":"https:\/\/utrinitas-m.co.id\/en\/wp-json\/wp\/v2\/product_cat?post=4251"},{"taxonomy":"product_tag","embeddable":true,"href":"https:\/\/utrinitas-m.co.id\/en\/wp-json\/wp\/v2\/product_tag?post=4251"}],"curies":[{"name":"wp","href":"https:\/\/api.w.org\/{rel}","templated":true}]}}