{"id":4268,"date":"2025-11-07T17:51:37","date_gmt":"2025-11-07T17:51:37","guid":{"rendered":"http:\/\/utrinitas-m.co.id\/product\/96-port-fiber-optic-odf\/"},"modified":"2025-11-09T14:11:55","modified_gmt":"2025-11-09T14:11:55","slug":"96-port-fiber-optic-odf","status":"publish","type":"product","link":"https:\/\/utrinitas-m.co.id\/en\/product\/96-port-fiber-optic-odf\/","title":{"rendered":"96 Port Fiber Optic ODF"},"content":{"rendered":"<div class=\"wp-block-gutena-tabs gutena-tabs-block gutena-tabs-block-8f09a8-fd\"><ul class=\"gutena-tabs-tab tab-left\"><li class=\"gutena-tab-title active\" data-tab=\"1\"><div class=\"gutena-tab-title-content icon-top\"><div class=\"gutena-tab-title-text\"><div>Product Features<\/div><\/div><\/div><\/li><li class=\"gutena-tab-title inactive\" data-tab=\"2\"><div class=\"gutena-tab-title-content icon-top\"><div class=\"gutena-tab-title-text\"><div>Product Specification<\/div><\/div><\/div><\/li><\/ul><div class=\"gutena-tabs-content is-layout-flow wp-block-gutena-tabs-is-layout-flow\">\n<div class=\"wp-block-gutena-tab gutena-tab-block gutena-tab-block-b07270-76 active\" data-tab=\"1\">\n<p class=\"translation-block\">\u00c3\u00a2\u00e2\u201a\u00ac\u00c2\u00a2 Expands workspace<br>\n\u00c3\u00a2\u00e2\u201a\u00ac\u00c2\u00a2 Individual distribution panel for efficient work<br>\n\u00c3\u00a2\u00e2\u201a\u00ac\u00c2\u00a2 Steel Plate and Aluminum Alloy<br>\n\u00c3\u00a2\u00e2\u201a\u00ac\u00c2\u00a2 Suitable for installation of SC, FC, ST, and LC adapters<br>\n\u00c3\u00a2\u00e2\u201a\u00ac\u00c2\u00a2 Front and rear covers can be opened, making it very convenient for fiber connections, monitoring, and maintenance<br>\n\u00c3\u00a2\u00e2\u201a\u00ac\u00c2\u00a2 All types and specifications available<\/p>\n<\/div>\n\n\n\n<div class=\"wp-block-gutena-tab gutena-tab-block gutena-tab-block-0549ea-bf inactive\" data-tab=\"2\">\n<figure class=\"wp-block-table\"><table class=\"has-fixed-layout\"><tbody><tr><td>Environment temperature<\/td><td>-25 - 55\u00c3\u201a\u00c2\u00b0C<\/td><\/tr><tr><td>Atmospheric pressure<\/td><td>70~106Kpa<\/td><\/tr><tr><td>Insulation resistance<\/td><td>&gt;2\u00c3\u0192\u00e2\u20ac\u201d104M\u00c3\u017d\u00c2\u00a9\/500VDC<\/td><\/tr><tr><td>Relative humidity<\/td><td>&lt;85%(when the temperature is below 30\u00c3\u201a\u00c2\u00b0C)<\/td><\/tr><\/tbody><\/table><\/figure>\n<\/div>\n<\/div><\/div>","protected":false},"excerpt":{"rendered":"<p class=\"translation-block\">The 96 port fiber optic ODF is used in fiber cable management and organization applications, it has optional pre-installed adapters,\nand types include LC\/SC\/ST\/FC. Fusion splicing and distributing can be operated in the same working panel of the 96 port<\/p>","protected":false},"featured_media":2310,"comment_status":"open","ping_status":"closed","template":"","meta":[],"product_brand":[],"product_cat":[259,243,262],"product_tag":[],"class_list":{"0":"post-4268","1":"product","2":"type-product","3":"status-publish","4":"has-post-thumbnail","6":"product_cat-fiber-management-systems-2","7":"product_cat-fiber-optic-3","8":"product_cat-optical-distribution-frame-2","9":"entry","11":"first","12":"instock","13":"shipping-taxable","14":"product-type-simple"},"yoast_head":"<!-- This site is optimized with the Yoast SEO plugin v26.5 - https:\/\/yoast.com\/wordpress\/plugins\/seo\/ -->\n<title>96 Port Fiber Optic ODF - PT Usaha Trinitas Makmur<\/title>\n<meta name=\"robots\" content=\"index, follow, max-snippet:-1, max-image-preview:large, max-video-preview:-1\" \/>\n<link rel=\"canonical\" href=\"https:\/\/www.utrinitas-m.co.id\/product\/96-port-fiber-optic-odf\/\" \/>\n<meta property=\"og:locale\" content=\"en_US\" \/>\n<meta property=\"og:type\" content=\"article\" \/>\n<meta property=\"og:title\" content=\"96 Port Fiber Optic ODF - PT Usaha Trinitas Makmur\" \/>\n<meta property=\"og:description\" content=\"ODF serat optik 96 port digunakan dalam aplikasi manajemen dan pengaturan kabel serat, memiliki adaptor pra-instal opsional,dan jenisnya meliputi LC\/SC\/ST\/FC. Penyambungan dan pendistribusian fusi dapat dioperasikan di panel kerja yang sama dengan 96 port\" \/>\n<meta property=\"og:url\" content=\"https:\/\/www.utrinitas-m.co.id\/product\/96-port-fiber-optic-odf\/\" \/>\n<meta property=\"og:site_name\" content=\"PT Usaha Trinitas Makmur\" \/>\n<meta property=\"article:publisher\" content=\"https:\/\/www.facebook.com\/profile.php?id=61561130462800\" \/>\n<meta property=\"article:modified_time\" content=\"2025-11-09T14:11:55+00:00\" \/>\n<meta property=\"og:image\" content=\"https:\/\/www.utrinitas-m.co.id\/wp-content\/uploads\/2024\/11\/96-Port-Fiber-Optic-ODF.jpg\" \/>\n\t<meta property=\"og:image:width\" content=\"567\" \/>\n\t<meta property=\"og:image:height\" content=\"283\" \/>\n\t<meta property=\"og:image:type\" content=\"image\/jpeg\" \/>\n<meta name=\"twitter:card\" content=\"summary_large_image\" \/>\n<script type=\"application\/ld+json\" class=\"yoast-schema-graph\">{\"@context\":\"https:\/\/schema.org\",\"@graph\":[{\"@type\":\"WebPage\",\"@id\":\"https:\/\/www.utrinitas-m.co.id\/product\/96-port-fiber-optic-odf\/\",\"url\":\"https:\/\/www.utrinitas-m.co.id\/product\/96-port-fiber-optic-odf\/\",\"name\":\"96 Port Fiber Optic ODF - PT Usaha Trinitas Makmur\",\"isPartOf\":{\"@id\":\"https:\/\/www.utrinitas-m.co.id\/#website\"},\"primaryImageOfPage\":{\"@id\":\"https:\/\/www.utrinitas-m.co.id\/product\/96-port-fiber-optic-odf\/#primaryimage\"},\"image\":{\"@id\":\"https:\/\/www.utrinitas-m.co.id\/product\/96-port-fiber-optic-odf\/#primaryimage\"},\"thumbnailUrl\":\"https:\/\/utrinitas-m.co.id\/wp-content\/uploads\/2024\/11\/96-Port-Fiber-Optic-ODF.jpg\",\"datePublished\":\"2025-11-07T17:51:37+00:00\",\"dateModified\":\"2025-11-09T14:11:55+00:00\",\"breadcrumb\":{\"@id\":\"https:\/\/www.utrinitas-m.co.id\/product\/96-port-fiber-optic-odf\/#breadcrumb\"},\"inLanguage\":\"en-US\",\"potentialAction\":[{\"@type\":\"ReadAction\",\"target\":[\"https:\/\/www.utrinitas-m.co.id\/product\/96-port-fiber-optic-odf\/\"]}]},{\"@type\":\"ImageObject\",\"inLanguage\":\"en-US\",\"@id\":\"https:\/\/www.utrinitas-m.co.id\/product\/96-port-fiber-optic-odf\/#primaryimage\",\"url\":\"https:\/\/utrinitas-m.co.id\/wp-content\/uploads\/2024\/11\/96-Port-Fiber-Optic-ODF.jpg\",\"contentUrl\":\"https:\/\/utrinitas-m.co.id\/wp-content\/uploads\/2024\/11\/96-Port-Fiber-Optic-ODF.jpg\",\"width\":567,\"height\":283},{\"@type\":\"BreadcrumbList\",\"@id\":\"https:\/\/www.utrinitas-m.co.id\/product\/96-port-fiber-optic-odf\/#breadcrumb\",\"itemListElement\":[{\"@type\":\"ListItem\",\"position\":1,\"name\":\"Home\",\"item\":\"https:\/\/utrinitas-m.co.id\/en\/\"},{\"@type\":\"ListItem\",\"position\":2,\"name\":\"Shop\",\"item\":\"https:\/\/www.utrinitas-m.co.id\/shop\/\"},{\"@type\":\"ListItem\",\"position\":3,\"name\":\"96 Port Fiber Optic ODF\"}]},{\"@type\":\"WebSite\",\"@id\":\"https:\/\/www.utrinitas-m.co.id\/#website\",\"url\":\"https:\/\/www.utrinitas-m.co.id\/\",\"name\":\"PT Usaha Trinitas Makmur\",\"description\":\"PT Usaha Trinitas Makmur BERSIAP MENUJU TELEKOMUNIKASI MASA DEPAN\",\"potentialAction\":[{\"@type\":\"SearchAction\",\"target\":{\"@type\":\"EntryPoint\",\"urlTemplate\":\"https:\/\/www.utrinitas-m.co.id\/?s={search_term_string}\"},\"query-input\":{\"@type\":\"PropertyValueSpecification\",\"valueRequired\":true,\"valueName\":\"search_term_string\"}}],\"inLanguage\":\"en-US\"}]}<\/script>\n<!-- \/ Yoast SEO plugin. -->","yoast_head_json":{"title":"96 Port Fiber Optic ODF - PT Usaha Trinitas Makmur","robots":{"index":"index","follow":"follow","max-snippet":"max-snippet:-1","max-image-preview":"max-image-preview:large","max-video-preview":"max-video-preview:-1"},"canonical":"https:\/\/www.utrinitas-m.co.id\/product\/96-port-fiber-optic-odf\/","og_locale":"en_US","og_type":"article","og_title":"96 Port Fiber Optic ODF - PT Usaha Trinitas Makmur","og_description":"ODF serat optik 96 port digunakan dalam aplikasi manajemen dan pengaturan kabel serat, memiliki adaptor pra-instal opsional,dan jenisnya meliputi LC\/SC\/ST\/FC. Penyambungan dan pendistribusian fusi dapat dioperasikan di panel kerja yang sama dengan 96 port","og_url":"https:\/\/www.utrinitas-m.co.id\/product\/96-port-fiber-optic-odf\/","og_site_name":"PT Usaha Trinitas Makmur","article_publisher":"https:\/\/www.facebook.com\/profile.php?id=61561130462800","article_modified_time":"2025-11-09T14:11:55+00:00","og_image":[{"width":567,"height":283,"url":"https:\/\/www.utrinitas-m.co.id\/wp-content\/uploads\/2024\/11\/96-Port-Fiber-Optic-ODF.jpg","type":"image\/jpeg"}],"twitter_card":"summary_large_image","schema":{"@context":"https:\/\/schema.org","@graph":[{"@type":"WebPage","@id":"https:\/\/www.utrinitas-m.co.id\/product\/96-port-fiber-optic-odf\/","url":"https:\/\/www.utrinitas-m.co.id\/product\/96-port-fiber-optic-odf\/","name":"96 Port Fiber Optic ODF - PT Usaha Trinitas Makmur","isPartOf":{"@id":"https:\/\/www.utrinitas-m.co.id\/#website"},"primaryImageOfPage":{"@id":"https:\/\/www.utrinitas-m.co.id\/product\/96-port-fiber-optic-odf\/#primaryimage"},"image":{"@id":"https:\/\/www.utrinitas-m.co.id\/product\/96-port-fiber-optic-odf\/#primaryimage"},"thumbnailUrl":"https:\/\/utrinitas-m.co.id\/wp-content\/uploads\/2024\/11\/96-Port-Fiber-Optic-ODF.jpg","datePublished":"2025-11-07T17:51:37+00:00","dateModified":"2025-11-09T14:11:55+00:00","breadcrumb":{"@id":"https:\/\/www.utrinitas-m.co.id\/product\/96-port-fiber-optic-odf\/#breadcrumb"},"inLanguage":"en-US","potentialAction":[{"@type":"ReadAction","target":["https:\/\/www.utrinitas-m.co.id\/product\/96-port-fiber-optic-odf\/"]}]},{"@type":"ImageObject","inLanguage":"en-US","@id":"https:\/\/www.utrinitas-m.co.id\/product\/96-port-fiber-optic-odf\/#primaryimage","url":"https:\/\/utrinitas-m.co.id\/wp-content\/uploads\/2024\/11\/96-Port-Fiber-Optic-ODF.jpg","contentUrl":"https:\/\/utrinitas-m.co.id\/wp-content\/uploads\/2024\/11\/96-Port-Fiber-Optic-ODF.jpg","width":567,"height":283},{"@type":"BreadcrumbList","@id":"https:\/\/www.utrinitas-m.co.id\/product\/96-port-fiber-optic-odf\/#breadcrumb","itemListElement":[{"@type":"ListItem","position":1,"name":"Home","item":"https:\/\/utrinitas-m.co.id\/en\/"},{"@type":"ListItem","position":2,"name":"Shop","item":"https:\/\/www.utrinitas-m.co.id\/shop\/"},{"@type":"ListItem","position":3,"name":"96 Port Fiber Optic ODF"}]},{"@type":"WebSite","@id":"https:\/\/www.utrinitas-m.co.id\/#website","url":"https:\/\/www.utrinitas-m.co.id\/","name":"PT Usaha Trinitas Makmur","description":"PT Usaha Trinitas Makmur READY FOR THE FUTURE OF TELECOMMUNICATIONS","potentialAction":[{"@type":"SearchAction","target":{"@type":"EntryPoint","urlTemplate":"https:\/\/www.utrinitas-m.co.id\/?s={search_term_string}"},"query-input":{"@type":"PropertyValueSpecification","valueRequired":true,"valueName":"search_term_string"}}],"inLanguage":"en-US"}]}},"_links":{"self":[{"href":"https:\/\/utrinitas-m.co.id\/en\/wp-json\/wp\/v2\/product\/4268","targetHints":{"allow":["GET"]}}],"collection":[{"href":"https:\/\/utrinitas-m.co.id\/en\/wp-json\/wp\/v2\/product"}],"about":[{"href":"https:\/\/utrinitas-m.co.id\/en\/wp-json\/wp\/v2\/types\/product"}],"replies":[{"embeddable":true,"href":"https:\/\/utrinitas-m.co.id\/en\/wp-json\/wp\/v2\/comments?post=4268"}],"wp:featuredmedia":[{"embeddable":true,"href":"https:\/\/utrinitas-m.co.id\/en\/wp-json\/wp\/v2\/media\/2310"}],"wp:attachment":[{"href":"https:\/\/utrinitas-m.co.id\/en\/wp-json\/wp\/v2\/media?parent=4268"}],"wp:term":[{"taxonomy":"product_brand","embeddable":true,"href":"https:\/\/utrinitas-m.co.id\/en\/wp-json\/wp\/v2\/product_brand?post=4268"},{"taxonomy":"product_cat","embeddable":true,"href":"https:\/\/utrinitas-m.co.id\/en\/wp-json\/wp\/v2\/product_cat?post=4268"},{"taxonomy":"product_tag","embeddable":true,"href":"https:\/\/utrinitas-m.co.id\/en\/wp-json\/wp\/v2\/product_tag?post=4268"}],"curies":[{"name":"wp","href":"https:\/\/api.w.org\/{rel}","templated":true}]}}