{"id":4272,"date":"2025-11-07T17:51:49","date_gmt":"2025-11-07T17:51:49","guid":{"rendered":"http:\/\/utrinitas-m.co.id\/product\/adss-96core\/"},"modified":"2025-11-14T23:13:24","modified_gmt":"2025-11-14T16:13:24","slug":"adss-96core","status":"publish","type":"product","link":"https:\/\/utrinitas-m.co.id\/en\/product\/adss-96core\/","title":{"rendered":"ADSS 96Core"},"content":{"rendered":"<div class=\"wp-block-gutena-tabs gutena-tabs-block gutena-tabs-block-ec5fe0-29\"><ul class=\"gutena-tabs-tab tab-left\"><li class=\"gutena-tab-title active\" data-tab=\"1\"><div class=\"gutena-tab-title-content icon-top\"><div class=\"gutena-tab-title-text\"><div>Product Features<\/div><\/div><\/div><\/li><li class=\"gutena-tab-title inactive\" data-tab=\"2\"><div class=\"gutena-tab-title-content icon-top\"><div class=\"gutena-tab-title-text\"><div>Product Specification<\/div><\/div><\/div><\/li><\/ul><div class=\"gutena-tabs-content is-layout-flow wp-block-gutena-tabs-is-layout-flow\">\n<div class=\"wp-block-gutena-tab gutena-tab-block gutena-tab-block-643c11-2c active\" data-tab=\"1\">\n<p style=\"margin-top:0;margin-bottom:0\" class=\"translation-block\">\u00c3\u00a2\u00e2\u201a\u00ac\u00c2\u00a2 Can be installed without shutting down power.<br>\u00c3\u00a2\u00e2\u201a\u00ac\u00c2\u00a2 Excellent performance. Maximum inductive voltage at the jacket operating point can reach 25kV.<br>\u00c3\u00a2\u00e2\u201a\u00ac\u00c2\u00a2 Lightweight and small diameter reduce the load caused by ice and wind, as well as the load on towers and back supports.<br>\u00c3\u00a2\u00e2\u201a\u00ac\u00c2\u00a2 Large span length, with the largest span exceeding 200m.<br>\u00c3\u00a2\u00e2\u201a\u00ac\u00c2\u00a2 Good performance in tensile strength and temperature.<\/p>\n\n\n\n<p style=\"margin-top:0;margin-bottom:0\"><\/p>\n<\/div>\n\n\n\n<div class=\"wp-block-gutena-tab gutena-tab-block gutena-tab-block-a75c05-ca inactive\" data-tab=\"2\">\n<figure class=\"wp-block-table\"><table class=\"has-fixed-layout\"><tbody><tr><td>Max. load under installation<\/td><td>KN&nbsp;\u00c3\u00a2\u00e2\u20ac\u00b0\u00c2\u00a48,6<\/td><\/tr><tr><td>Max. load under operation<\/td><td>Nomor&nbsp;\u00c3\u00a2\u00e2\u20ac\u00b0\u00c2\u00a44,2<\/td><\/tr><tr><td>Crush (Long Term)<\/td><td>N\/10cm&nbsp;500<\/td><\/tr><tr><td>Crush (Short Term)<\/td><td>N\/10cm&nbsp;2000<\/td><\/tr><tr><td>Min. Bend Radius(Dynamic)<\/td><td>mm20D&nbsp;\u00c3\u00a2\u00e2\u201a\u00ac\u00e2\u20ac\u00b9<\/td><\/tr><tr><td>Min. Bend Radius(Static)<\/td><td>mm10D&nbsp;\u00c3\u00a2\u00e2\u201a\u00ac\u00e2\u20ac\u00b9<\/td><\/tr><tr><td>Installation Temperature<\/td><td>Suhu:&nbsp;-20~+60<\/td><\/tr><tr><td>Operating Temperature<\/td><td>Suhu:&nbsp;-40~+70<\/td><\/tr><tr><td>Storage Temperature<\/td><td>Suhu:&nbsp;-40~+70<\/td><\/tr><\/tbody><\/table><\/figure>\n<\/div>\n<\/div><\/div>\n\n\n\n<p><\/p>","protected":false},"excerpt":{"rendered":"<p>ADSS cable is a cable that is twisted into a loose tube. The fibers, 250\u00c3\u017d\u00c2\u00bcm, are positioned inside the loose tube made of high-modulus plastic. The tube is filled with a water-blocking compound. The tube (and filler) is twisted around an FRP (Fiber Reinforced Plastic) as a non-metallic central strength member into a compact and circular core. After the core is filled with the filler compound, the cable is covered with a thin PE inner sheath. An Aramid yarn layer is then applied over the inner sheath as a strength member, and the cable is finished with an outer PE sheath (anti-tracking).<\/p>","protected":false},"featured_media":2132,"comment_status":"open","ping_status":"closed","template":"","meta":[],"product_brand":[],"product_cat":[250,243,251],"product_tag":[],"class_list":{"0":"post-4272","1":"product","2":"type-product","3":"status-publish","4":"has-post-thumbnail","6":"product_cat-fiber-cable-2","7":"product_cat-fiber-optic-3","8":"product_cat-fiber-optic-cable-2","9":"entry","11":"first","12":"instock","13":"shipping-taxable","14":"product-type-simple"},"yoast_head":"<!-- This site is optimized with the Yoast SEO plugin v26.5 - https:\/\/yoast.com\/wordpress\/plugins\/seo\/ -->\n<title>ADSS 96Core - PT Usaha Trinitas Makmur<\/title>\n<meta name=\"robots\" content=\"index, follow, max-snippet:-1, max-image-preview:large, max-video-preview:-1\" \/>\n<link rel=\"canonical\" href=\"https:\/\/www.utrinitas-m.co.id\/en\/product\/adss-96core\/\" \/>\n<meta property=\"og:locale\" content=\"en_US\" \/>\n<meta property=\"og:type\" content=\"article\" \/>\n<meta property=\"og:title\" content=\"ADSS 96Core - PT Usaha Trinitas Makmur\" \/>\n<meta property=\"og:description\" content=\"Kabel ADSS adalah kabel yang dipilin menjadi tabung longgar. Serat, 250\u00c3\u017d\u00c2\u00bcm, diposisikan ke dalam tabung longgar yang terbuat dari plastik modulus tinggi. Tabung diisi dengan senyawa pengisi kedap air. Tabung (dan pengisi) dipilin di sekitar FRP (Fiber Reinforced Plastic) sebagai anggota kekuatan pusat non-logam ke dalam inti kabel yang kompak dan melingkar. Setelah inti kabel diisi dengan senyawa pengisi, kabel ditutup dengan selubung dalam PE tipis. Setelah lapisan benang Aramid yang dipilin diaplikasikan di atas selubung dalam sebagai anggota kekuatan, kabel dilengkapi dengan selubung luar PE (anti-pelacakan).\" \/>\n<meta property=\"og:url\" content=\"https:\/\/www.utrinitas-m.co.id\/en\/product\/adss-96core\/\" \/>\n<meta property=\"og:site_name\" content=\"PT Usaha Trinitas Makmur\" \/>\n<meta property=\"article:publisher\" content=\"https:\/\/www.facebook.com\/profile.php?id=61561130462800\" \/>\n<meta property=\"article:modified_time\" content=\"2025-11-14T16:13:24+00:00\" \/>\n<meta property=\"og:image\" content=\"https:\/\/www.utrinitas-m.co.id\/wp-content\/uploads\/2024\/11\/ADSS-48-Core.jpg\" \/>\n\t<meta property=\"og:image:width\" content=\"283\" \/>\n\t<meta property=\"og:image:height\" content=\"340\" \/>\n\t<meta property=\"og:image:type\" content=\"image\/jpeg\" \/>\n<meta name=\"twitter:card\" content=\"summary_large_image\" \/>\n<meta name=\"twitter:label1\" content=\"Est. reading time\" \/>\n\t<meta name=\"twitter:data1\" content=\"1 minute\" \/>\n<script type=\"application\/ld+json\" class=\"yoast-schema-graph\">{\"@context\":\"https:\/\/schema.org\",\"@graph\":[{\"@type\":\"WebPage\",\"@id\":\"https:\/\/www.utrinitas-m.co.id\/en\/product\/adss-96core\/\",\"url\":\"https:\/\/www.utrinitas-m.co.id\/en\/product\/adss-96core\/\",\"name\":\"ADSS 96Core - PT Usaha Trinitas Makmur\",\"isPartOf\":{\"@id\":\"https:\/\/www.utrinitas-m.co.id\/#website\"},\"primaryImageOfPage\":{\"@id\":\"https:\/\/www.utrinitas-m.co.id\/en\/product\/adss-96core\/#primaryimage\"},\"image\":{\"@id\":\"https:\/\/www.utrinitas-m.co.id\/en\/product\/adss-96core\/#primaryimage\"},\"thumbnailUrl\":\"https:\/\/utrinitas-m.co.id\/wp-content\/uploads\/2024\/11\/ADSS-48-Core.jpg\",\"datePublished\":\"2025-11-07T17:51:49+00:00\",\"dateModified\":\"2025-11-14T16:13:24+00:00\",\"breadcrumb\":{\"@id\":\"https:\/\/www.utrinitas-m.co.id\/en\/product\/adss-96core\/#breadcrumb\"},\"inLanguage\":\"en-US\",\"potentialAction\":[{\"@type\":\"ReadAction\",\"target\":[\"https:\/\/www.utrinitas-m.co.id\/en\/product\/adss-96core\/\"]}]},{\"@type\":\"ImageObject\",\"inLanguage\":\"en-US\",\"@id\":\"https:\/\/www.utrinitas-m.co.id\/en\/product\/adss-96core\/#primaryimage\",\"url\":\"https:\/\/utrinitas-m.co.id\/wp-content\/uploads\/2024\/11\/ADSS-48-Core.jpg\",\"contentUrl\":\"https:\/\/utrinitas-m.co.id\/wp-content\/uploads\/2024\/11\/ADSS-48-Core.jpg\",\"width\":283,\"height\":340},{\"@type\":\"BreadcrumbList\",\"@id\":\"https:\/\/www.utrinitas-m.co.id\/en\/product\/adss-96core\/#breadcrumb\",\"itemListElement\":[{\"@type\":\"ListItem\",\"position\":1,\"name\":\"Home\",\"item\":\"https:\/\/utrinitas-m.co.id\/en\/\"},{\"@type\":\"ListItem\",\"position\":2,\"name\":\"Shop\",\"item\":\"https:\/\/www.utrinitas-m.co.id\/shop\/\"},{\"@type\":\"ListItem\",\"position\":3,\"name\":\"ADSS 96Core\"}]},{\"@type\":\"WebSite\",\"@id\":\"https:\/\/www.utrinitas-m.co.id\/#website\",\"url\":\"https:\/\/www.utrinitas-m.co.id\/\",\"name\":\"PT Usaha Trinitas Makmur\",\"description\":\"PT Usaha Trinitas Makmur BERSIAP MENUJU TELEKOMUNIKASI MASA DEPAN\",\"potentialAction\":[{\"@type\":\"SearchAction\",\"target\":{\"@type\":\"EntryPoint\",\"urlTemplate\":\"https:\/\/www.utrinitas-m.co.id\/?s={search_term_string}\"},\"query-input\":{\"@type\":\"PropertyValueSpecification\",\"valueRequired\":true,\"valueName\":\"search_term_string\"}}],\"inLanguage\":\"en-US\"}]}<\/script>\n<!-- \/ Yoast SEO plugin. -->","yoast_head_json":{"title":"ADSS 96Core - PT Usaha Trinitas Makmur","robots":{"index":"index","follow":"follow","max-snippet":"max-snippet:-1","max-image-preview":"max-image-preview:large","max-video-preview":"max-video-preview:-1"},"canonical":"https:\/\/www.utrinitas-m.co.id\/en\/product\/adss-96core\/","og_locale":"en_US","og_type":"article","og_title":"ADSS 96Core - PT Usaha Trinitas Makmur","og_description":"Kabel ADSS adalah kabel yang dipilin menjadi tabung longgar. Serat, 250\u00c3\u017d\u00c2\u00bcm, diposisikan ke dalam tabung longgar yang terbuat dari plastik modulus tinggi. Tabung diisi dengan senyawa pengisi kedap air. Tabung (dan pengisi) dipilin di sekitar FRP (Fiber Reinforced Plastic) sebagai anggota kekuatan pusat non-logam ke dalam inti kabel yang kompak dan melingkar. Setelah inti kabel diisi dengan senyawa pengisi, kabel ditutup dengan selubung dalam PE tipis. Setelah lapisan benang Aramid yang dipilin diaplikasikan di atas selubung dalam sebagai anggota kekuatan, kabel dilengkapi dengan selubung luar PE (anti-pelacakan).","og_url":"https:\/\/www.utrinitas-m.co.id\/en\/product\/adss-96core\/","og_site_name":"PT Usaha Trinitas Makmur","article_publisher":"https:\/\/www.facebook.com\/profile.php?id=61561130462800","article_modified_time":"2025-11-14T16:13:24+00:00","og_image":[{"width":283,"height":340,"url":"https:\/\/www.utrinitas-m.co.id\/wp-content\/uploads\/2024\/11\/ADSS-48-Core.jpg","type":"image\/jpeg"}],"twitter_card":"summary_large_image","twitter_misc":{"Est. reading time":"1 minute"},"schema":{"@context":"https:\/\/schema.org","@graph":[{"@type":"WebPage","@id":"https:\/\/www.utrinitas-m.co.id\/en\/product\/adss-96core\/","url":"https:\/\/www.utrinitas-m.co.id\/en\/product\/adss-96core\/","name":"ADSS 96Core - PT Usaha Trinitas Makmur","isPartOf":{"@id":"https:\/\/www.utrinitas-m.co.id\/#website"},"primaryImageOfPage":{"@id":"https:\/\/www.utrinitas-m.co.id\/en\/product\/adss-96core\/#primaryimage"},"image":{"@id":"https:\/\/www.utrinitas-m.co.id\/en\/product\/adss-96core\/#primaryimage"},"thumbnailUrl":"https:\/\/utrinitas-m.co.id\/wp-content\/uploads\/2024\/11\/ADSS-48-Core.jpg","datePublished":"2025-11-07T17:51:49+00:00","dateModified":"2025-11-14T16:13:24+00:00","breadcrumb":{"@id":"https:\/\/www.utrinitas-m.co.id\/en\/product\/adss-96core\/#breadcrumb"},"inLanguage":"en-US","potentialAction":[{"@type":"ReadAction","target":["https:\/\/www.utrinitas-m.co.id\/en\/product\/adss-96core\/"]}]},{"@type":"ImageObject","inLanguage":"en-US","@id":"https:\/\/www.utrinitas-m.co.id\/en\/product\/adss-96core\/#primaryimage","url":"https:\/\/utrinitas-m.co.id\/wp-content\/uploads\/2024\/11\/ADSS-48-Core.jpg","contentUrl":"https:\/\/utrinitas-m.co.id\/wp-content\/uploads\/2024\/11\/ADSS-48-Core.jpg","width":283,"height":340},{"@type":"BreadcrumbList","@id":"https:\/\/www.utrinitas-m.co.id\/en\/product\/adss-96core\/#breadcrumb","itemListElement":[{"@type":"ListItem","position":1,"name":"Home","item":"https:\/\/utrinitas-m.co.id\/en\/"},{"@type":"ListItem","position":2,"name":"Shop","item":"https:\/\/www.utrinitas-m.co.id\/shop\/"},{"@type":"ListItem","position":3,"name":"ADSS 96Core"}]},{"@type":"WebSite","@id":"https:\/\/www.utrinitas-m.co.id\/#website","url":"https:\/\/www.utrinitas-m.co.id\/","name":"PT Usaha Trinitas Makmur","description":"PT Usaha Trinitas Makmur READY FOR THE FUTURE OF TELECOMMUNICATIONS","potentialAction":[{"@type":"SearchAction","target":{"@type":"EntryPoint","urlTemplate":"https:\/\/www.utrinitas-m.co.id\/?s={search_term_string}"},"query-input":{"@type":"PropertyValueSpecification","valueRequired":true,"valueName":"search_term_string"}}],"inLanguage":"en-US"}]}},"_links":{"self":[{"href":"https:\/\/utrinitas-m.co.id\/en\/wp-json\/wp\/v2\/product\/4272","targetHints":{"allow":["GET"]}}],"collection":[{"href":"https:\/\/utrinitas-m.co.id\/en\/wp-json\/wp\/v2\/product"}],"about":[{"href":"https:\/\/utrinitas-m.co.id\/en\/wp-json\/wp\/v2\/types\/product"}],"replies":[{"embeddable":true,"href":"https:\/\/utrinitas-m.co.id\/en\/wp-json\/wp\/v2\/comments?post=4272"}],"wp:featuredmedia":[{"embeddable":true,"href":"https:\/\/utrinitas-m.co.id\/en\/wp-json\/wp\/v2\/media\/2132"}],"wp:attachment":[{"href":"https:\/\/utrinitas-m.co.id\/en\/wp-json\/wp\/v2\/media?parent=4272"}],"wp:term":[{"taxonomy":"product_brand","embeddable":true,"href":"https:\/\/utrinitas-m.co.id\/en\/wp-json\/wp\/v2\/product_brand?post=4272"},{"taxonomy":"product_cat","embeddable":true,"href":"https:\/\/utrinitas-m.co.id\/en\/wp-json\/wp\/v2\/product_cat?post=4272"},{"taxonomy":"product_tag","embeddable":true,"href":"https:\/\/utrinitas-m.co.id\/en\/wp-json\/wp\/v2\/product_tag?post=4272"}],"curies":[{"name":"wp","href":"https:\/\/api.w.org\/{rel}","templated":true}]}}