{"id":4297,"date":"2025-11-07T17:52:01","date_gmt":"2025-11-07T17:52:01","guid":{"rendered":"http:\/\/utrinitas-m.co.id\/product\/drop-cable-fiber-stripper\/"},"modified":"2025-11-09T14:54:17","modified_gmt":"2025-11-09T14:54:17","slug":"drop-cable-fiber-stripper","status":"publish","type":"product","link":"https:\/\/utrinitas-m.co.id\/en\/product\/drop-cable-fiber-stripper\/","title":{"rendered":"Drop Cable Fiber Stripper"},"content":{"rendered":"<div class=\"wp-block-gutena-tabs gutena-tabs-block gutena-tabs-block-8f09a8-fd\"><ul class=\"gutena-tabs-tab tab-left\"><li class=\"gutena-tab-title active\" data-tab=\"1\"><div class=\"gutena-tab-title-content icon-top\"><div class=\"gutena-tab-title-text\"><div>Product Features<\/div><\/div><\/div><\/li><li class=\"gutena-tab-title inactive\" data-tab=\"2\"><div class=\"gutena-tab-title-content icon-top\"><div class=\"gutena-tab-title-text\"><div>Product Specification<\/div><\/div><\/div><\/li><\/ul><div class=\"gutena-tabs-content is-layout-flow wp-block-gutena-tabs-is-layout-flow\">\n<div class=\"wp-block-gutena-tab gutena-tab-block gutena-tab-block-b07270-76 active\" data-tab=\"1\">\n<ul class=\"wp-block-list\">\n<li>Optimum precision for singlemode  fiber<\/li>\n\n\n\n<li>Adjustable to strip 6 Wire Stripper diameters<\/li>\n\n\n\n<li>Specially hardened blades for a long life<\/li>\n\n\n\n<li>Adjustment dial to quickly switch between 6 wire diameters \u00c3\u00a2\u00e2\u201a\u00ac\u00e2\u20ac\u0153 0.3, 0.4, 0.5, 0.6 0.8 and 1.0mm<\/li>\n<\/ul>\n<\/div>\n\n\n\n<div class=\"wp-block-gutena-tab gutena-tab-block gutena-tab-block-0549ea-bf inactive\" data-tab=\"2\">\n<figure class=\"wp-block-table\"><table class=\"has-fixed-layout\"><tbody><tr><td>Blade Material<\/td><td>Hardened Steel<\/td><\/tr><tr><td>Application<\/td><td>Stripping Fiber Optic Cable, Stripping of PVC, Te on &amp; Similar Coated Wire<\/td><\/tr><tr><td>Handle Material<\/td><td>Thermoplastic<\/td><\/tr><tr><td>Strip Length A<\/td><td>180\u00c3\u017d\u00c2\u00bc<\/td><\/tr><tr><td>Strip Length B<\/td><td>300\u00c3\u017d\u00c2\u00bc<\/td><\/tr><tr><td>Stripping Capacity<\/td><td>0.18 mm<\/td><\/tr><\/tbody><\/table><\/figure>\n<\/div>\n<\/div><\/div>","protected":false},"excerpt":{"rendered":"<div class=\"shortdesc\">\n<div class=\"shortdesc\">\n<p><span>Drop cable fiber stripper are needed to remove the buffer or coating from a fiber. The first digit in the description stands for the diameter of the closed cutting blades, e.g. the optical cladding has to be smaller than this digit. The second number is the diameter of the front bore hole, e.g. the buffer diameter must be smaller than this number.<\/span><\/p>\n<\/div>\n<table class=\"sku-table\">\n<tbody>\n<tr>\n<td><span>SKU:<\/span><\/td>\n<td class=\"sku-value\"><span>PMT04001000004<\/span><\/td>\n<\/tr>\n<\/tbody>\n<\/table>\n<\/div>","protected":false},"featured_media":2589,"comment_status":"open","ping_status":"closed","template":"","meta":[],"product_brand":[],"product_cat":[279,278],"product_tag":[],"class_list":{"0":"post-4297","1":"product","2":"type-product","3":"status-publish","4":"has-post-thumbnail","6":"product_cat-fiber-optic-tools-2","7":"product_cat-tools-and-consumables-2","8":"entry","10":"first","11":"instock","12":"shipping-taxable","13":"product-type-simple"},"yoast_head":"<!-- This site is optimized with the Yoast SEO plugin v26.5 - https:\/\/yoast.com\/wordpress\/plugins\/seo\/ -->\n<title>Drop Cable Fiber Stripper - PT Usaha Trinitas Makmur<\/title>\n<meta name=\"robots\" content=\"index, follow, max-snippet:-1, max-image-preview:large, max-video-preview:-1\" \/>\n<link rel=\"canonical\" href=\"https:\/\/www.utrinitas-m.co.id\/en\/product\/drop-cable-fiber-stripper\/\" \/>\n<meta property=\"og:locale\" content=\"en_US\" \/>\n<meta property=\"og:type\" content=\"article\" \/>\n<meta property=\"og:title\" content=\"Drop Cable Fiber Stripper - PT Usaha Trinitas Makmur\" \/>\n<meta property=\"og:description\" content=\"Pengupas serat kabel diperlukan untuk menghilangkan penyangga atau lapisan dari serat. Angka pertama dalam deskripsi menunjukkan diameter bilah pemotong tertutup, misalnya pelapis optik harus lebih kecil dari angka ini. Angka kedua adalah diameter lubang bor depan, misalnya diameter penyangga harus lebih kecil dari angka ini.     SKU: PMT04001000004\" \/>\n<meta property=\"og:url\" content=\"https:\/\/www.utrinitas-m.co.id\/en\/product\/drop-cable-fiber-stripper\/\" \/>\n<meta property=\"og:site_name\" content=\"PT Usaha Trinitas Makmur\" \/>\n<meta property=\"article:publisher\" content=\"https:\/\/www.facebook.com\/profile.php?id=61561130462800\" \/>\n<meta property=\"article:modified_time\" content=\"2025-11-09T14:54:17+00:00\" \/>\n<meta property=\"og:image\" content=\"https:\/\/www.utrinitas-m.co.id\/wp-content\/uploads\/2024\/11\/DROP-CABLE-FIBER-STRIPPER.jpg\" \/>\n\t<meta property=\"og:image:width\" content=\"1181\" \/>\n\t<meta property=\"og:image:height\" content=\"1181\" \/>\n\t<meta property=\"og:image:type\" content=\"image\/jpeg\" \/>\n<meta name=\"twitter:card\" content=\"summary_large_image\" \/>\n<script type=\"application\/ld+json\" class=\"yoast-schema-graph\">{\"@context\":\"https:\/\/schema.org\",\"@graph\":[{\"@type\":\"WebPage\",\"@id\":\"https:\/\/www.utrinitas-m.co.id\/en\/product\/drop-cable-fiber-stripper\/\",\"url\":\"https:\/\/www.utrinitas-m.co.id\/en\/product\/drop-cable-fiber-stripper\/\",\"name\":\"Drop Cable Fiber Stripper - PT Usaha Trinitas Makmur\",\"isPartOf\":{\"@id\":\"https:\/\/www.utrinitas-m.co.id\/#website\"},\"primaryImageOfPage\":{\"@id\":\"https:\/\/www.utrinitas-m.co.id\/en\/product\/drop-cable-fiber-stripper\/#primaryimage\"},\"image\":{\"@id\":\"https:\/\/www.utrinitas-m.co.id\/en\/product\/drop-cable-fiber-stripper\/#primaryimage\"},\"thumbnailUrl\":\"https:\/\/utrinitas-m.co.id\/wp-content\/uploads\/2024\/11\/DROP-CABLE-FIBER-STRIPPER.jpg\",\"datePublished\":\"2025-11-07T17:52:01+00:00\",\"dateModified\":\"2025-11-09T14:54:17+00:00\",\"breadcrumb\":{\"@id\":\"https:\/\/www.utrinitas-m.co.id\/en\/product\/drop-cable-fiber-stripper\/#breadcrumb\"},\"inLanguage\":\"en-US\",\"potentialAction\":[{\"@type\":\"ReadAction\",\"target\":[\"https:\/\/www.utrinitas-m.co.id\/en\/product\/drop-cable-fiber-stripper\/\"]}]},{\"@type\":\"ImageObject\",\"inLanguage\":\"en-US\",\"@id\":\"https:\/\/www.utrinitas-m.co.id\/en\/product\/drop-cable-fiber-stripper\/#primaryimage\",\"url\":\"https:\/\/utrinitas-m.co.id\/wp-content\/uploads\/2024\/11\/DROP-CABLE-FIBER-STRIPPER.jpg\",\"contentUrl\":\"https:\/\/utrinitas-m.co.id\/wp-content\/uploads\/2024\/11\/DROP-CABLE-FIBER-STRIPPER.jpg\",\"width\":1181,\"height\":1181},{\"@type\":\"BreadcrumbList\",\"@id\":\"https:\/\/www.utrinitas-m.co.id\/en\/product\/drop-cable-fiber-stripper\/#breadcrumb\",\"itemListElement\":[{\"@type\":\"ListItem\",\"position\":1,\"name\":\"Home\",\"item\":\"https:\/\/utrinitas-m.co.id\/en\/\"},{\"@type\":\"ListItem\",\"position\":2,\"name\":\"Shop\",\"item\":\"https:\/\/www.utrinitas-m.co.id\/shop\/\"},{\"@type\":\"ListItem\",\"position\":3,\"name\":\"Drop Cable Fiber Stripper\"}]},{\"@type\":\"WebSite\",\"@id\":\"https:\/\/www.utrinitas-m.co.id\/#website\",\"url\":\"https:\/\/www.utrinitas-m.co.id\/\",\"name\":\"PT Usaha Trinitas Makmur\",\"description\":\"PT Usaha Trinitas Makmur BERSIAP MENUJU TELEKOMUNIKASI MASA DEPAN\",\"potentialAction\":[{\"@type\":\"SearchAction\",\"target\":{\"@type\":\"EntryPoint\",\"urlTemplate\":\"https:\/\/www.utrinitas-m.co.id\/?s={search_term_string}\"},\"query-input\":{\"@type\":\"PropertyValueSpecification\",\"valueRequired\":true,\"valueName\":\"search_term_string\"}}],\"inLanguage\":\"en-US\"}]}<\/script>\n<!-- \/ Yoast SEO plugin. -->","yoast_head_json":{"title":"Drop Cable Fiber Stripper - PT Usaha Trinitas Makmur","robots":{"index":"index","follow":"follow","max-snippet":"max-snippet:-1","max-image-preview":"max-image-preview:large","max-video-preview":"max-video-preview:-1"},"canonical":"https:\/\/www.utrinitas-m.co.id\/en\/product\/drop-cable-fiber-stripper\/","og_locale":"en_US","og_type":"article","og_title":"Drop Cable Fiber Stripper - PT Usaha Trinitas Makmur","og_description":"Pengupas serat kabel diperlukan untuk menghilangkan penyangga atau lapisan dari serat. Angka pertama dalam deskripsi menunjukkan diameter bilah pemotong tertutup, misalnya pelapis optik harus lebih kecil dari angka ini. Angka kedua adalah diameter lubang bor depan, misalnya diameter penyangga harus lebih kecil dari angka ini.     SKU: PMT04001000004","og_url":"https:\/\/www.utrinitas-m.co.id\/en\/product\/drop-cable-fiber-stripper\/","og_site_name":"PT Usaha Trinitas Makmur","article_publisher":"https:\/\/www.facebook.com\/profile.php?id=61561130462800","article_modified_time":"2025-11-09T14:54:17+00:00","og_image":[{"width":1181,"height":1181,"url":"https:\/\/www.utrinitas-m.co.id\/wp-content\/uploads\/2024\/11\/DROP-CABLE-FIBER-STRIPPER.jpg","type":"image\/jpeg"}],"twitter_card":"summary_large_image","schema":{"@context":"https:\/\/schema.org","@graph":[{"@type":"WebPage","@id":"https:\/\/www.utrinitas-m.co.id\/en\/product\/drop-cable-fiber-stripper\/","url":"https:\/\/www.utrinitas-m.co.id\/en\/product\/drop-cable-fiber-stripper\/","name":"Drop Cable Fiber Stripper - PT Usaha Trinitas Makmur","isPartOf":{"@id":"https:\/\/www.utrinitas-m.co.id\/#website"},"primaryImageOfPage":{"@id":"https:\/\/www.utrinitas-m.co.id\/en\/product\/drop-cable-fiber-stripper\/#primaryimage"},"image":{"@id":"https:\/\/www.utrinitas-m.co.id\/en\/product\/drop-cable-fiber-stripper\/#primaryimage"},"thumbnailUrl":"https:\/\/utrinitas-m.co.id\/wp-content\/uploads\/2024\/11\/DROP-CABLE-FIBER-STRIPPER.jpg","datePublished":"2025-11-07T17:52:01+00:00","dateModified":"2025-11-09T14:54:17+00:00","breadcrumb":{"@id":"https:\/\/www.utrinitas-m.co.id\/en\/product\/drop-cable-fiber-stripper\/#breadcrumb"},"inLanguage":"en-US","potentialAction":[{"@type":"ReadAction","target":["https:\/\/www.utrinitas-m.co.id\/en\/product\/drop-cable-fiber-stripper\/"]}]},{"@type":"ImageObject","inLanguage":"en-US","@id":"https:\/\/www.utrinitas-m.co.id\/en\/product\/drop-cable-fiber-stripper\/#primaryimage","url":"https:\/\/utrinitas-m.co.id\/wp-content\/uploads\/2024\/11\/DROP-CABLE-FIBER-STRIPPER.jpg","contentUrl":"https:\/\/utrinitas-m.co.id\/wp-content\/uploads\/2024\/11\/DROP-CABLE-FIBER-STRIPPER.jpg","width":1181,"height":1181},{"@type":"BreadcrumbList","@id":"https:\/\/www.utrinitas-m.co.id\/en\/product\/drop-cable-fiber-stripper\/#breadcrumb","itemListElement":[{"@type":"ListItem","position":1,"name":"Home","item":"https:\/\/utrinitas-m.co.id\/en\/"},{"@type":"ListItem","position":2,"name":"Shop","item":"https:\/\/www.utrinitas-m.co.id\/shop\/"},{"@type":"ListItem","position":3,"name":"Drop Cable Fiber Stripper"}]},{"@type":"WebSite","@id":"https:\/\/www.utrinitas-m.co.id\/#website","url":"https:\/\/www.utrinitas-m.co.id\/","name":"PT Usaha Trinitas Makmur","description":"PT Usaha Trinitas Makmur READY FOR THE FUTURE OF TELECOMMUNICATIONS","potentialAction":[{"@type":"SearchAction","target":{"@type":"EntryPoint","urlTemplate":"https:\/\/www.utrinitas-m.co.id\/?s={search_term_string}"},"query-input":{"@type":"PropertyValueSpecification","valueRequired":true,"valueName":"search_term_string"}}],"inLanguage":"en-US"}]}},"_links":{"self":[{"href":"https:\/\/utrinitas-m.co.id\/en\/wp-json\/wp\/v2\/product\/4297","targetHints":{"allow":["GET"]}}],"collection":[{"href":"https:\/\/utrinitas-m.co.id\/en\/wp-json\/wp\/v2\/product"}],"about":[{"href":"https:\/\/utrinitas-m.co.id\/en\/wp-json\/wp\/v2\/types\/product"}],"replies":[{"embeddable":true,"href":"https:\/\/utrinitas-m.co.id\/en\/wp-json\/wp\/v2\/comments?post=4297"}],"wp:featuredmedia":[{"embeddable":true,"href":"https:\/\/utrinitas-m.co.id\/en\/wp-json\/wp\/v2\/media\/2589"}],"wp:attachment":[{"href":"https:\/\/utrinitas-m.co.id\/en\/wp-json\/wp\/v2\/media?parent=4297"}],"wp:term":[{"taxonomy":"product_brand","embeddable":true,"href":"https:\/\/utrinitas-m.co.id\/en\/wp-json\/wp\/v2\/product_brand?post=4297"},{"taxonomy":"product_cat","embeddable":true,"href":"https:\/\/utrinitas-m.co.id\/en\/wp-json\/wp\/v2\/product_cat?post=4297"},{"taxonomy":"product_tag","embeddable":true,"href":"https:\/\/utrinitas-m.co.id\/en\/wp-json\/wp\/v2\/product_tag?post=4297"}],"curies":[{"name":"wp","href":"https:\/\/api.w.org\/{rel}","templated":true}]}}