{"id":4325,"date":"2025-11-07T17:52:21","date_gmt":"2025-11-07T17:52:21","guid":{"rendered":"http:\/\/utrinitas-m.co.id\/product\/fiber-optic-isolator\/"},"modified":"2025-11-07T19:04:09","modified_gmt":"2025-11-07T19:04:09","slug":"fiber-optic-isolator","status":"publish","type":"product","link":"https:\/\/utrinitas-m.co.id\/en\/product\/fiber-optic-isolator\/","title":{"rendered":"Fiber Optic Isolator"},"content":{"rendered":"<div class=\"wp-block-gutena-tabs gutena-tabs-block gutena-tabs-block-ec5fe0-29\"><ul class=\"gutena-tabs-tab tab-left\"><li class=\"gutena-tab-title active\" data-tab=\"1\"><div class=\"gutena-tab-title-content icon-top\"><div class=\"gutena-tab-title-text\"><div>Product Features<\/div><\/div><\/div><\/li><li class=\"gutena-tab-title inactive\" data-tab=\"2\"><div class=\"gutena-tab-title-content icon-top\"><div class=\"gutena-tab-title-text\"><div>Product Specification<\/div><\/div><\/div><\/li><\/ul><div class=\"gutena-tabs-content is-layout-flow wp-block-gutena-tabs-is-layout-flow\">\n<div class=\"wp-block-gutena-tab gutena-tab-block gutena-tab-block-643c11-2c active\" data-tab=\"1\">\n<p style=\"margin-top:0;margin-bottom:0\" class=\"translation-block\">\u00c3\u00a2\u00e2\u201a\u00ac\u00c2\u00a2 High Isolation<br>\u00c3\u00a2\u00e2\u201a\u00ac\u00c2\u00a2 Low Insertion Loss<br>\u00c3\u00a2\u00e2\u201a\u00ac\u00c2\u00a2 Very Low PDL &amp; PMD<br>\u00c3\u00a2\u00e2\u201a\u00ac\u00c2\u00a2 Epoxy-Free Optical Path<br>\u00c3\u00a2\u00e2\u201a\u00ac\u00c2\u00a2 Low Polarization Sensitivity<\/p>\n\n\n\n<p style=\"margin-top:0;margin-bottom:0\"><\/p>\n\n\n\n<p style=\"margin-top:0;margin-bottom:0\"><\/p>\n\n\n\n<p style=\"margin-top:0;margin-bottom:0\"><\/p>\n<\/div>\n\n\n\n<div class=\"wp-block-gutena-tab gutena-tab-block gutena-tab-block-a75c05-ca inactive\" data-tab=\"2\">\n<figure class=\"wp-block-table\"><table class=\"has-fixed-layout\"><tbody><tr><td>Operational Wavelength \u00c3\u017d\u00c2\u00bbc (nm)<\/td><td>1310,1550,1480 or 1585<\/td><\/tr><tr><td>Bandwidth (nm)<\/td><td>\u00c3\u201a\u00c2\u00b115<\/td><\/tr><tr><td>Operating Temperature (\u00c3\u201a\u00c2\u00b0C)<\/td><td>-20 to + 70<\/td><\/tr><tr><td>Suhu penyimpanan (\u00c3\u201a\u00c2\u00b0c)<\/td><td>-40 to +85<\/td><\/tr><tr><td>Fiber Length (min.)<\/td><td>1 meter<\/td><\/tr><\/tbody><\/table><\/figure>\n<\/div>\n<\/div><\/div>","protected":false},"excerpt":{"rendered":"<p class=\"translation-block\">Here is the translation of the text from Indonesian to English:\n\n\"The high-power isolator series includes in-line types, beam expansion isolators, fiber-in and fiber-out free-space isolators, and free-space isolators, etc. The 1310\/1480\/1550nm High Power Polarization Maintaining Isolator is one of the in-line type isolators. This isolator is characterized by low insertion loss, high isolation, high power handling, high return loss, excellent environmental stability, and reliability. This isolator is ideal for fiber laser and instrumentation applications.\"<\/p>","protected":false},"featured_media":2140,"comment_status":"open","ping_status":"closed","template":"","meta":[],"product_brand":[],"product_cat":[245,244,243],"product_tag":[],"class_list":{"0":"post-4325","1":"product","2":"type-product","3":"status-publish","4":"has-post-thumbnail","6":"product_cat-cables-assemblies-2","7":"product_cat-fiber-assemblies-2","8":"product_cat-fiber-optic-3","9":"entry","11":"first","12":"instock","13":"shipping-taxable","14":"product-type-simple"},"yoast_head":"<!-- This site is optimized with the Yoast SEO plugin v26.5 - https:\/\/yoast.com\/wordpress\/plugins\/seo\/ -->\n<title>Fiber Optic Isolator - PT Usaha Trinitas Makmur<\/title>\n<meta name=\"robots\" content=\"index, follow, max-snippet:-1, max-image-preview:large, max-video-preview:-1\" \/>\n<link rel=\"canonical\" href=\"https:\/\/www.utrinitas-m.co.id\/en\/product\/fiber-optic-isolator\/\" \/>\n<meta property=\"og:locale\" content=\"en_US\" \/>\n<meta property=\"og:type\" content=\"article\" \/>\n<meta property=\"og:title\" content=\"Fiber Optic Isolator - PT Usaha Trinitas Makmur\" \/>\n<meta property=\"og:description\" content=\"Seri isolator daya tinggi mencakup tipe in-line, isolator perluasan berkas, isolator serat masuk dan keluar ruang bebas, danisolator ruang bebas, dll. Isolator Pemeliharaan Polarisasi Daya Tinggi 1310\/1480\/1550nm adalah salah satu isolator tipe in-line. Isolator ini dicirikandengan kehilangan penyisipan rendah, isolasi tinggi, penanganan daya tinggi, kehilangan balik tinggi, stabilitas lingkungan dankeandalan yang sangat baik. Isolator ini ideal untuk aplikasi laser serat dan instrumentasi.\" \/>\n<meta property=\"og:url\" content=\"https:\/\/www.utrinitas-m.co.id\/en\/product\/fiber-optic-isolator\/\" \/>\n<meta property=\"og:site_name\" content=\"PT Usaha Trinitas Makmur\" \/>\n<meta property=\"article:publisher\" content=\"https:\/\/www.facebook.com\/profile.php?id=61561130462800\" \/>\n<meta property=\"article:modified_time\" content=\"2025-11-07T19:04:09+00:00\" \/>\n<meta property=\"og:image\" content=\"https:\/\/www.utrinitas-m.co.id\/wp-content\/uploads\/2024\/11\/Fiber-Optic-Isolator-1.jpg\" \/>\n\t<meta property=\"og:image:width\" content=\"567\" \/>\n\t<meta property=\"og:image:height\" content=\"283\" \/>\n\t<meta property=\"og:image:type\" content=\"image\/jpeg\" \/>\n<meta name=\"twitter:card\" content=\"summary_large_image\" \/>\n<script type=\"application\/ld+json\" class=\"yoast-schema-graph\">{\"@context\":\"https:\/\/schema.org\",\"@graph\":[{\"@type\":\"WebPage\",\"@id\":\"https:\/\/www.utrinitas-m.co.id\/en\/product\/fiber-optic-isolator\/\",\"url\":\"https:\/\/www.utrinitas-m.co.id\/en\/product\/fiber-optic-isolator\/\",\"name\":\"Fiber Optic Isolator - PT Usaha Trinitas Makmur\",\"isPartOf\":{\"@id\":\"https:\/\/www.utrinitas-m.co.id\/#website\"},\"primaryImageOfPage\":{\"@id\":\"https:\/\/www.utrinitas-m.co.id\/en\/product\/fiber-optic-isolator\/#primaryimage\"},\"image\":{\"@id\":\"https:\/\/www.utrinitas-m.co.id\/en\/product\/fiber-optic-isolator\/#primaryimage\"},\"thumbnailUrl\":\"https:\/\/utrinitas-m.co.id\/wp-content\/uploads\/2024\/11\/Fiber-Optic-Isolator-1.jpg\",\"datePublished\":\"2025-11-07T17:52:21+00:00\",\"dateModified\":\"2025-11-07T19:04:09+00:00\",\"breadcrumb\":{\"@id\":\"https:\/\/www.utrinitas-m.co.id\/en\/product\/fiber-optic-isolator\/#breadcrumb\"},\"inLanguage\":\"en-US\",\"potentialAction\":[{\"@type\":\"ReadAction\",\"target\":[\"https:\/\/www.utrinitas-m.co.id\/en\/product\/fiber-optic-isolator\/\"]}]},{\"@type\":\"ImageObject\",\"inLanguage\":\"en-US\",\"@id\":\"https:\/\/www.utrinitas-m.co.id\/en\/product\/fiber-optic-isolator\/#primaryimage\",\"url\":\"https:\/\/utrinitas-m.co.id\/wp-content\/uploads\/2024\/11\/Fiber-Optic-Isolator-1.jpg\",\"contentUrl\":\"https:\/\/utrinitas-m.co.id\/wp-content\/uploads\/2024\/11\/Fiber-Optic-Isolator-1.jpg\",\"width\":567,\"height\":283},{\"@type\":\"BreadcrumbList\",\"@id\":\"https:\/\/www.utrinitas-m.co.id\/en\/product\/fiber-optic-isolator\/#breadcrumb\",\"itemListElement\":[{\"@type\":\"ListItem\",\"position\":1,\"name\":\"Home\",\"item\":\"https:\/\/utrinitas-m.co.id\/en\/\"},{\"@type\":\"ListItem\",\"position\":2,\"name\":\"Shop\",\"item\":\"https:\/\/www.utrinitas-m.co.id\/shop\/\"},{\"@type\":\"ListItem\",\"position\":3,\"name\":\"Fiber Optic Isolator\"}]},{\"@type\":\"WebSite\",\"@id\":\"https:\/\/www.utrinitas-m.co.id\/#website\",\"url\":\"https:\/\/www.utrinitas-m.co.id\/\",\"name\":\"PT Usaha Trinitas Makmur\",\"description\":\"PT Usaha Trinitas Makmur BERSIAP MENUJU TELEKOMUNIKASI MASA DEPAN\",\"potentialAction\":[{\"@type\":\"SearchAction\",\"target\":{\"@type\":\"EntryPoint\",\"urlTemplate\":\"https:\/\/www.utrinitas-m.co.id\/?s={search_term_string}\"},\"query-input\":{\"@type\":\"PropertyValueSpecification\",\"valueRequired\":true,\"valueName\":\"search_term_string\"}}],\"inLanguage\":\"en-US\"}]}<\/script>\n<!-- \/ Yoast SEO plugin. -->","yoast_head_json":{"title":"Fiber Optic Isolator - PT Usaha Trinitas Makmur","robots":{"index":"index","follow":"follow","max-snippet":"max-snippet:-1","max-image-preview":"max-image-preview:large","max-video-preview":"max-video-preview:-1"},"canonical":"https:\/\/www.utrinitas-m.co.id\/en\/product\/fiber-optic-isolator\/","og_locale":"en_US","og_type":"article","og_title":"Fiber Optic Isolator - PT Usaha Trinitas Makmur","og_description":"Seri isolator daya tinggi mencakup tipe in-line, isolator perluasan berkas, isolator serat masuk dan keluar ruang bebas, danisolator ruang bebas, dll. Isolator Pemeliharaan Polarisasi Daya Tinggi 1310\/1480\/1550nm adalah salah satu isolator tipe in-line. Isolator ini dicirikandengan kehilangan penyisipan rendah, isolasi tinggi, penanganan daya tinggi, kehilangan balik tinggi, stabilitas lingkungan dankeandalan yang sangat baik. Isolator ini ideal untuk aplikasi laser serat dan instrumentasi.","og_url":"https:\/\/www.utrinitas-m.co.id\/en\/product\/fiber-optic-isolator\/","og_site_name":"PT Usaha Trinitas Makmur","article_publisher":"https:\/\/www.facebook.com\/profile.php?id=61561130462800","article_modified_time":"2025-11-07T19:04:09+00:00","og_image":[{"width":567,"height":283,"url":"https:\/\/www.utrinitas-m.co.id\/wp-content\/uploads\/2024\/11\/Fiber-Optic-Isolator-1.jpg","type":"image\/jpeg"}],"twitter_card":"summary_large_image","schema":{"@context":"https:\/\/schema.org","@graph":[{"@type":"WebPage","@id":"https:\/\/www.utrinitas-m.co.id\/en\/product\/fiber-optic-isolator\/","url":"https:\/\/www.utrinitas-m.co.id\/en\/product\/fiber-optic-isolator\/","name":"Fiber Optic Isolator - PT Usaha Trinitas Makmur","isPartOf":{"@id":"https:\/\/www.utrinitas-m.co.id\/#website"},"primaryImageOfPage":{"@id":"https:\/\/www.utrinitas-m.co.id\/en\/product\/fiber-optic-isolator\/#primaryimage"},"image":{"@id":"https:\/\/www.utrinitas-m.co.id\/en\/product\/fiber-optic-isolator\/#primaryimage"},"thumbnailUrl":"https:\/\/utrinitas-m.co.id\/wp-content\/uploads\/2024\/11\/Fiber-Optic-Isolator-1.jpg","datePublished":"2025-11-07T17:52:21+00:00","dateModified":"2025-11-07T19:04:09+00:00","breadcrumb":{"@id":"https:\/\/www.utrinitas-m.co.id\/en\/product\/fiber-optic-isolator\/#breadcrumb"},"inLanguage":"en-US","potentialAction":[{"@type":"ReadAction","target":["https:\/\/www.utrinitas-m.co.id\/en\/product\/fiber-optic-isolator\/"]}]},{"@type":"ImageObject","inLanguage":"en-US","@id":"https:\/\/www.utrinitas-m.co.id\/en\/product\/fiber-optic-isolator\/#primaryimage","url":"https:\/\/utrinitas-m.co.id\/wp-content\/uploads\/2024\/11\/Fiber-Optic-Isolator-1.jpg","contentUrl":"https:\/\/utrinitas-m.co.id\/wp-content\/uploads\/2024\/11\/Fiber-Optic-Isolator-1.jpg","width":567,"height":283},{"@type":"BreadcrumbList","@id":"https:\/\/www.utrinitas-m.co.id\/en\/product\/fiber-optic-isolator\/#breadcrumb","itemListElement":[{"@type":"ListItem","position":1,"name":"Home","item":"https:\/\/utrinitas-m.co.id\/en\/"},{"@type":"ListItem","position":2,"name":"Shop","item":"https:\/\/www.utrinitas-m.co.id\/shop\/"},{"@type":"ListItem","position":3,"name":"Fiber Optic Isolator"}]},{"@type":"WebSite","@id":"https:\/\/www.utrinitas-m.co.id\/#website","url":"https:\/\/www.utrinitas-m.co.id\/","name":"PT Usaha Trinitas Makmur","description":"PT Usaha Trinitas Makmur READY FOR THE FUTURE OF TELECOMMUNICATIONS","potentialAction":[{"@type":"SearchAction","target":{"@type":"EntryPoint","urlTemplate":"https:\/\/www.utrinitas-m.co.id\/?s={search_term_string}"},"query-input":{"@type":"PropertyValueSpecification","valueRequired":true,"valueName":"search_term_string"}}],"inLanguage":"en-US"}]}},"_links":{"self":[{"href":"https:\/\/utrinitas-m.co.id\/en\/wp-json\/wp\/v2\/product\/4325","targetHints":{"allow":["GET"]}}],"collection":[{"href":"https:\/\/utrinitas-m.co.id\/en\/wp-json\/wp\/v2\/product"}],"about":[{"href":"https:\/\/utrinitas-m.co.id\/en\/wp-json\/wp\/v2\/types\/product"}],"replies":[{"embeddable":true,"href":"https:\/\/utrinitas-m.co.id\/en\/wp-json\/wp\/v2\/comments?post=4325"}],"wp:featuredmedia":[{"embeddable":true,"href":"https:\/\/utrinitas-m.co.id\/en\/wp-json\/wp\/v2\/media\/2140"}],"wp:attachment":[{"href":"https:\/\/utrinitas-m.co.id\/en\/wp-json\/wp\/v2\/media?parent=4325"}],"wp:term":[{"taxonomy":"product_brand","embeddable":true,"href":"https:\/\/utrinitas-m.co.id\/en\/wp-json\/wp\/v2\/product_brand?post=4325"},{"taxonomy":"product_cat","embeddable":true,"href":"https:\/\/utrinitas-m.co.id\/en\/wp-json\/wp\/v2\/product_cat?post=4325"},{"taxonomy":"product_tag","embeddable":true,"href":"https:\/\/utrinitas-m.co.id\/en\/wp-json\/wp\/v2\/product_tag?post=4325"}],"curies":[{"name":"wp","href":"https:\/\/api.w.org\/{rel}","templated":true}]}}