{"id":4331,"date":"2025-11-07T17:52:24","date_gmt":"2025-11-07T17:52:24","guid":{"rendered":"http:\/\/utrinitas-m.co.id\/product\/fiber-stripper\/"},"modified":"2025-11-09T15:11:17","modified_gmt":"2025-11-09T15:11:17","slug":"fiber-stripper","status":"publish","type":"product","link":"https:\/\/utrinitas-m.co.id\/en\/product\/fiber-stripper\/","title":{"rendered":"Fiber Stripper"},"content":{"rendered":"<div class=\"wp-block-gutena-tabs gutena-tabs-block gutena-tabs-block-8f09a8-fd\"><ul class=\"gutena-tabs-tab tab-left\"><li class=\"gutena-tab-title active\" data-tab=\"1\"><div class=\"gutena-tab-title-content icon-top\"><div class=\"gutena-tab-title-text\"><div>Product Features<\/div><\/div><\/div><\/li><li class=\"gutena-tab-title inactive\" data-tab=\"2\"><div class=\"gutena-tab-title-content icon-top\"><div class=\"gutena-tab-title-text\"><div>Product Specification<\/div><\/div><\/div><\/li><\/ul><div class=\"gutena-tabs-content is-layout-flow wp-block-gutena-tabs-is-layout-flow\">\n<div class=\"wp-block-gutena-tab gutena-tab-block gutena-tab-block-b07270-76 active\" data-tab=\"1\">\n<ul class=\"wp-block-list\">\n<li>Pre-set at the factory\u00c3\u00a2\u00e2\u201a\u00ac\u00e2\u20ac\u009dno adjustments needed<\/li>\n\n\n\n<li>Will not scratch or nick glass fiber<\/li>\n\n\n\n<li>All stripping surfaces are manufactured to precise tolerances to assure clean, smooth strips<\/li>\n\n\n\n<li>Comfort-grip, ergonomic handles<\/li>\n\n\n\n<li>Lock to hold tool closed when it is not in use<\/li>\n<\/ul>\n<\/div>\n\n\n\n<div class=\"wp-block-gutena-tab gutena-tab-block gutena-tab-block-0549ea-bf inactive\" data-tab=\"2\">\n<figure class=\"wp-block-table\"><table class=\"has-fixed-layout\"><tbody><tr><td>Notch 1<\/td><td>Removes Fiber Jacket 1.6mm-3mm down to Buffer Coating 600-900\u00c3\u017d\u00c2\u00bcm<\/td><\/tr><tr><td>Notch 2<\/td><td>Removes Buffer Coating 600-900\u00c3\u017d\u00c2\u00bcm down to 250\u00c3\u017d\u00c2\u00bcm Fiber Coating<\/td><\/tr><tr><td>Notch 3R<\/td><td>Removes Fiber Coating 250\u00c3\u017d\u00c2\u00bcm down to 125\u00c3\u017d\u00c2\u00bcm Glass Fiber<\/td><\/tr><tr><td>Length<\/td><td>6.5 in (165 mm)<\/td><\/tr><tr><td>Weight<\/td><td>4.2 oz (119 g)<\/td><\/tr><\/tbody><\/table><\/figure>\n<\/div>\n<\/div><\/div>","protected":false},"excerpt":{"rendered":"<p>Fiber Stripper ideal for stripping fiber jacket. The 140-\u00c3\u201a\u00c2\u00b5m diameter hole and V-opening in the blades allows removal of 250-\u00c3\u201a\u00c2\u00b5m buffer coating from 125-\u00c3\u201a\u00c2\u00b5m fiber. It\u00c3\u00a2\u00e2\u201a\u00ac\u00e2\u201e\u00a2s preset at the factory, so no adjustments are needed. All stripping surfaces are manufactured to precise tolerances to assure clean, smooth strips. This tool features comfort-grip, ergonomic handles. A lock holds the blades closed when not in use.<\/p>","protected":false},"featured_media":2581,"comment_status":"open","ping_status":"closed","template":"","meta":[],"product_brand":[],"product_cat":[279,278],"product_tag":[],"class_list":{"0":"post-4331","1":"product","2":"type-product","3":"status-publish","4":"has-post-thumbnail","6":"product_cat-fiber-optic-tools-2","7":"product_cat-tools-and-consumables-2","8":"entry","10":"first","11":"instock","12":"shipping-taxable","13":"product-type-simple"},"yoast_head":"<!-- This site is optimized with the Yoast SEO plugin v26.5 - https:\/\/yoast.com\/wordpress\/plugins\/seo\/ -->\n<title>Fiber Stripper - PT Usaha Trinitas Makmur<\/title>\n<meta name=\"robots\" content=\"index, follow, max-snippet:-1, max-image-preview:large, max-video-preview:-1\" \/>\n<link rel=\"canonical\" href=\"https:\/\/utrinitas-m.co.id\/en\/product\/fiber-stripper\/\" \/>\n<meta property=\"og:locale\" content=\"en_US\" \/>\n<meta property=\"og:type\" content=\"article\" \/>\n<meta property=\"og:title\" content=\"Fiber Stripper - PT Usaha Trinitas Makmur\" \/>\n<meta property=\"og:description\" content=\"Fiber Stripper ideal untuk mengupas lapisan serat. Lubang berdiameter 140 \u00c3\u201a\u00c2\u00b5m dan bukaan berbentuk V pada bilah memungkinkan penghilangan lapisan penyangga 250 \u00c3\u201a\u00c2\u00b5m dari serat 125 \u00c3\u201a\u00c2\u00b5m. Alat ini sudah disetel sebelumnya di pabrik, jadi tidak perlu penyesuaian. Semua permukaan pengupasan diproduksi dengan toleransi yang tepat untuk memastikan hasil pengupasan yang bersih dan halus. Alat ini dilengkapi pegangan yang ergonomis dan nyaman digenggam. Kunci menahan bilah agar tetap tertutup saat tidak digunakan.\" \/>\n<meta property=\"og:url\" content=\"https:\/\/utrinitas-m.co.id\/en\/product\/fiber-stripper\/\" \/>\n<meta property=\"og:site_name\" content=\"PT Usaha Trinitas Makmur\" \/>\n<meta property=\"article:publisher\" content=\"https:\/\/www.facebook.com\/profile.php?id=61561130462800\" \/>\n<meta property=\"article:modified_time\" content=\"2025-11-09T15:11:17+00:00\" \/>\n<meta property=\"og:image\" content=\"https:\/\/utrinitas-m.co.id\/wp-content\/uploads\/2024\/11\/FIBER-STRIPPER.jpg\" \/>\n\t<meta property=\"og:image:width\" content=\"1181\" \/>\n\t<meta property=\"og:image:height\" content=\"1181\" \/>\n\t<meta property=\"og:image:type\" content=\"image\/jpeg\" \/>\n<meta name=\"twitter:card\" content=\"summary_large_image\" \/>\n<script type=\"application\/ld+json\" class=\"yoast-schema-graph\">{\"@context\":\"https:\/\/schema.org\",\"@graph\":[{\"@type\":\"WebPage\",\"@id\":\"https:\/\/utrinitas-m.co.id\/product\/fiber-stripper\/\",\"url\":\"https:\/\/utrinitas-m.co.id\/product\/fiber-stripper\/\",\"name\":\"Fiber Stripper - PT Usaha Trinitas Makmur\",\"isPartOf\":{\"@id\":\"https:\/\/www.utrinitas-m.co.id\/#website\"},\"primaryImageOfPage\":{\"@id\":\"https:\/\/utrinitas-m.co.id\/product\/fiber-stripper\/#primaryimage\"},\"image\":{\"@id\":\"https:\/\/utrinitas-m.co.id\/product\/fiber-stripper\/#primaryimage\"},\"thumbnailUrl\":\"https:\/\/utrinitas-m.co.id\/wp-content\/uploads\/2024\/11\/FIBER-STRIPPER.jpg\",\"datePublished\":\"2025-11-07T17:52:24+00:00\",\"dateModified\":\"2025-11-09T15:11:17+00:00\",\"breadcrumb\":{\"@id\":\"https:\/\/utrinitas-m.co.id\/product\/fiber-stripper\/#breadcrumb\"},\"inLanguage\":\"en-US\",\"potentialAction\":[{\"@type\":\"ReadAction\",\"target\":[\"https:\/\/utrinitas-m.co.id\/product\/fiber-stripper\/\"]}]},{\"@type\":\"ImageObject\",\"inLanguage\":\"en-US\",\"@id\":\"https:\/\/utrinitas-m.co.id\/product\/fiber-stripper\/#primaryimage\",\"url\":\"https:\/\/utrinitas-m.co.id\/wp-content\/uploads\/2024\/11\/FIBER-STRIPPER.jpg\",\"contentUrl\":\"https:\/\/utrinitas-m.co.id\/wp-content\/uploads\/2024\/11\/FIBER-STRIPPER.jpg\",\"width\":1181,\"height\":1181},{\"@type\":\"BreadcrumbList\",\"@id\":\"https:\/\/utrinitas-m.co.id\/product\/fiber-stripper\/#breadcrumb\",\"itemListElement\":[{\"@type\":\"ListItem\",\"position\":1,\"name\":\"Home\",\"item\":\"https:\/\/utrinitas-m.co.id\/en\/\"},{\"@type\":\"ListItem\",\"position\":2,\"name\":\"Shop\",\"item\":\"https:\/\/www.utrinitas-m.co.id\/shop\/\"},{\"@type\":\"ListItem\",\"position\":3,\"name\":\"Fiber Stripper\"}]},{\"@type\":\"WebSite\",\"@id\":\"https:\/\/www.utrinitas-m.co.id\/#website\",\"url\":\"https:\/\/www.utrinitas-m.co.id\/\",\"name\":\"PT Usaha Trinitas Makmur\",\"description\":\"PT Usaha Trinitas Makmur BERSIAP MENUJU TELEKOMUNIKASI MASA DEPAN\",\"potentialAction\":[{\"@type\":\"SearchAction\",\"target\":{\"@type\":\"EntryPoint\",\"urlTemplate\":\"https:\/\/www.utrinitas-m.co.id\/?s={search_term_string}\"},\"query-input\":{\"@type\":\"PropertyValueSpecification\",\"valueRequired\":true,\"valueName\":\"search_term_string\"}}],\"inLanguage\":\"en-US\"}]}<\/script>\n<!-- \/ Yoast SEO plugin. -->","yoast_head_json":{"title":"Fiber Stripper - PT Usaha Trinitas Makmur","robots":{"index":"index","follow":"follow","max-snippet":"max-snippet:-1","max-image-preview":"max-image-preview:large","max-video-preview":"max-video-preview:-1"},"canonical":"https:\/\/utrinitas-m.co.id\/en\/product\/fiber-stripper\/","og_locale":"en_US","og_type":"article","og_title":"Fiber Stripper - PT Usaha Trinitas Makmur","og_description":"Fiber Stripper ideal untuk mengupas lapisan serat. Lubang berdiameter 140 \u00c3\u201a\u00c2\u00b5m dan bukaan berbentuk V pada bilah memungkinkan penghilangan lapisan penyangga 250 \u00c3\u201a\u00c2\u00b5m dari serat 125 \u00c3\u201a\u00c2\u00b5m. Alat ini sudah disetel sebelumnya di pabrik, jadi tidak perlu penyesuaian. Semua permukaan pengupasan diproduksi dengan toleransi yang tepat untuk memastikan hasil pengupasan yang bersih dan halus. Alat ini dilengkapi pegangan yang ergonomis dan nyaman digenggam. Kunci menahan bilah agar tetap tertutup saat tidak digunakan.","og_url":"https:\/\/utrinitas-m.co.id\/en\/product\/fiber-stripper\/","og_site_name":"PT Usaha Trinitas Makmur","article_publisher":"https:\/\/www.facebook.com\/profile.php?id=61561130462800","article_modified_time":"2025-11-09T15:11:17+00:00","og_image":[{"width":1181,"height":1181,"url":"https:\/\/utrinitas-m.co.id\/wp-content\/uploads\/2024\/11\/FIBER-STRIPPER.jpg","type":"image\/jpeg"}],"twitter_card":"summary_large_image","schema":{"@context":"https:\/\/schema.org","@graph":[{"@type":"WebPage","@id":"https:\/\/utrinitas-m.co.id\/product\/fiber-stripper\/","url":"https:\/\/utrinitas-m.co.id\/product\/fiber-stripper\/","name":"Fiber Stripper - PT Usaha Trinitas Makmur","isPartOf":{"@id":"https:\/\/www.utrinitas-m.co.id\/#website"},"primaryImageOfPage":{"@id":"https:\/\/utrinitas-m.co.id\/product\/fiber-stripper\/#primaryimage"},"image":{"@id":"https:\/\/utrinitas-m.co.id\/product\/fiber-stripper\/#primaryimage"},"thumbnailUrl":"https:\/\/utrinitas-m.co.id\/wp-content\/uploads\/2024\/11\/FIBER-STRIPPER.jpg","datePublished":"2025-11-07T17:52:24+00:00","dateModified":"2025-11-09T15:11:17+00:00","breadcrumb":{"@id":"https:\/\/utrinitas-m.co.id\/product\/fiber-stripper\/#breadcrumb"},"inLanguage":"en-US","potentialAction":[{"@type":"ReadAction","target":["https:\/\/utrinitas-m.co.id\/product\/fiber-stripper\/"]}]},{"@type":"ImageObject","inLanguage":"en-US","@id":"https:\/\/utrinitas-m.co.id\/product\/fiber-stripper\/#primaryimage","url":"https:\/\/utrinitas-m.co.id\/wp-content\/uploads\/2024\/11\/FIBER-STRIPPER.jpg","contentUrl":"https:\/\/utrinitas-m.co.id\/wp-content\/uploads\/2024\/11\/FIBER-STRIPPER.jpg","width":1181,"height":1181},{"@type":"BreadcrumbList","@id":"https:\/\/utrinitas-m.co.id\/product\/fiber-stripper\/#breadcrumb","itemListElement":[{"@type":"ListItem","position":1,"name":"Home","item":"https:\/\/utrinitas-m.co.id\/en\/"},{"@type":"ListItem","position":2,"name":"Shop","item":"https:\/\/www.utrinitas-m.co.id\/shop\/"},{"@type":"ListItem","position":3,"name":"Fiber Stripper"}]},{"@type":"WebSite","@id":"https:\/\/www.utrinitas-m.co.id\/#website","url":"https:\/\/www.utrinitas-m.co.id\/","name":"PT Usaha Trinitas Makmur","description":"PT Usaha Trinitas Makmur READY FOR THE FUTURE OF TELECOMMUNICATIONS","potentialAction":[{"@type":"SearchAction","target":{"@type":"EntryPoint","urlTemplate":"https:\/\/www.utrinitas-m.co.id\/?s={search_term_string}"},"query-input":{"@type":"PropertyValueSpecification","valueRequired":true,"valueName":"search_term_string"}}],"inLanguage":"en-US"}]}},"_links":{"self":[{"href":"https:\/\/utrinitas-m.co.id\/en\/wp-json\/wp\/v2\/product\/4331","targetHints":{"allow":["GET"]}}],"collection":[{"href":"https:\/\/utrinitas-m.co.id\/en\/wp-json\/wp\/v2\/product"}],"about":[{"href":"https:\/\/utrinitas-m.co.id\/en\/wp-json\/wp\/v2\/types\/product"}],"replies":[{"embeddable":true,"href":"https:\/\/utrinitas-m.co.id\/en\/wp-json\/wp\/v2\/comments?post=4331"}],"wp:featuredmedia":[{"embeddable":true,"href":"https:\/\/utrinitas-m.co.id\/en\/wp-json\/wp\/v2\/media\/2581"}],"wp:attachment":[{"href":"https:\/\/utrinitas-m.co.id\/en\/wp-json\/wp\/v2\/media?parent=4331"}],"wp:term":[{"taxonomy":"product_brand","embeddable":true,"href":"https:\/\/utrinitas-m.co.id\/en\/wp-json\/wp\/v2\/product_brand?post=4331"},{"taxonomy":"product_cat","embeddable":true,"href":"https:\/\/utrinitas-m.co.id\/en\/wp-json\/wp\/v2\/product_cat?post=4331"},{"taxonomy":"product_tag","embeddable":true,"href":"https:\/\/utrinitas-m.co.id\/en\/wp-json\/wp\/v2\/product_tag?post=4331"}],"curies":[{"name":"wp","href":"https:\/\/api.w.org\/{rel}","templated":true}]}}