{"id":4338,"date":"2025-11-07T17:52:47","date_gmt":"2025-11-07T17:52:47","guid":{"rendered":"http:\/\/utrinitas-m.co.id\/product\/front-panel-changeable-fiber-patch-panel\/"},"modified":"2025-11-09T15:14:06","modified_gmt":"2025-11-09T15:14:06","slug":"front-panel-changeable-fiber-patch-panel","status":"publish","type":"product","link":"https:\/\/utrinitas-m.co.id\/en\/product\/front-panel-changeable-fiber-patch-panel\/","title":{"rendered":"Front Panel Changeable Fiber Patch Panel"},"content":{"rendered":"<div class=\"wp-block-gutena-tabs gutena-tabs-block gutena-tabs-block-8f09a8-fd\"><ul class=\"gutena-tabs-tab tab-left\"><li class=\"gutena-tab-title active\" data-tab=\"1\"><div class=\"gutena-tab-title-content icon-top\"><div class=\"gutena-tab-title-text\"><div>Product Features<\/div><\/div><\/div><\/li><li class=\"gutena-tab-title inactive\" data-tab=\"2\"><div class=\"gutena-tab-title-content icon-top\"><div class=\"gutena-tab-title-text\"><div>Product Specification<\/div><\/div><\/div><\/li><\/ul><div class=\"gutena-tabs-content is-layout-flow wp-block-gutena-tabs-is-layout-flow\">\n<div class=\"wp-block-gutena-tab gutena-tab-block gutena-tab-block-b07270-76 active\" data-tab=\"1\">\n<p class=\"translation-block\">\u00c3\u00a2\u00e2\u201a\u00ac\u00c2\u00a2 The shell is made of high-strength and insulated material, providing excellent mechanical performance<br>\n\u00c3\u00a2\u00e2\u201a\u00ac\u00c2\u00a2 Sturdy and durable<br>\n\u00c3\u00a2\u00e2\u201a\u00ac\u00c2\u00a2 Fiber input: 4<br>\n\u00c3\u00a2\u00e2\u201a\u00ac\u00c2\u00a2 Adapter output: 12 cores or 24 cores or 48 cores<br>\n\u00c3\u00a2\u00e2\u201a\u00ac\u00c2\u00a2 The strength core and shell are insulated and include grounding cable<br>\n\u00c3\u00a2\u00e2\u201a\u00ac\u00c2\u00a2 Suitable for installing SC, FC, ST, and LC adapter connections<br>\n\u00c3\u00a2\u00e2\u201a\u00ac\u00c2\u00a2 Complete accessories for easy operation<\/p>\n<\/div>\n\n\n\n<div class=\"wp-block-gutena-tab gutena-tab-block gutena-tab-block-0549ea-bf inactive\" data-tab=\"2\">\n<figure class=\"wp-block-table\"><table class=\"has-fixed-layout\"><tbody><tr><td>Environment temperature<\/td><td>-40\u00c3\u201a\u00c2\u00b0C ~+80\u00c3\u201a\u00c2\u00b0C<\/td><\/tr><tr><td>Relative humidity<\/td><td>\u00c3\u00a2\u00e2\u20ac\u00b0\u00c2\u00a485% (30\u00c3\u201a\u00c2\u00b0C)<\/td><\/tr><tr><td>Atmospheric pressure<\/td><td>70~106KPa<\/td><\/tr><tr><td>Insulated Resistance<\/td><td>\u00c3\u00a2\u00e2\u20ac\u00b0\u00c2\u00a52\u00c3\u0192\u00e2\u20ac\u201d10M\u00c3\u017d\u00c2\u00a9\/500V (DC)<\/td><\/tr><\/tbody><\/table><\/figure>\n<\/div>\n<\/div><\/div>","protected":false},"excerpt":{"rendered":"<p class=\"translation-block\">The front panel changeable fiber optic patch panel is the new style, it has 12 port, 24 port and 48 port types, its front panel is not\nfixed on the equipment but it is loaded by screw and can be changed by user.<\/p>","protected":false},"featured_media":2301,"comment_status":"open","ping_status":"closed","template":"","meta":[],"product_brand":[],"product_cat":[259,243,261],"product_tag":[],"class_list":{"0":"post-4338","1":"product","2":"type-product","3":"status-publish","4":"has-post-thumbnail","6":"product_cat-fiber-management-systems-2","7":"product_cat-fiber-optic-3","8":"product_cat-fiber-optic-patch-panel-2","9":"entry","11":"first","12":"instock","13":"shipping-taxable","14":"product-type-simple"},"yoast_head":"<!-- This site is optimized with the Yoast SEO plugin v26.5 - https:\/\/yoast.com\/wordpress\/plugins\/seo\/ -->\n<title>Front Panel Changeable Fiber Patch Panel - PT Usaha Trinitas Makmur<\/title>\n<meta name=\"robots\" content=\"index, follow, max-snippet:-1, max-image-preview:large, max-video-preview:-1\" \/>\n<link rel=\"canonical\" href=\"https:\/\/www.utrinitas-m.co.id\/en\/product\/front-panel-changeable-fiber-patch-panel\/\" \/>\n<meta property=\"og:locale\" content=\"en_US\" \/>\n<meta property=\"og:type\" content=\"article\" \/>\n<meta property=\"og:title\" content=\"Front Panel Changeable Fiber Patch Panel - PT Usaha Trinitas Makmur\" \/>\n<meta property=\"og:description\" content=\"Panel patch serat optik yang dapat diganti panel depan adalah gaya baru, memiliki tipe 12 port, 24 port dan 48 port, panel depannya tidakterpasang pada peralatan tetapi dimuat dengan sekrup dan dapat diganti oleh pengguna.\" \/>\n<meta property=\"og:url\" content=\"https:\/\/www.utrinitas-m.co.id\/en\/product\/front-panel-changeable-fiber-patch-panel\/\" \/>\n<meta property=\"og:site_name\" content=\"PT Usaha Trinitas Makmur\" \/>\n<meta property=\"article:publisher\" content=\"https:\/\/www.facebook.com\/profile.php?id=61561130462800\" \/>\n<meta property=\"article:modified_time\" content=\"2025-11-09T15:14:06+00:00\" \/>\n<meta property=\"og:image\" content=\"https:\/\/www.utrinitas-m.co.id\/wp-content\/uploads\/2024\/11\/Front-Panel-Changeable-Fiber-Patch-Panel.jpg\" \/>\n\t<meta property=\"og:image:width\" content=\"567\" \/>\n\t<meta property=\"og:image:height\" content=\"283\" \/>\n\t<meta property=\"og:image:type\" content=\"image\/jpeg\" \/>\n<meta name=\"twitter:card\" content=\"summary_large_image\" \/>\n<script type=\"application\/ld+json\" class=\"yoast-schema-graph\">{\"@context\":\"https:\/\/schema.org\",\"@graph\":[{\"@type\":\"WebPage\",\"@id\":\"https:\/\/www.utrinitas-m.co.id\/en\/product\/front-panel-changeable-fiber-patch-panel\/\",\"url\":\"https:\/\/www.utrinitas-m.co.id\/en\/product\/front-panel-changeable-fiber-patch-panel\/\",\"name\":\"Front Panel Changeable Fiber Patch Panel - PT Usaha Trinitas Makmur\",\"isPartOf\":{\"@id\":\"https:\/\/www.utrinitas-m.co.id\/#website\"},\"primaryImageOfPage\":{\"@id\":\"https:\/\/www.utrinitas-m.co.id\/en\/product\/front-panel-changeable-fiber-patch-panel\/#primaryimage\"},\"image\":{\"@id\":\"https:\/\/www.utrinitas-m.co.id\/en\/product\/front-panel-changeable-fiber-patch-panel\/#primaryimage\"},\"thumbnailUrl\":\"https:\/\/utrinitas-m.co.id\/wp-content\/uploads\/2024\/11\/Front-Panel-Changeable-Fiber-Patch-Panel.jpg\",\"datePublished\":\"2025-11-07T17:52:47+00:00\",\"dateModified\":\"2025-11-09T15:14:06+00:00\",\"breadcrumb\":{\"@id\":\"https:\/\/www.utrinitas-m.co.id\/en\/product\/front-panel-changeable-fiber-patch-panel\/#breadcrumb\"},\"inLanguage\":\"en-US\",\"potentialAction\":[{\"@type\":\"ReadAction\",\"target\":[\"https:\/\/www.utrinitas-m.co.id\/en\/product\/front-panel-changeable-fiber-patch-panel\/\"]}]},{\"@type\":\"ImageObject\",\"inLanguage\":\"en-US\",\"@id\":\"https:\/\/www.utrinitas-m.co.id\/en\/product\/front-panel-changeable-fiber-patch-panel\/#primaryimage\",\"url\":\"https:\/\/utrinitas-m.co.id\/wp-content\/uploads\/2024\/11\/Front-Panel-Changeable-Fiber-Patch-Panel.jpg\",\"contentUrl\":\"https:\/\/utrinitas-m.co.id\/wp-content\/uploads\/2024\/11\/Front-Panel-Changeable-Fiber-Patch-Panel.jpg\",\"width\":567,\"height\":283},{\"@type\":\"BreadcrumbList\",\"@id\":\"https:\/\/www.utrinitas-m.co.id\/en\/product\/front-panel-changeable-fiber-patch-panel\/#breadcrumb\",\"itemListElement\":[{\"@type\":\"ListItem\",\"position\":1,\"name\":\"Home\",\"item\":\"https:\/\/utrinitas-m.co.id\/en\/\"},{\"@type\":\"ListItem\",\"position\":2,\"name\":\"Shop\",\"item\":\"https:\/\/www.utrinitas-m.co.id\/shop\/\"},{\"@type\":\"ListItem\",\"position\":3,\"name\":\"Front Panel Changeable Fiber Patch Panel\"}]},{\"@type\":\"WebSite\",\"@id\":\"https:\/\/www.utrinitas-m.co.id\/#website\",\"url\":\"https:\/\/www.utrinitas-m.co.id\/\",\"name\":\"PT Usaha Trinitas Makmur\",\"description\":\"PT Usaha Trinitas Makmur BERSIAP MENUJU TELEKOMUNIKASI MASA DEPAN\",\"potentialAction\":[{\"@type\":\"SearchAction\",\"target\":{\"@type\":\"EntryPoint\",\"urlTemplate\":\"https:\/\/www.utrinitas-m.co.id\/?s={search_term_string}\"},\"query-input\":{\"@type\":\"PropertyValueSpecification\",\"valueRequired\":true,\"valueName\":\"search_term_string\"}}],\"inLanguage\":\"en-US\"}]}<\/script>\n<!-- \/ Yoast SEO plugin. -->","yoast_head_json":{"title":"Front Panel Changeable Fiber Patch Panel - PT Usaha Trinitas Makmur","robots":{"index":"index","follow":"follow","max-snippet":"max-snippet:-1","max-image-preview":"max-image-preview:large","max-video-preview":"max-video-preview:-1"},"canonical":"https:\/\/www.utrinitas-m.co.id\/en\/product\/front-panel-changeable-fiber-patch-panel\/","og_locale":"en_US","og_type":"article","og_title":"Front Panel Changeable Fiber Patch Panel - PT Usaha Trinitas Makmur","og_description":"Panel patch serat optik yang dapat diganti panel depan adalah gaya baru, memiliki tipe 12 port, 24 port dan 48 port, panel depannya tidakterpasang pada peralatan tetapi dimuat dengan sekrup dan dapat diganti oleh pengguna.","og_url":"https:\/\/www.utrinitas-m.co.id\/en\/product\/front-panel-changeable-fiber-patch-panel\/","og_site_name":"PT Usaha Trinitas Makmur","article_publisher":"https:\/\/www.facebook.com\/profile.php?id=61561130462800","article_modified_time":"2025-11-09T15:14:06+00:00","og_image":[{"width":567,"height":283,"url":"https:\/\/www.utrinitas-m.co.id\/wp-content\/uploads\/2024\/11\/Front-Panel-Changeable-Fiber-Patch-Panel.jpg","type":"image\/jpeg"}],"twitter_card":"summary_large_image","schema":{"@context":"https:\/\/schema.org","@graph":[{"@type":"WebPage","@id":"https:\/\/www.utrinitas-m.co.id\/en\/product\/front-panel-changeable-fiber-patch-panel\/","url":"https:\/\/www.utrinitas-m.co.id\/en\/product\/front-panel-changeable-fiber-patch-panel\/","name":"Front Panel Changeable Fiber Patch Panel - PT Usaha Trinitas Makmur","isPartOf":{"@id":"https:\/\/www.utrinitas-m.co.id\/#website"},"primaryImageOfPage":{"@id":"https:\/\/www.utrinitas-m.co.id\/en\/product\/front-panel-changeable-fiber-patch-panel\/#primaryimage"},"image":{"@id":"https:\/\/www.utrinitas-m.co.id\/en\/product\/front-panel-changeable-fiber-patch-panel\/#primaryimage"},"thumbnailUrl":"https:\/\/utrinitas-m.co.id\/wp-content\/uploads\/2024\/11\/Front-Panel-Changeable-Fiber-Patch-Panel.jpg","datePublished":"2025-11-07T17:52:47+00:00","dateModified":"2025-11-09T15:14:06+00:00","breadcrumb":{"@id":"https:\/\/www.utrinitas-m.co.id\/en\/product\/front-panel-changeable-fiber-patch-panel\/#breadcrumb"},"inLanguage":"en-US","potentialAction":[{"@type":"ReadAction","target":["https:\/\/www.utrinitas-m.co.id\/en\/product\/front-panel-changeable-fiber-patch-panel\/"]}]},{"@type":"ImageObject","inLanguage":"en-US","@id":"https:\/\/www.utrinitas-m.co.id\/en\/product\/front-panel-changeable-fiber-patch-panel\/#primaryimage","url":"https:\/\/utrinitas-m.co.id\/wp-content\/uploads\/2024\/11\/Front-Panel-Changeable-Fiber-Patch-Panel.jpg","contentUrl":"https:\/\/utrinitas-m.co.id\/wp-content\/uploads\/2024\/11\/Front-Panel-Changeable-Fiber-Patch-Panel.jpg","width":567,"height":283},{"@type":"BreadcrumbList","@id":"https:\/\/www.utrinitas-m.co.id\/en\/product\/front-panel-changeable-fiber-patch-panel\/#breadcrumb","itemListElement":[{"@type":"ListItem","position":1,"name":"Home","item":"https:\/\/utrinitas-m.co.id\/en\/"},{"@type":"ListItem","position":2,"name":"Shop","item":"https:\/\/www.utrinitas-m.co.id\/shop\/"},{"@type":"ListItem","position":3,"name":"Front Panel Changeable Fiber Patch Panel"}]},{"@type":"WebSite","@id":"https:\/\/www.utrinitas-m.co.id\/#website","url":"https:\/\/www.utrinitas-m.co.id\/","name":"PT Usaha Trinitas Makmur","description":"PT Usaha Trinitas Makmur READY FOR THE FUTURE OF TELECOMMUNICATIONS","potentialAction":[{"@type":"SearchAction","target":{"@type":"EntryPoint","urlTemplate":"https:\/\/www.utrinitas-m.co.id\/?s={search_term_string}"},"query-input":{"@type":"PropertyValueSpecification","valueRequired":true,"valueName":"search_term_string"}}],"inLanguage":"en-US"}]}},"_links":{"self":[{"href":"https:\/\/utrinitas-m.co.id\/en\/wp-json\/wp\/v2\/product\/4338","targetHints":{"allow":["GET"]}}],"collection":[{"href":"https:\/\/utrinitas-m.co.id\/en\/wp-json\/wp\/v2\/product"}],"about":[{"href":"https:\/\/utrinitas-m.co.id\/en\/wp-json\/wp\/v2\/types\/product"}],"replies":[{"embeddable":true,"href":"https:\/\/utrinitas-m.co.id\/en\/wp-json\/wp\/v2\/comments?post=4338"}],"wp:featuredmedia":[{"embeddable":true,"href":"https:\/\/utrinitas-m.co.id\/en\/wp-json\/wp\/v2\/media\/2301"}],"wp:attachment":[{"href":"https:\/\/utrinitas-m.co.id\/en\/wp-json\/wp\/v2\/media?parent=4338"}],"wp:term":[{"taxonomy":"product_brand","embeddable":true,"href":"https:\/\/utrinitas-m.co.id\/en\/wp-json\/wp\/v2\/product_brand?post=4338"},{"taxonomy":"product_cat","embeddable":true,"href":"https:\/\/utrinitas-m.co.id\/en\/wp-json\/wp\/v2\/product_cat?post=4338"},{"taxonomy":"product_tag","embeddable":true,"href":"https:\/\/utrinitas-m.co.id\/en\/wp-json\/wp\/v2\/product_tag?post=4338"}],"curies":[{"name":"wp","href":"https:\/\/api.w.org\/{rel}","templated":true}]}}