{"id":4343,"date":"2025-11-07T17:52:50","date_gmt":"2025-11-07T17:52:50","guid":{"rendered":"http:\/\/utrinitas-m.co.id\/product\/ftth-2core-aerial-drop-cable\/"},"modified":"2025-11-09T15:51:49","modified_gmt":"2025-11-09T15:51:49","slug":"ftth-2core-aerial-drop-cable","status":"publish","type":"product","link":"https:\/\/utrinitas-m.co.id\/en\/product\/ftth-2core-aerial-drop-cable\/","title":{"rendered":"FTTH 2core aerial drop cable"},"content":{"rendered":"<div class=\"wp-block-gutena-tabs gutena-tabs-block gutena-tabs-block-8f09a8-fd\"><ul class=\"gutena-tabs-tab tab-left\"><li class=\"gutena-tab-title active\" data-tab=\"1\"><div class=\"gutena-tab-title-content icon-top\"><div class=\"gutena-tab-title-text\"><div>Product Features<\/div><\/div><\/div><\/li><li class=\"gutena-tab-title inactive\" data-tab=\"2\"><div class=\"gutena-tab-title-content icon-top\"><div class=\"gutena-tab-title-text\"><div>Product Specification<\/div><\/div><\/div><\/li><\/ul><div class=\"gutena-tabs-content is-layout-flow wp-block-gutena-tabs-is-layout-flow\">\n<div class=\"wp-block-gutena-tab gutena-tab-block gutena-tab-block-b07270-76 active\" data-tab=\"1\">\n<p class=\"translation-block\">\u00c3\u00a2\u00e2\u201a\u00ac\u00c2\u00a2 Good mechanical and environmental characteristics<br>\u00c3\u00a2\u00e2\u201a\u00ac\u00c2\u00a2 UV resistance characteristics meet relevant standard requirements<br>\u00c3\u00a2\u00e2\u201a\u00ac\u00c2\u00a2 Mechanical characteristics meet relevant standard requirements<br>\u00c3\u00a2\u00e2\u201a\u00ac\u00c2\u00a2 Soft, flexible, easy to install and splice, with large capacity data transmission<br>\u00c3\u00a2\u00e2\u201a\u00ac\u00c2\u00a2 Meets various market and client requirements<\/p>\n<\/div>\n\n\n\n<div class=\"wp-block-gutena-tab gutena-tab-block gutena-tab-block-0549ea-bf inactive\" data-tab=\"2\">\n<figure class=\"wp-block-table\"><table class=\"has-fixed-layout\"><tbody><tr><td>Cable size (Height * width)<\/td><td>3.5 mm \u00c3\u0192\u00e2\u20ac\u201d 6.5mm<\/td><\/tr><tr><td>Cable weight<\/td><td>26KG\u00c3\u201a\u00c2\u00b11KG<\/td><\/tr><tr><td>Installation Temperature range<\/td><td>-20\u00c3\u201a\u00c2\u00b0C+6\u00c3\u201a\u00c2\u00b0C<\/td><\/tr><tr><td>Operation &amp; transport temperature<\/td><td>-40\u00c3\u201a\u00c2\u00b0C+70\u00c3\u201a\u00c2\u00b0C<\/td><\/tr><tr><td>Fiber<\/td><td>Type G657A tight bu er<\/td><\/tr><tr><td><\/td><td>Diameter 250\u00c3\u017d\u00c2\u00bcm<\/td><\/tr><tr><td>Strength member<\/td><td>Material Kevlar yarn<\/td><\/tr><tr><td>Min Bending Radius(mm)<\/td><td>Long term 15D<\/td><\/tr><tr><td>Min Bending Radius(mm)<\/td><td>Short term 30D<\/td><\/tr><tr><td>Min allowable Tensile Strength(N)<\/td><td>Long term 500<\/td><\/tr><tr><td>Min allowable Tensile Strength(N)<\/td><td>Short term 700<\/td><\/tr><tr><td>Crush Load (N\/100mm)<\/td><td>Long term 500<\/td><\/tr><tr><td>Crush Load (N\/100mm)<\/td><td>Short term 1000<\/td><\/tr><\/tbody><\/table><\/figure>\n<\/div>\n<\/div><\/div>","protected":false},"excerpt":{"rendered":"<p class=\"translation-block\">The cable put in side with 2 FRP, the optical fiber unit positioned in the Loose tube. Two parallel strength member are placed at\nthe two sides and have loose tube to protect the inside FTTH, outside sheath is HDPE<\/p>","protected":false},"featured_media":2413,"comment_status":"open","ping_status":"closed","template":"","meta":[],"product_brand":[],"product_cat":[271,268],"product_tag":[],"class_list":{"0":"post-4343","1":"product","2":"type-product","3":"status-publish","4":"has-post-thumbnail","6":"product_cat-ftth-cable-2","7":"product_cat-ftth-solutions-2","8":"entry","10":"first","11":"instock","12":"shipping-taxable","13":"product-type-simple"},"yoast_head":"<!-- This site is optimized with the Yoast SEO plugin v26.5 - https:\/\/yoast.com\/wordpress\/plugins\/seo\/ -->\n<title>FTTH 2core aerial drop cable - PT Usaha Trinitas Makmur<\/title>\n<meta name=\"robots\" content=\"index, follow, max-snippet:-1, max-image-preview:large, max-video-preview:-1\" \/>\n<link rel=\"canonical\" href=\"https:\/\/www.utrinitas-m.co.id\/product\/ftth-2core-aerial-drop-cable\/\" \/>\n<meta property=\"og:locale\" content=\"en_US\" \/>\n<meta property=\"og:type\" content=\"article\" \/>\n<meta property=\"og:title\" content=\"FTTH 2core aerial drop cable - PT Usaha Trinitas Makmur\" \/>\n<meta property=\"og:description\" content=\"Kabel diletakkan di dalam dengan 2 FRP, unit serat optik diposisikan di tabung longgar. Dua anggota kekuatan paralel ditempatkan dikedua sisi dan memiliki tabung longgar untuk melindungi FTTH bagian dalam, selubung luar adalah HDPE\" \/>\n<meta property=\"og:url\" content=\"https:\/\/www.utrinitas-m.co.id\/product\/ftth-2core-aerial-drop-cable\/\" \/>\n<meta property=\"og:site_name\" content=\"PT Usaha Trinitas Makmur\" \/>\n<meta property=\"article:publisher\" content=\"https:\/\/www.facebook.com\/profile.php?id=61561130462800\" \/>\n<meta property=\"article:modified_time\" content=\"2025-11-09T15:51:49+00:00\" \/>\n<meta property=\"og:image\" content=\"https:\/\/www.utrinitas-m.co.id\/wp-content\/uploads\/2024\/11\/FTTH-2core-aerial-drop-cable-1.jpg\" \/>\n\t<meta property=\"og:image:width\" content=\"340\" \/>\n\t<meta property=\"og:image:height\" content=\"283\" \/>\n\t<meta property=\"og:image:type\" content=\"image\/jpeg\" \/>\n<meta name=\"twitter:card\" content=\"summary_large_image\" \/>\n<meta name=\"twitter:label1\" content=\"Est. reading time\" \/>\n\t<meta name=\"twitter:data1\" content=\"1 minute\" \/>\n<script type=\"application\/ld+json\" class=\"yoast-schema-graph\">{\"@context\":\"https:\/\/schema.org\",\"@graph\":[{\"@type\":\"WebPage\",\"@id\":\"https:\/\/www.utrinitas-m.co.id\/product\/ftth-2core-aerial-drop-cable\/\",\"url\":\"https:\/\/www.utrinitas-m.co.id\/product\/ftth-2core-aerial-drop-cable\/\",\"name\":\"FTTH 2core aerial drop cable - PT Usaha Trinitas Makmur\",\"isPartOf\":{\"@id\":\"https:\/\/www.utrinitas-m.co.id\/#website\"},\"primaryImageOfPage\":{\"@id\":\"https:\/\/www.utrinitas-m.co.id\/product\/ftth-2core-aerial-drop-cable\/#primaryimage\"},\"image\":{\"@id\":\"https:\/\/www.utrinitas-m.co.id\/product\/ftth-2core-aerial-drop-cable\/#primaryimage\"},\"thumbnailUrl\":\"https:\/\/utrinitas-m.co.id\/wp-content\/uploads\/2024\/11\/FTTH-2core-aerial-drop-cable-1.jpg\",\"datePublished\":\"2025-11-07T17:52:50+00:00\",\"dateModified\":\"2025-11-09T15:51:49+00:00\",\"breadcrumb\":{\"@id\":\"https:\/\/www.utrinitas-m.co.id\/product\/ftth-2core-aerial-drop-cable\/#breadcrumb\"},\"inLanguage\":\"en-US\",\"potentialAction\":[{\"@type\":\"ReadAction\",\"target\":[\"https:\/\/www.utrinitas-m.co.id\/product\/ftth-2core-aerial-drop-cable\/\"]}]},{\"@type\":\"ImageObject\",\"inLanguage\":\"en-US\",\"@id\":\"https:\/\/www.utrinitas-m.co.id\/product\/ftth-2core-aerial-drop-cable\/#primaryimage\",\"url\":\"https:\/\/utrinitas-m.co.id\/wp-content\/uploads\/2024\/11\/FTTH-2core-aerial-drop-cable-1.jpg\",\"contentUrl\":\"https:\/\/utrinitas-m.co.id\/wp-content\/uploads\/2024\/11\/FTTH-2core-aerial-drop-cable-1.jpg\",\"width\":340,\"height\":283},{\"@type\":\"BreadcrumbList\",\"@id\":\"https:\/\/www.utrinitas-m.co.id\/product\/ftth-2core-aerial-drop-cable\/#breadcrumb\",\"itemListElement\":[{\"@type\":\"ListItem\",\"position\":1,\"name\":\"Home\",\"item\":\"https:\/\/utrinitas-m.co.id\/en\/\"},{\"@type\":\"ListItem\",\"position\":2,\"name\":\"Shop\",\"item\":\"https:\/\/www.utrinitas-m.co.id\/shop\/\"},{\"@type\":\"ListItem\",\"position\":3,\"name\":\"FTTH 2core aerial drop cable\"}]},{\"@type\":\"WebSite\",\"@id\":\"https:\/\/www.utrinitas-m.co.id\/#website\",\"url\":\"https:\/\/www.utrinitas-m.co.id\/\",\"name\":\"PT Usaha Trinitas Makmur\",\"description\":\"PT Usaha Trinitas Makmur BERSIAP MENUJU TELEKOMUNIKASI MASA DEPAN\",\"potentialAction\":[{\"@type\":\"SearchAction\",\"target\":{\"@type\":\"EntryPoint\",\"urlTemplate\":\"https:\/\/www.utrinitas-m.co.id\/?s={search_term_string}\"},\"query-input\":{\"@type\":\"PropertyValueSpecification\",\"valueRequired\":true,\"valueName\":\"search_term_string\"}}],\"inLanguage\":\"en-US\"}]}<\/script>\n<!-- \/ Yoast SEO plugin. -->","yoast_head_json":{"title":"FTTH 2core aerial drop cable - PT Usaha Trinitas Makmur","robots":{"index":"index","follow":"follow","max-snippet":"max-snippet:-1","max-image-preview":"max-image-preview:large","max-video-preview":"max-video-preview:-1"},"canonical":"https:\/\/www.utrinitas-m.co.id\/product\/ftth-2core-aerial-drop-cable\/","og_locale":"en_US","og_type":"article","og_title":"FTTH 2core aerial drop cable - PT Usaha Trinitas Makmur","og_description":"Kabel diletakkan di dalam dengan 2 FRP, unit serat optik diposisikan di tabung longgar. Dua anggota kekuatan paralel ditempatkan dikedua sisi dan memiliki tabung longgar untuk melindungi FTTH bagian dalam, selubung luar adalah HDPE","og_url":"https:\/\/www.utrinitas-m.co.id\/product\/ftth-2core-aerial-drop-cable\/","og_site_name":"PT Usaha Trinitas Makmur","article_publisher":"https:\/\/www.facebook.com\/profile.php?id=61561130462800","article_modified_time":"2025-11-09T15:51:49+00:00","og_image":[{"width":340,"height":283,"url":"https:\/\/www.utrinitas-m.co.id\/wp-content\/uploads\/2024\/11\/FTTH-2core-aerial-drop-cable-1.jpg","type":"image\/jpeg"}],"twitter_card":"summary_large_image","twitter_misc":{"Est. reading time":"1 minute"},"schema":{"@context":"https:\/\/schema.org","@graph":[{"@type":"WebPage","@id":"https:\/\/www.utrinitas-m.co.id\/product\/ftth-2core-aerial-drop-cable\/","url":"https:\/\/www.utrinitas-m.co.id\/product\/ftth-2core-aerial-drop-cable\/","name":"FTTH 2core aerial drop cable - PT Usaha Trinitas Makmur","isPartOf":{"@id":"https:\/\/www.utrinitas-m.co.id\/#website"},"primaryImageOfPage":{"@id":"https:\/\/www.utrinitas-m.co.id\/product\/ftth-2core-aerial-drop-cable\/#primaryimage"},"image":{"@id":"https:\/\/www.utrinitas-m.co.id\/product\/ftth-2core-aerial-drop-cable\/#primaryimage"},"thumbnailUrl":"https:\/\/utrinitas-m.co.id\/wp-content\/uploads\/2024\/11\/FTTH-2core-aerial-drop-cable-1.jpg","datePublished":"2025-11-07T17:52:50+00:00","dateModified":"2025-11-09T15:51:49+00:00","breadcrumb":{"@id":"https:\/\/www.utrinitas-m.co.id\/product\/ftth-2core-aerial-drop-cable\/#breadcrumb"},"inLanguage":"en-US","potentialAction":[{"@type":"ReadAction","target":["https:\/\/www.utrinitas-m.co.id\/product\/ftth-2core-aerial-drop-cable\/"]}]},{"@type":"ImageObject","inLanguage":"en-US","@id":"https:\/\/www.utrinitas-m.co.id\/product\/ftth-2core-aerial-drop-cable\/#primaryimage","url":"https:\/\/utrinitas-m.co.id\/wp-content\/uploads\/2024\/11\/FTTH-2core-aerial-drop-cable-1.jpg","contentUrl":"https:\/\/utrinitas-m.co.id\/wp-content\/uploads\/2024\/11\/FTTH-2core-aerial-drop-cable-1.jpg","width":340,"height":283},{"@type":"BreadcrumbList","@id":"https:\/\/www.utrinitas-m.co.id\/product\/ftth-2core-aerial-drop-cable\/#breadcrumb","itemListElement":[{"@type":"ListItem","position":1,"name":"Home","item":"https:\/\/utrinitas-m.co.id\/en\/"},{"@type":"ListItem","position":2,"name":"Shop","item":"https:\/\/www.utrinitas-m.co.id\/shop\/"},{"@type":"ListItem","position":3,"name":"FTTH 2core aerial drop cable"}]},{"@type":"WebSite","@id":"https:\/\/www.utrinitas-m.co.id\/#website","url":"https:\/\/www.utrinitas-m.co.id\/","name":"PT Usaha Trinitas Makmur","description":"PT Usaha Trinitas Makmur READY FOR THE FUTURE OF TELECOMMUNICATIONS","potentialAction":[{"@type":"SearchAction","target":{"@type":"EntryPoint","urlTemplate":"https:\/\/www.utrinitas-m.co.id\/?s={search_term_string}"},"query-input":{"@type":"PropertyValueSpecification","valueRequired":true,"valueName":"search_term_string"}}],"inLanguage":"en-US"}]}},"_links":{"self":[{"href":"https:\/\/utrinitas-m.co.id\/en\/wp-json\/wp\/v2\/product\/4343","targetHints":{"allow":["GET"]}}],"collection":[{"href":"https:\/\/utrinitas-m.co.id\/en\/wp-json\/wp\/v2\/product"}],"about":[{"href":"https:\/\/utrinitas-m.co.id\/en\/wp-json\/wp\/v2\/types\/product"}],"replies":[{"embeddable":true,"href":"https:\/\/utrinitas-m.co.id\/en\/wp-json\/wp\/v2\/comments?post=4343"}],"wp:featuredmedia":[{"embeddable":true,"href":"https:\/\/utrinitas-m.co.id\/en\/wp-json\/wp\/v2\/media\/2413"}],"wp:attachment":[{"href":"https:\/\/utrinitas-m.co.id\/en\/wp-json\/wp\/v2\/media?parent=4343"}],"wp:term":[{"taxonomy":"product_brand","embeddable":true,"href":"https:\/\/utrinitas-m.co.id\/en\/wp-json\/wp\/v2\/product_brand?post=4343"},{"taxonomy":"product_cat","embeddable":true,"href":"https:\/\/utrinitas-m.co.id\/en\/wp-json\/wp\/v2\/product_cat?post=4343"},{"taxonomy":"product_tag","embeddable":true,"href":"https:\/\/utrinitas-m.co.id\/en\/wp-json\/wp\/v2\/product_tag?post=4343"}],"curies":[{"name":"wp","href":"https:\/\/api.w.org\/{rel}","templated":true}]}}