{"id":4346,"date":"2025-11-07T17:52:52","date_gmt":"2025-11-07T17:52:52","guid":{"rendered":"http:\/\/utrinitas-m.co.id\/product\/ftth-indoor-drop-cable\/"},"modified":"2025-11-09T15:52:41","modified_gmt":"2025-11-09T15:52:41","slug":"ftth-indoor-drop-cable","status":"publish","type":"product","link":"https:\/\/utrinitas-m.co.id\/en\/product\/ftth-indoor-drop-cable\/","title":{"rendered":"FTTH Indoor Drop Cable"},"content":{"rendered":"<div class=\"wp-block-gutena-tabs gutena-tabs-block gutena-tabs-block-8f09a8-fd\"><ul class=\"gutena-tabs-tab tab-left\"><li class=\"gutena-tab-title active\" data-tab=\"1\"><div class=\"gutena-tab-title-content icon-top\"><div class=\"gutena-tab-title-text\"><div>Product Features<\/div><\/div><\/div><\/li><li class=\"gutena-tab-title inactive\" data-tab=\"2\"><div class=\"gutena-tab-title-content icon-top\"><div class=\"gutena-tab-title-text\"><div>Product Specification<\/div><\/div><\/div><\/li><\/ul><div class=\"gutena-tabs-content is-layout-flow wp-block-gutena-tabs-is-layout-flow\">\n<div class=\"wp-block-gutena-tab gutena-tab-block gutena-tab-block-b07270-76 active\" data-tab=\"1\">\n<ul class=\"wp-block-list\">\n<li>Robust and lightweight<\/li>\n\n\n\n<li>Colour coded fibers for easy identification<\/li>\n\n\n\n<li>LSZH jacket for internal use<\/li>\n\n\n\n<li>Standard cable length of 1 Km<\/li>\n<\/ul>\n<\/div>\n\n\n\n<div class=\"wp-block-gutena-tab gutena-tab-block gutena-tab-block-0549ea-bf inactive\" data-tab=\"2\">\n<figure class=\"wp-block-table\"><table class=\"has-fixed-layout\"><tbody><tr><td>Primary Coating Color Layer<\/td><td>250 \u00c3\u201a\u00c2\u00b1 15 micro m<\/td><\/tr><tr><td>Dielectric Strength Member<\/td><td>FRP \u00c3\u0192\u00cb\u0153 0.58 \u00c3\u201a\u00c2\u00b1 0.05mm<\/td><\/tr><tr><td>Outer Jacket<\/td><td>Outer Jacket LSZH<\/td><\/tr><tr><td>Temperature Range<\/td><td>-40 C to +60 C<\/td><\/tr><\/tbody><\/table><\/figure>\n<\/div>\n<\/div><\/div>","protected":false},"excerpt":{"rendered":"<p>Indoor cable is constructed with one or two single mode fiber protected by dielectric strength member made of fiberglass reinforced plastic (FRP) and a LSZH outer jacket. Ideal for use in FTTH applications between the building\u00c3\u00a2\u00e2\u201a\u00ac\u00e2\u201e\u00a2s main telecommunications room and the apartment\/office consolidation point. Utilizing a 250mm fiber, the cable unit is suitable for use with industry standard connector.<\/p>","protected":false},"featured_media":2419,"comment_status":"open","ping_status":"closed","template":"","meta":[],"product_brand":[],"product_cat":[271,268],"product_tag":[],"class_list":{"0":"post-4346","1":"product","2":"type-product","3":"status-publish","4":"has-post-thumbnail","6":"product_cat-ftth-cable-2","7":"product_cat-ftth-solutions-2","8":"entry","10":"first","11":"instock","12":"shipping-taxable","13":"product-type-simple"},"yoast_head":"<!-- This site is optimized with the Yoast SEO plugin v26.5 - https:\/\/yoast.com\/wordpress\/plugins\/seo\/ -->\n<title>FTTH Indoor Drop Cable - PT Usaha Trinitas Makmur<\/title>\n<meta name=\"robots\" content=\"index, follow, max-snippet:-1, max-image-preview:large, max-video-preview:-1\" \/>\n<link rel=\"canonical\" href=\"https:\/\/utrinitas-m.co.id\/en\/product\/ftth-indoor-drop-cable\/\" \/>\n<meta property=\"og:locale\" content=\"en_US\" \/>\n<meta property=\"og:type\" content=\"article\" \/>\n<meta property=\"og:title\" content=\"FTTH Indoor Drop Cable - PT Usaha Trinitas Makmur\" \/>\n<meta property=\"og:description\" content=\"Kabel dalam ruangan dibuat dengan satu atau dua serat mode tunggal yang dilindungi oleh elemen kekuatan dielektrik yang terbuat dari plastik yang diperkuat fiberglass (FRP) dan lapisan luar LSZH. Ideal untuk digunakan dalam aplikasi FTTH antara ruang telekomunikasi utama gedung dan titik konsolidasi apartemen\/kantor. Dengan menggunakan serat 250 mm, unit kabel ini cocok untuk digunakan dengan konektor standar industri.\" \/>\n<meta property=\"og:url\" content=\"https:\/\/utrinitas-m.co.id\/en\/product\/ftth-indoor-drop-cable\/\" \/>\n<meta property=\"og:site_name\" content=\"PT Usaha Trinitas Makmur\" \/>\n<meta property=\"article:publisher\" content=\"https:\/\/www.facebook.com\/profile.php?id=61561130462800\" \/>\n<meta property=\"article:modified_time\" content=\"2025-11-09T15:52:41+00:00\" \/>\n<meta property=\"og:image\" content=\"https:\/\/utrinitas-m.co.id\/wp-content\/uploads\/2024\/11\/FTTH-INDOOR-DROP-CABLE.jpg\" \/>\n\t<meta property=\"og:image:width\" content=\"1181\" \/>\n\t<meta property=\"og:image:height\" content=\"1181\" \/>\n\t<meta property=\"og:image:type\" content=\"image\/jpeg\" \/>\n<meta name=\"twitter:card\" content=\"summary_large_image\" \/>\n<script type=\"application\/ld+json\" class=\"yoast-schema-graph\">{\"@context\":\"https:\/\/schema.org\",\"@graph\":[{\"@type\":\"WebPage\",\"@id\":\"https:\/\/utrinitas-m.co.id\/en\/product\/ftth-indoor-drop-cable\/\",\"url\":\"https:\/\/utrinitas-m.co.id\/en\/product\/ftth-indoor-drop-cable\/\",\"name\":\"FTTH Indoor Drop Cable - PT Usaha Trinitas Makmur\",\"isPartOf\":{\"@id\":\"https:\/\/www.utrinitas-m.co.id\/#website\"},\"primaryImageOfPage\":{\"@id\":\"https:\/\/utrinitas-m.co.id\/en\/product\/ftth-indoor-drop-cable\/#primaryimage\"},\"image\":{\"@id\":\"https:\/\/utrinitas-m.co.id\/en\/product\/ftth-indoor-drop-cable\/#primaryimage\"},\"thumbnailUrl\":\"https:\/\/utrinitas-m.co.id\/wp-content\/uploads\/2024\/11\/FTTH-INDOOR-DROP-CABLE.jpg\",\"datePublished\":\"2025-11-07T17:52:52+00:00\",\"dateModified\":\"2025-11-09T15:52:41+00:00\",\"breadcrumb\":{\"@id\":\"https:\/\/utrinitas-m.co.id\/en\/product\/ftth-indoor-drop-cable\/#breadcrumb\"},\"inLanguage\":\"en-US\",\"potentialAction\":[{\"@type\":\"ReadAction\",\"target\":[\"https:\/\/utrinitas-m.co.id\/en\/product\/ftth-indoor-drop-cable\/\"]}]},{\"@type\":\"ImageObject\",\"inLanguage\":\"en-US\",\"@id\":\"https:\/\/utrinitas-m.co.id\/en\/product\/ftth-indoor-drop-cable\/#primaryimage\",\"url\":\"https:\/\/utrinitas-m.co.id\/wp-content\/uploads\/2024\/11\/FTTH-INDOOR-DROP-CABLE.jpg\",\"contentUrl\":\"https:\/\/utrinitas-m.co.id\/wp-content\/uploads\/2024\/11\/FTTH-INDOOR-DROP-CABLE.jpg\",\"width\":1181,\"height\":1181},{\"@type\":\"BreadcrumbList\",\"@id\":\"https:\/\/utrinitas-m.co.id\/en\/product\/ftth-indoor-drop-cable\/#breadcrumb\",\"itemListElement\":[{\"@type\":\"ListItem\",\"position\":1,\"name\":\"Home\",\"item\":\"https:\/\/utrinitas-m.co.id\/en\/\"},{\"@type\":\"ListItem\",\"position\":2,\"name\":\"Shop\",\"item\":\"https:\/\/www.utrinitas-m.co.id\/shop\/\"},{\"@type\":\"ListItem\",\"position\":3,\"name\":\"FTTH Indoor Drop Cable\"}]},{\"@type\":\"WebSite\",\"@id\":\"https:\/\/www.utrinitas-m.co.id\/#website\",\"url\":\"https:\/\/www.utrinitas-m.co.id\/\",\"name\":\"PT Usaha Trinitas Makmur\",\"description\":\"PT Usaha Trinitas Makmur BERSIAP MENUJU TELEKOMUNIKASI MASA DEPAN\",\"potentialAction\":[{\"@type\":\"SearchAction\",\"target\":{\"@type\":\"EntryPoint\",\"urlTemplate\":\"https:\/\/www.utrinitas-m.co.id\/?s={search_term_string}\"},\"query-input\":{\"@type\":\"PropertyValueSpecification\",\"valueRequired\":true,\"valueName\":\"search_term_string\"}}],\"inLanguage\":\"en-US\"}]}<\/script>\n<!-- \/ Yoast SEO plugin. -->","yoast_head_json":{"title":"FTTH Indoor Drop Cable - PT Usaha Trinitas Makmur","robots":{"index":"index","follow":"follow","max-snippet":"max-snippet:-1","max-image-preview":"max-image-preview:large","max-video-preview":"max-video-preview:-1"},"canonical":"https:\/\/utrinitas-m.co.id\/en\/product\/ftth-indoor-drop-cable\/","og_locale":"en_US","og_type":"article","og_title":"FTTH Indoor Drop Cable - PT Usaha Trinitas Makmur","og_description":"Kabel dalam ruangan dibuat dengan satu atau dua serat mode tunggal yang dilindungi oleh elemen kekuatan dielektrik yang terbuat dari plastik yang diperkuat fiberglass (FRP) dan lapisan luar LSZH. Ideal untuk digunakan dalam aplikasi FTTH antara ruang telekomunikasi utama gedung dan titik konsolidasi apartemen\/kantor. Dengan menggunakan serat 250 mm, unit kabel ini cocok untuk digunakan dengan konektor standar industri.","og_url":"https:\/\/utrinitas-m.co.id\/en\/product\/ftth-indoor-drop-cable\/","og_site_name":"PT Usaha Trinitas Makmur","article_publisher":"https:\/\/www.facebook.com\/profile.php?id=61561130462800","article_modified_time":"2025-11-09T15:52:41+00:00","og_image":[{"width":1181,"height":1181,"url":"https:\/\/utrinitas-m.co.id\/wp-content\/uploads\/2024\/11\/FTTH-INDOOR-DROP-CABLE.jpg","type":"image\/jpeg"}],"twitter_card":"summary_large_image","schema":{"@context":"https:\/\/schema.org","@graph":[{"@type":"WebPage","@id":"https:\/\/utrinitas-m.co.id\/en\/product\/ftth-indoor-drop-cable\/","url":"https:\/\/utrinitas-m.co.id\/en\/product\/ftth-indoor-drop-cable\/","name":"FTTH Indoor Drop Cable - PT Usaha Trinitas Makmur","isPartOf":{"@id":"https:\/\/www.utrinitas-m.co.id\/#website"},"primaryImageOfPage":{"@id":"https:\/\/utrinitas-m.co.id\/en\/product\/ftth-indoor-drop-cable\/#primaryimage"},"image":{"@id":"https:\/\/utrinitas-m.co.id\/en\/product\/ftth-indoor-drop-cable\/#primaryimage"},"thumbnailUrl":"https:\/\/utrinitas-m.co.id\/wp-content\/uploads\/2024\/11\/FTTH-INDOOR-DROP-CABLE.jpg","datePublished":"2025-11-07T17:52:52+00:00","dateModified":"2025-11-09T15:52:41+00:00","breadcrumb":{"@id":"https:\/\/utrinitas-m.co.id\/en\/product\/ftth-indoor-drop-cable\/#breadcrumb"},"inLanguage":"en-US","potentialAction":[{"@type":"ReadAction","target":["https:\/\/utrinitas-m.co.id\/en\/product\/ftth-indoor-drop-cable\/"]}]},{"@type":"ImageObject","inLanguage":"en-US","@id":"https:\/\/utrinitas-m.co.id\/en\/product\/ftth-indoor-drop-cable\/#primaryimage","url":"https:\/\/utrinitas-m.co.id\/wp-content\/uploads\/2024\/11\/FTTH-INDOOR-DROP-CABLE.jpg","contentUrl":"https:\/\/utrinitas-m.co.id\/wp-content\/uploads\/2024\/11\/FTTH-INDOOR-DROP-CABLE.jpg","width":1181,"height":1181},{"@type":"BreadcrumbList","@id":"https:\/\/utrinitas-m.co.id\/en\/product\/ftth-indoor-drop-cable\/#breadcrumb","itemListElement":[{"@type":"ListItem","position":1,"name":"Home","item":"https:\/\/utrinitas-m.co.id\/en\/"},{"@type":"ListItem","position":2,"name":"Shop","item":"https:\/\/www.utrinitas-m.co.id\/shop\/"},{"@type":"ListItem","position":3,"name":"FTTH Indoor Drop Cable"}]},{"@type":"WebSite","@id":"https:\/\/www.utrinitas-m.co.id\/#website","url":"https:\/\/www.utrinitas-m.co.id\/","name":"PT Usaha Trinitas Makmur","description":"PT Usaha Trinitas Makmur READY FOR THE FUTURE OF TELECOMMUNICATIONS","potentialAction":[{"@type":"SearchAction","target":{"@type":"EntryPoint","urlTemplate":"https:\/\/www.utrinitas-m.co.id\/?s={search_term_string}"},"query-input":{"@type":"PropertyValueSpecification","valueRequired":true,"valueName":"search_term_string"}}],"inLanguage":"en-US"}]}},"_links":{"self":[{"href":"https:\/\/utrinitas-m.co.id\/en\/wp-json\/wp\/v2\/product\/4346","targetHints":{"allow":["GET"]}}],"collection":[{"href":"https:\/\/utrinitas-m.co.id\/en\/wp-json\/wp\/v2\/product"}],"about":[{"href":"https:\/\/utrinitas-m.co.id\/en\/wp-json\/wp\/v2\/types\/product"}],"replies":[{"embeddable":true,"href":"https:\/\/utrinitas-m.co.id\/en\/wp-json\/wp\/v2\/comments?post=4346"}],"wp:featuredmedia":[{"embeddable":true,"href":"https:\/\/utrinitas-m.co.id\/en\/wp-json\/wp\/v2\/media\/2419"}],"wp:attachment":[{"href":"https:\/\/utrinitas-m.co.id\/en\/wp-json\/wp\/v2\/media?parent=4346"}],"wp:term":[{"taxonomy":"product_brand","embeddable":true,"href":"https:\/\/utrinitas-m.co.id\/en\/wp-json\/wp\/v2\/product_brand?post=4346"},{"taxonomy":"product_cat","embeddable":true,"href":"https:\/\/utrinitas-m.co.id\/en\/wp-json\/wp\/v2\/product_cat?post=4346"},{"taxonomy":"product_tag","embeddable":true,"href":"https:\/\/utrinitas-m.co.id\/en\/wp-json\/wp\/v2\/product_tag?post=4346"}],"curies":[{"name":"wp","href":"https:\/\/api.w.org\/{rel}","templated":true}]}}