{"id":4391,"date":"2025-11-07T17:53:27","date_gmt":"2025-11-07T17:53:27","guid":{"rendered":"http:\/\/utrinitas-m.co.id\/product\/om3-lc-st-multimode-duplex-fiber-patch-cable\/"},"modified":"2025-11-14T23:43:40","modified_gmt":"2025-11-14T16:43:40","slug":"om3-lc-st-multimode-duplex-fiber-patch-cable","status":"publish","type":"product","link":"https:\/\/utrinitas-m.co.id\/en\/product\/om3-lc-st-multimode-duplex-fiber-patch-cable\/","title":{"rendered":"OM3 LC ST Multimode Duplex Fiber Patch Cable"},"content":{"rendered":"<div class=\"wp-block-gutena-tabs gutena-tabs-block gutena-tabs-block-b2fe04-a9\"><ul class=\"gutena-tabs-tab tab-left\"><li class=\"gutena-tab-title active\" data-tab=\"1\"><div class=\"gutena-tab-title-content icon-top\"><div class=\"gutena-tab-title-text\"><div>Product Features<\/div><\/div><\/div><\/li><li class=\"gutena-tab-title inactive\" data-tab=\"2\"><div class=\"gutena-tab-title-content icon-top\"><div class=\"gutena-tab-title-text\"><div>Product Specification<\/div><\/div><\/div><\/li><\/ul><div class=\"gutena-tabs-content is-layout-flow wp-block-gutena-tabs-is-layout-flow\">\n<div class=\"wp-block-gutena-tab gutena-tab-block gutena-tab-block-4b3947-a8 active\" data-tab=\"1\">\n<p style=\"margin-top:0;margin-bottom:0\" class=\"translation-block\"><ul>\n  <li>Supports 10 Gigabit data transmission speed<\/li>\n  <li>Connectors use UPC polish<\/li>\n  <li>Ceramic ferrule provides alignment<\/li>\n  <li>OM3 50\/125 optical fiber glass<\/li>\n  <li>Used to connect patch panels and\/or network devices requiring 50\/125 multimode cable<\/li>\n  <li>Fully compliant with international industry standards<\/li>\n  <li>Meets high bandwidth requirements<\/li>\n  <li>Used with LED and VCSEL laser light sources<\/li>\n  <li>Compatible with 50\/125 LED-based multimode fiber applications<\/li>\n<\/ul><\/p>\n\n\n\n<p style=\"margin-top:0;margin-bottom:0\"><\/p>\n\n\n\n<p style=\"margin-top:0;margin-bottom:0\"><\/p>\n\n\n\n<p style=\"margin-top:0;margin-bottom:0\"><\/p>\n\n\n\n<p style=\"margin-top:0;margin-bottom:0\"><\/p>\n\n\n\n<p style=\"margin-top:0;margin-bottom:0\"><\/p>\n\n\n\n<p style=\"margin-top:0;margin-bottom:0\"><\/p>\n\n\n\n<p style=\"margin-top:0;margin-bottom:0\"><\/p>\n\n\n\n<p style=\"margin-top:0;margin-bottom:0\"><\/p>\n\n\n\n<p style=\"margin-top:0;margin-bottom:0\"><\/p>\n\n\n\n<p style=\"margin-top:0;margin-bottom:0\"><\/p>\n\n\n\n<p style=\"margin-top:0;margin-bottom:0\"><\/p>\n\n\n\n<p style=\"margin-top:0;margin-bottom:0\"><\/p>\n\n\n\n<p style=\"margin-top:0;margin-bottom:0\"><\/p>\n\n\n\n<p style=\"margin-top:0;margin-bottom:0\"><\/p>\n\n\n\n<p style=\"margin-top:0;margin-bottom:0\"><\/p>\n\n\n\n<p style=\"margin-top:0;margin-bottom:0\"><\/p>\n\n\n\n<p style=\"margin-top:0;margin-bottom:0\"><\/p>\n\n\n\n<p style=\"margin-top:0;margin-bottom:0\"><\/p>\n\n\n\n<p style=\"margin-top:0;margin-bottom:0\"><\/p>\n\n\n\n<p style=\"margin-top:0;margin-bottom:0\"><\/p>\n\n\n\n<p style=\"margin-top:0;margin-bottom:0\"><\/p>\n\n\n\n<p style=\"margin-top:0;margin-bottom:0\"><\/p>\n\n\n\n<p style=\"margin-top:0;margin-bottom:0\"><\/p>\n\n\n\n<p style=\"margin-top:0;margin-bottom:0\"><\/p>\n\n\n\n<p style=\"margin-top:0;margin-bottom:0\"><\/p>\n\n\n\n<p style=\"margin-top:0;margin-bottom:0\"><\/p>\n\n\n\n<p style=\"margin-top:0;margin-bottom:0\"><\/p>\n\n\n\n<p style=\"margin-top:0;margin-bottom:0\"><\/p>\n\n\n\n<p style=\"margin-top:0;margin-bottom:0\"><\/p>\n\n\n\n<p style=\"margin-top:0;margin-bottom:0\"><\/p>\n\n\n\n<p style=\"margin-top:0;margin-bottom:0\"><\/p>\n\n\n\n<p style=\"margin-top:0;margin-bottom:0\"><\/p>\n\n\n\n<p style=\"margin-top:0;margin-bottom:0\"><\/p>\n\n\n\n<p style=\"margin-top:0;margin-bottom:0\"><\/p>\n\n\n\n<p style=\"margin-top:0;margin-bottom:0\"><\/p>\n\n\n\n<p style=\"margin-top:0;margin-bottom:0\"><\/p>\n\n\n\n<p style=\"margin-top:0;margin-bottom:0\"><\/p>\n\n\n\n<p style=\"margin-top:0;margin-bottom:0\"><\/p>\n\n\n\n<p style=\"margin-top:0;margin-bottom:0\"><\/p>\n\n\n\n<p style=\"margin-top:0;margin-bottom:0\"><\/p>\n<\/div>\n\n\n\n<div class=\"wp-block-gutena-tab gutena-tab-block gutena-tab-block-2a4f82-74 inactive\" data-tab=\"2\">\n<figure class=\"wp-block-table\"><table class=\"has-fixed-layout\"><tbody><tr><td>Color<\/td><td>Aqua<\/td><\/tr><tr><td>Length<\/td><td>2.00 Meter<\/td><\/tr><tr><td>Jacket Rating<\/td><td>Standard Non-Rated<\/td><\/tr><tr><td>Attenuation at 1300 nm<\/td><td>1,0 dB\/km<\/td><\/tr><tr><td>Vendor<\/td><td>1.0 dB\/km<\/td><\/tr><tr><td>Weight<\/td><td>0,034 kg<\/td><\/tr><tr><td>Buffer Material<\/td><td>PVC<\/td><\/tr><tr><td>Buffer OD<\/td><td>900 \u00c3\u017d\u00c2\u00bcm<\/td><\/tr><tr><td>Crush Resistance<\/td><td>750 N\/cm<\/td><\/tr><tr><td>Impact Resistance<\/td><td>1,000 cycles<\/td><\/tr><tr><td>Flex Resistance<\/td><td>5,000 cycles<\/td><\/tr><tr><td>Operating temperature<\/td><td>-20\u00c3\u201a\u00c2\u00b0C to +70\u00c3\u201a\u00c2\u00b0C<\/td><\/tr><\/tbody><\/table><\/figure>\n<\/div>\n<\/div><\/div>","protected":false},"excerpt":{"rendered":"<p class=\"translation-block\">Here\u00c3\u00a2\u00e2\u201a\u00ac\u00e2\u201e\u00a2s the translation with HTML tags:\n\n```html\n<span>We provide OM3 multimode LC to ST 10Gigabit optical fiber cables that can transmit 10G signals. This 10Gig optical patch cable<\/span><br><span>is designed to meet these requirements. This LC-ST duplex 10G optical patch cable uses OM3 50\/125 aqua fiber glass<\/span><br><span>and is typically used in 10 Gigabit Ethernet. Our 10Gig optical patch cable supports bandwidth as specified<\/span><br><span>by IEEE802.3z, which is intended for Gigabit Ethernet. The duplex 10Gig optical patch cable is manufactured according to<\/span><br><span>TIA-492AAAC-A standards for OM3 cables, and the common cable color is in line with the aqua standard.<\/span>\n```<\/p>","protected":false},"featured_media":2242,"comment_status":"open","ping_status":"closed","template":"","meta":[],"product_brand":[],"product_cat":[244,243,255],"product_tag":[],"class_list":{"0":"post-4391","1":"product","2":"type-product","3":"status-publish","4":"has-post-thumbnail","6":"product_cat-fiber-assemblies-2","7":"product_cat-fiber-optic-3","8":"product_cat-om3-fiber-cables-2","9":"entry","11":"first","12":"instock","13":"shipping-taxable","14":"product-type-simple"},"yoast_head":"<!-- This site is optimized with the Yoast SEO plugin v26.5 - https:\/\/yoast.com\/wordpress\/plugins\/seo\/ -->\n<title>OM3 LC ST Multimode Duplex Fiber Patch Cable - PT Usaha Trinitas Makmur<\/title>\n<meta name=\"robots\" content=\"index, follow, max-snippet:-1, max-image-preview:large, max-video-preview:-1\" \/>\n<link rel=\"canonical\" href=\"https:\/\/utrinitas-m.co.id\/en\/product\/om3-lc-st-multimode-duplex-fiber-patch-cable\/\" \/>\n<meta property=\"og:locale\" content=\"en_US\" \/>\n<meta property=\"og:type\" content=\"article\" \/>\n<meta property=\"og:title\" content=\"OM3 LC ST Multimode Duplex Fiber Patch Cable - PT Usaha Trinitas Makmur\" \/>\n<meta property=\"og:description\" content=\"Kami menyediakan kabel serat optik multimode LC ke ST 10Gigabit OM3 yang dapat mengirimkan sinyal 10G. Kabel patch serat optik 10Gigdirancang untuk memenuhi persyaratan ini, kabel patch serat optik dupleks LC-ST 10G ini menggunakan kaca serat OM3 50\/125 aquadan biasanya digunakan dalam Ethernet 10 Gigabit, kabel patch serat optik 10gigabit kami mendukung bandwidth seperti yang ditentukanIEEE802.3z yang ditujukan untuk gigbit ethernet. Kabel patch serat optik dupleks 10gig diproduksi sesuai denganstandar TIA-492AAAC-A untuk kabel OM3, dan warna kabel yang umum adalah sesuai dengan standar aqua.\" \/>\n<meta property=\"og:url\" content=\"https:\/\/utrinitas-m.co.id\/en\/product\/om3-lc-st-multimode-duplex-fiber-patch-cable\/\" \/>\n<meta property=\"og:site_name\" content=\"PT Usaha Trinitas Makmur\" \/>\n<meta property=\"article:publisher\" content=\"https:\/\/www.facebook.com\/profile.php?id=61561130462800\" \/>\n<meta property=\"article:modified_time\" content=\"2025-11-14T16:43:40+00:00\" \/>\n<meta property=\"og:image\" content=\"https:\/\/utrinitas-m.co.id\/wp-content\/uploads\/2024\/11\/OM3-LC-ST-Multimode-Duplex-Fiber-Patch-Cable.jpg\" \/>\n\t<meta property=\"og:image:width\" content=\"591\" \/>\n\t<meta property=\"og:image:height\" content=\"394\" \/>\n\t<meta property=\"og:image:type\" content=\"image\/jpeg\" \/>\n<meta name=\"twitter:card\" content=\"summary_large_image\" \/>\n<script type=\"application\/ld+json\" class=\"yoast-schema-graph\">{\"@context\":\"https:\/\/schema.org\",\"@graph\":[{\"@type\":\"WebPage\",\"@id\":\"https:\/\/utrinitas-m.co.id\/en\/product\/om3-lc-st-multimode-duplex-fiber-patch-cable\/\",\"url\":\"https:\/\/utrinitas-m.co.id\/en\/product\/om3-lc-st-multimode-duplex-fiber-patch-cable\/\",\"name\":\"OM3 LC ST Multimode Duplex Fiber Patch Cable - PT Usaha Trinitas Makmur\",\"isPartOf\":{\"@id\":\"https:\/\/www.utrinitas-m.co.id\/#website\"},\"primaryImageOfPage\":{\"@id\":\"https:\/\/utrinitas-m.co.id\/en\/product\/om3-lc-st-multimode-duplex-fiber-patch-cable\/#primaryimage\"},\"image\":{\"@id\":\"https:\/\/utrinitas-m.co.id\/en\/product\/om3-lc-st-multimode-duplex-fiber-patch-cable\/#primaryimage\"},\"thumbnailUrl\":\"https:\/\/utrinitas-m.co.id\/wp-content\/uploads\/2024\/11\/OM3-LC-ST-Multimode-Duplex-Fiber-Patch-Cable.jpg\",\"datePublished\":\"2025-11-07T17:53:27+00:00\",\"dateModified\":\"2025-11-14T16:43:40+00:00\",\"breadcrumb\":{\"@id\":\"https:\/\/utrinitas-m.co.id\/en\/product\/om3-lc-st-multimode-duplex-fiber-patch-cable\/#breadcrumb\"},\"inLanguage\":\"en-US\",\"potentialAction\":[{\"@type\":\"ReadAction\",\"target\":[\"https:\/\/utrinitas-m.co.id\/en\/product\/om3-lc-st-multimode-duplex-fiber-patch-cable\/\"]}]},{\"@type\":\"ImageObject\",\"inLanguage\":\"en-US\",\"@id\":\"https:\/\/utrinitas-m.co.id\/en\/product\/om3-lc-st-multimode-duplex-fiber-patch-cable\/#primaryimage\",\"url\":\"https:\/\/utrinitas-m.co.id\/wp-content\/uploads\/2024\/11\/OM3-LC-ST-Multimode-Duplex-Fiber-Patch-Cable.jpg\",\"contentUrl\":\"https:\/\/utrinitas-m.co.id\/wp-content\/uploads\/2024\/11\/OM3-LC-ST-Multimode-Duplex-Fiber-Patch-Cable.jpg\",\"width\":591,\"height\":394},{\"@type\":\"BreadcrumbList\",\"@id\":\"https:\/\/utrinitas-m.co.id\/en\/product\/om3-lc-st-multimode-duplex-fiber-patch-cable\/#breadcrumb\",\"itemListElement\":[{\"@type\":\"ListItem\",\"position\":1,\"name\":\"Home\",\"item\":\"https:\/\/utrinitas-m.co.id\/en\/\"},{\"@type\":\"ListItem\",\"position\":2,\"name\":\"Shop\",\"item\":\"https:\/\/www.utrinitas-m.co.id\/shop\/\"},{\"@type\":\"ListItem\",\"position\":3,\"name\":\"OM3 LC ST Multimode Duplex Fiber Patch Cable\"}]},{\"@type\":\"WebSite\",\"@id\":\"https:\/\/www.utrinitas-m.co.id\/#website\",\"url\":\"https:\/\/www.utrinitas-m.co.id\/\",\"name\":\"PT Usaha Trinitas Makmur\",\"description\":\"PT Usaha Trinitas Makmur BERSIAP MENUJU TELEKOMUNIKASI MASA DEPAN\",\"potentialAction\":[{\"@type\":\"SearchAction\",\"target\":{\"@type\":\"EntryPoint\",\"urlTemplate\":\"https:\/\/www.utrinitas-m.co.id\/?s={search_term_string}\"},\"query-input\":{\"@type\":\"PropertyValueSpecification\",\"valueRequired\":true,\"valueName\":\"search_term_string\"}}],\"inLanguage\":\"en-US\"}]}<\/script>\n<!-- \/ Yoast SEO plugin. -->","yoast_head_json":{"title":"OM3 LC ST Multimode Duplex Fiber Patch Cable - PT Usaha Trinitas Makmur","robots":{"index":"index","follow":"follow","max-snippet":"max-snippet:-1","max-image-preview":"max-image-preview:large","max-video-preview":"max-video-preview:-1"},"canonical":"https:\/\/utrinitas-m.co.id\/en\/product\/om3-lc-st-multimode-duplex-fiber-patch-cable\/","og_locale":"en_US","og_type":"article","og_title":"OM3 LC ST Multimode Duplex Fiber Patch Cable - PT Usaha Trinitas Makmur","og_description":"Kami menyediakan kabel serat optik multimode LC ke ST 10Gigabit OM3 yang dapat mengirimkan sinyal 10G. Kabel patch serat optik 10Gigdirancang untuk memenuhi persyaratan ini, kabel patch serat optik dupleks LC-ST 10G ini menggunakan kaca serat OM3 50\/125 aquadan biasanya digunakan dalam Ethernet 10 Gigabit, kabel patch serat optik 10gigabit kami mendukung bandwidth seperti yang ditentukanIEEE802.3z yang ditujukan untuk gigbit ethernet. Kabel patch serat optik dupleks 10gig diproduksi sesuai denganstandar TIA-492AAAC-A untuk kabel OM3, dan warna kabel yang umum adalah sesuai dengan standar aqua.","og_url":"https:\/\/utrinitas-m.co.id\/en\/product\/om3-lc-st-multimode-duplex-fiber-patch-cable\/","og_site_name":"PT Usaha Trinitas Makmur","article_publisher":"https:\/\/www.facebook.com\/profile.php?id=61561130462800","article_modified_time":"2025-11-14T16:43:40+00:00","og_image":[{"width":591,"height":394,"url":"https:\/\/utrinitas-m.co.id\/wp-content\/uploads\/2024\/11\/OM3-LC-ST-Multimode-Duplex-Fiber-Patch-Cable.jpg","type":"image\/jpeg"}],"twitter_card":"summary_large_image","schema":{"@context":"https:\/\/schema.org","@graph":[{"@type":"WebPage","@id":"https:\/\/utrinitas-m.co.id\/en\/product\/om3-lc-st-multimode-duplex-fiber-patch-cable\/","url":"https:\/\/utrinitas-m.co.id\/en\/product\/om3-lc-st-multimode-duplex-fiber-patch-cable\/","name":"OM3 LC ST Multimode Duplex Fiber Patch Cable - PT Usaha Trinitas Makmur","isPartOf":{"@id":"https:\/\/www.utrinitas-m.co.id\/#website"},"primaryImageOfPage":{"@id":"https:\/\/utrinitas-m.co.id\/en\/product\/om3-lc-st-multimode-duplex-fiber-patch-cable\/#primaryimage"},"image":{"@id":"https:\/\/utrinitas-m.co.id\/en\/product\/om3-lc-st-multimode-duplex-fiber-patch-cable\/#primaryimage"},"thumbnailUrl":"https:\/\/utrinitas-m.co.id\/wp-content\/uploads\/2024\/11\/OM3-LC-ST-Multimode-Duplex-Fiber-Patch-Cable.jpg","datePublished":"2025-11-07T17:53:27+00:00","dateModified":"2025-11-14T16:43:40+00:00","breadcrumb":{"@id":"https:\/\/utrinitas-m.co.id\/en\/product\/om3-lc-st-multimode-duplex-fiber-patch-cable\/#breadcrumb"},"inLanguage":"en-US","potentialAction":[{"@type":"ReadAction","target":["https:\/\/utrinitas-m.co.id\/en\/product\/om3-lc-st-multimode-duplex-fiber-patch-cable\/"]}]},{"@type":"ImageObject","inLanguage":"en-US","@id":"https:\/\/utrinitas-m.co.id\/en\/product\/om3-lc-st-multimode-duplex-fiber-patch-cable\/#primaryimage","url":"https:\/\/utrinitas-m.co.id\/wp-content\/uploads\/2024\/11\/OM3-LC-ST-Multimode-Duplex-Fiber-Patch-Cable.jpg","contentUrl":"https:\/\/utrinitas-m.co.id\/wp-content\/uploads\/2024\/11\/OM3-LC-ST-Multimode-Duplex-Fiber-Patch-Cable.jpg","width":591,"height":394},{"@type":"BreadcrumbList","@id":"https:\/\/utrinitas-m.co.id\/en\/product\/om3-lc-st-multimode-duplex-fiber-patch-cable\/#breadcrumb","itemListElement":[{"@type":"ListItem","position":1,"name":"Home","item":"https:\/\/utrinitas-m.co.id\/en\/"},{"@type":"ListItem","position":2,"name":"Shop","item":"https:\/\/www.utrinitas-m.co.id\/shop\/"},{"@type":"ListItem","position":3,"name":"OM3 LC ST Multimode Duplex Fiber Patch Cable"}]},{"@type":"WebSite","@id":"https:\/\/www.utrinitas-m.co.id\/#website","url":"https:\/\/www.utrinitas-m.co.id\/","name":"PT Usaha Trinitas Makmur","description":"PT Usaha Trinitas Makmur READY FOR THE FUTURE OF TELECOMMUNICATIONS","potentialAction":[{"@type":"SearchAction","target":{"@type":"EntryPoint","urlTemplate":"https:\/\/www.utrinitas-m.co.id\/?s={search_term_string}"},"query-input":{"@type":"PropertyValueSpecification","valueRequired":true,"valueName":"search_term_string"}}],"inLanguage":"en-US"}]}},"_links":{"self":[{"href":"https:\/\/utrinitas-m.co.id\/en\/wp-json\/wp\/v2\/product\/4391","targetHints":{"allow":["GET"]}}],"collection":[{"href":"https:\/\/utrinitas-m.co.id\/en\/wp-json\/wp\/v2\/product"}],"about":[{"href":"https:\/\/utrinitas-m.co.id\/en\/wp-json\/wp\/v2\/types\/product"}],"replies":[{"embeddable":true,"href":"https:\/\/utrinitas-m.co.id\/en\/wp-json\/wp\/v2\/comments?post=4391"}],"wp:featuredmedia":[{"embeddable":true,"href":"https:\/\/utrinitas-m.co.id\/en\/wp-json\/wp\/v2\/media\/2242"}],"wp:attachment":[{"href":"https:\/\/utrinitas-m.co.id\/en\/wp-json\/wp\/v2\/media?parent=4391"}],"wp:term":[{"taxonomy":"product_brand","embeddable":true,"href":"https:\/\/utrinitas-m.co.id\/en\/wp-json\/wp\/v2\/product_brand?post=4391"},{"taxonomy":"product_cat","embeddable":true,"href":"https:\/\/utrinitas-m.co.id\/en\/wp-json\/wp\/v2\/product_cat?post=4391"},{"taxonomy":"product_tag","embeddable":true,"href":"https:\/\/utrinitas-m.co.id\/en\/wp-json\/wp\/v2\/product_tag?post=4391"}],"curies":[{"name":"wp","href":"https:\/\/api.w.org\/{rel}","templated":true}]}}