{"id":4395,"date":"2025-11-07T17:53:53","date_gmt":"2025-11-07T17:53:53","guid":{"rendered":"http:\/\/utrinitas-m.co.id\/product\/om4-lc-lc-multimode-duplex-fiber-patch-cable\/"},"modified":"2025-11-14T23:44:20","modified_gmt":"2025-11-14T16:44:20","slug":"om4-lc-lc-multimode-duplex-fiber-patch-cable","status":"publish","type":"product","link":"https:\/\/utrinitas-m.co.id\/en\/product\/om4-lc-lc-multimode-duplex-fiber-patch-cable\/","title":{"rendered":"OM4 LC LC Multimode Duplex Fiber Patch Cable"},"content":{"rendered":"<div class=\"wp-block-gutena-tabs gutena-tabs-block gutena-tabs-block-956695-5e\"><ul class=\"gutena-tabs-tab tab-left\"><li class=\"gutena-tab-title active\" data-tab=\"1\"><div class=\"gutena-tab-title-content icon-top\"><div class=\"gutena-tab-title-text\"><div>Product Features<\/div><\/div><\/div><\/li><li class=\"gutena-tab-title inactive\" data-tab=\"2\"><div class=\"gutena-tab-title-content icon-top\"><div class=\"gutena-tab-title-text\"><div>Product Specification<\/div><\/div><\/div><\/li><\/ul><div class=\"gutena-tabs-content is-layout-flow wp-block-gutena-tabs-is-layout-flow\">\n<div class=\"wp-block-gutena-tab gutena-tab-block gutena-tab-block-2a742f-a6 active\" data-tab=\"1\">\n<p style=\"margin-top:0;margin-bottom:0\" class=\"translation-block\">\u00c3\u00a2\u00e2\u201a\u00ac\u00c2\u00a2 Supports 10 Gigabit data transmission speeds<br> \n\u00c3\u00a2\u00e2\u201a\u00ac\u00c2\u00a2 Connectors use UPC polish<br> \n\u00c3\u00a2\u00e2\u201a\u00ac\u00c2\u00a2 Ceramic ferrule ensures alignment<br> \n\u00c3\u00a2\u00e2\u201a\u00ac\u00c2\u00a2 OM4 50\/125 optical fiber glass<br> \n\u00c3\u00a2\u00e2\u201a\u00ac\u00c2\u00a2 Used to connect patch panels and\/or network devices requiring 50\/125 multimode cables.<br> \n\u00c3\u00a2\u00e2\u201a\u00ac\u00c2\u00a2 Fully compliant with international industry standards<br> \n\u00c3\u00a2\u00e2\u201a\u00ac\u00c2\u00a2 Meets high bandwidth demands<br> \n\u00c3\u00a2\u00e2\u201a\u00ac\u00c2\u00a2 Used with LED and VCSEL laser light sources<br><\/p>\n\n\n\n<p style=\"margin-top:0;margin-bottom:0\"><\/p>\n\n\n\n<p style=\"margin-top:0;margin-bottom:0\"><\/p>\n\n\n\n<p style=\"margin-top:0;margin-bottom:0\"><\/p>\n\n\n\n<p style=\"margin-top:0;margin-bottom:0\"><\/p>\n\n\n\n<p style=\"margin-top:0;margin-bottom:0\"><\/p>\n\n\n\n<p style=\"margin-top:0;margin-bottom:0\"><\/p>\n\n\n\n<p style=\"margin-top:0;margin-bottom:0\"><\/p>\n\n\n\n<p style=\"margin-top:0;margin-bottom:0\"><\/p>\n\n\n\n<p style=\"margin-top:0;margin-bottom:0\"><\/p>\n\n\n\n<p style=\"margin-top:0;margin-bottom:0\"><\/p>\n\n\n\n<p style=\"margin-top:0;margin-bottom:0\"><\/p>\n\n\n\n<p style=\"margin-top:0;margin-bottom:0\"><\/p>\n\n\n\n<p style=\"margin-top:0;margin-bottom:0\"><\/p>\n\n\n\n<p style=\"margin-top:0;margin-bottom:0\"><\/p>\n\n\n\n<p style=\"margin-top:0;margin-bottom:0\"><\/p>\n\n\n\n<p style=\"margin-top:0;margin-bottom:0\"><\/p>\n\n\n\n<p style=\"margin-top:0;margin-bottom:0\"><\/p>\n\n\n\n<p style=\"margin-top:0;margin-bottom:0\"><\/p>\n\n\n\n<p style=\"margin-top:0;margin-bottom:0\"><\/p>\n\n\n\n<p style=\"margin-top:0;margin-bottom:0\"><\/p>\n\n\n\n<p style=\"margin-top:0;margin-bottom:0\"><\/p>\n\n\n\n<p style=\"margin-top:0;margin-bottom:0\"><\/p>\n\n\n\n<p style=\"margin-top:0;margin-bottom:0\"><\/p>\n\n\n\n<p style=\"margin-top:0;margin-bottom:0\"><\/p>\n\n\n\n<p style=\"margin-top:0;margin-bottom:0\"><\/p>\n\n\n\n<p style=\"margin-top:0;margin-bottom:0\"><\/p>\n\n\n\n<p style=\"margin-top:0;margin-bottom:0\"><\/p>\n\n\n\n<p style=\"margin-top:0;margin-bottom:0\"><\/p>\n\n\n\n<p style=\"margin-top:0;margin-bottom:0\"><\/p>\n\n\n\n<p style=\"margin-top:0;margin-bottom:0\"><\/p>\n\n\n\n<p style=\"margin-top:0;margin-bottom:0\"><\/p>\n\n\n\n<p style=\"margin-top:0;margin-bottom:0\"><\/p>\n\n\n\n<p style=\"margin-top:0;margin-bottom:0\"><\/p>\n\n\n\n<p style=\"margin-top:0;margin-bottom:0\"><\/p>\n\n\n\n<p style=\"margin-top:0;margin-bottom:0\"><\/p>\n\n\n\n<p style=\"margin-top:0;margin-bottom:0\"><\/p>\n\n\n\n<p style=\"margin-top:0;margin-bottom:0\"><\/p>\n\n\n\n<p style=\"margin-top:0;margin-bottom:0\"><\/p>\n\n\n\n<p style=\"margin-top:0;margin-bottom:0\"><\/p>\n\n\n\n<p style=\"margin-top:0;margin-bottom:0\"><\/p>\n\n\n\n<p style=\"margin-top:0;margin-bottom:0\"><\/p>\n<\/div>\n\n\n\n<div class=\"wp-block-gutena-tab gutena-tab-block gutena-tab-block-73c4bc-95 inactive\" data-tab=\"2\">\n<figure class=\"wp-block-table\"><table class=\"has-fixed-layout\"><tbody><tr><td>Fiber Connector<\/td><td>LC UPC to LC UPC<\/td><\/tr><tr><td>Insertion Loss<\/td><td>\u00c3\u00a2\u00e2\u20ac\u00b0\u00c2\u00a40,15dB<\/td><\/tr><tr><td>Return Loss<\/td><td>\u00c3\u00a2\u00e2\u20ac\u00b0\u00c2\u00a520dB<\/td><\/tr><tr><td>Cladding Diameter<\/td><td>125 \u00c3\u201a\u00c2\u00b1 1 \u00c3\u017d\u00c2\u00bcm<\/td><\/tr><tr><td>Operating Temperature<\/td><td>-40~ 75\u00c3\u201a\u00c2\u00b0C<\/td><\/tr><tr><td>Minimum Bend Radius<\/td><td>7,5 mm<\/td><\/tr><tr><td>Jacket Color<\/td><td>Aqua<\/td><\/tr><tr><td>Wavelength<\/td><td>850\/1300nm<\/td><\/tr><\/tbody><\/table><\/figure>\n<\/div>\n<\/div><\/div>","protected":false},"excerpt":{"rendered":"<p class=\"translation-block\"><span>We provide LC to SC 10 Gigabit OM4 multimode fiber optic cables that can transmit 10G signals. These 10Gig fiber optic patch cables<\/span><br><span>are designed to meet these requirements. The LC-SC duplex 10g fiber optic patch cables use aqua OM4 50\/125 fiber glass<\/span><br><span>and are typically used in 10 Gigabit Ethernet. Our 10Gig fiber optic patch cables support the bandwidth as defined<\/span><br><span>by IEEE802.3z for gigabit Ethernet. The Premtel Systems 10Gig duplex fiber optic patch cables are manufactured to meet<\/span><br><span>the TIA-492AAAC-A standard for OM4 cables, and the common cable color follows the aqua standard.<\/span><\/p>","protected":false},"featured_media":2254,"comment_status":"open","ping_status":"closed","template":"","meta":[],"product_brand":[],"product_cat":[244,243,256],"product_tag":[],"class_list":{"0":"post-4395","1":"product","2":"type-product","3":"status-publish","4":"has-post-thumbnail","6":"product_cat-fiber-assemblies-2","7":"product_cat-fiber-optic-3","8":"product_cat-om4-fiber-cables-2","9":"entry","11":"first","12":"instock","13":"shipping-taxable","14":"product-type-simple"},"yoast_head":"<!-- This site is optimized with the Yoast SEO plugin v26.5 - https:\/\/yoast.com\/wordpress\/plugins\/seo\/ -->\n<title>OM4 LC LC Multimode Duplex Fiber Patch Cable - PT Usaha Trinitas Makmur<\/title>\n<meta name=\"robots\" content=\"index, follow, max-snippet:-1, max-image-preview:large, max-video-preview:-1\" \/>\n<link rel=\"canonical\" href=\"https:\/\/utrinitas-m.co.id\/en\/product\/om4-lc-lc-multimode-duplex-fiber-patch-cable\/\" \/>\n<meta property=\"og:locale\" content=\"en_US\" \/>\n<meta property=\"og:type\" content=\"article\" \/>\n<meta property=\"og:title\" content=\"OM4 LC LC Multimode Duplex Fiber Patch Cable - PT Usaha Trinitas Makmur\" \/>\n<meta property=\"og:description\" content=\"Kami menyediakan kabel serat optik multimode LC ke SC 10 Gigabit OM4 yang dapat mengirimkan sinyal 10G. Kabel patch serat optik 10Gigdirancang untuk memenuhi persyaratan ini, kabel patch serat optik dupleks LC-SC 10g ini menggunakan serat kaca aqua OM4 50\/125dan biasanya digunakan dalam Ethernet 10 Gigabit, kabel patch serat optik 10gigabit kami mendukung bandwidth seperti yang ditentukanIEEE802.3z yang ditujukan untuk Ethernet gigbit. Kabel patch serat optik dupleks 10gig Premtel Systems diproduksi sesuai denganstandar TIA-492AAAC-A untuk kabel OM4, dan warna kabel yang umum digunakan sesuai dengan standar aqua.\" \/>\n<meta property=\"og:url\" content=\"https:\/\/utrinitas-m.co.id\/en\/product\/om4-lc-lc-multimode-duplex-fiber-patch-cable\/\" \/>\n<meta property=\"og:site_name\" content=\"PT Usaha Trinitas Makmur\" \/>\n<meta property=\"article:publisher\" content=\"https:\/\/www.facebook.com\/profile.php?id=61561130462800\" \/>\n<meta property=\"article:modified_time\" content=\"2025-11-14T16:44:20+00:00\" \/>\n<meta property=\"og:image\" content=\"https:\/\/utrinitas-m.co.id\/wp-content\/uploads\/2024\/11\/OM4-LC-LC-Multimode-Duplex-Fiber-Patch-Cable.jpg\" \/>\n\t<meta property=\"og:image:width\" content=\"591\" \/>\n\t<meta property=\"og:image:height\" content=\"394\" \/>\n\t<meta property=\"og:image:type\" content=\"image\/jpeg\" \/>\n<meta name=\"twitter:card\" content=\"summary_large_image\" \/>\n<script type=\"application\/ld+json\" class=\"yoast-schema-graph\">{\"@context\":\"https:\/\/schema.org\",\"@graph\":[{\"@type\":\"WebPage\",\"@id\":\"https:\/\/utrinitas-m.co.id\/product\/om4-lc-lc-multimode-duplex-fiber-patch-cable\/\",\"url\":\"https:\/\/utrinitas-m.co.id\/product\/om4-lc-lc-multimode-duplex-fiber-patch-cable\/\",\"name\":\"OM4 LC LC Multimode Duplex Fiber Patch Cable - PT Usaha Trinitas Makmur\",\"isPartOf\":{\"@id\":\"https:\/\/www.utrinitas-m.co.id\/#website\"},\"primaryImageOfPage\":{\"@id\":\"https:\/\/utrinitas-m.co.id\/product\/om4-lc-lc-multimode-duplex-fiber-patch-cable\/#primaryimage\"},\"image\":{\"@id\":\"https:\/\/utrinitas-m.co.id\/product\/om4-lc-lc-multimode-duplex-fiber-patch-cable\/#primaryimage\"},\"thumbnailUrl\":\"https:\/\/utrinitas-m.co.id\/wp-content\/uploads\/2024\/11\/OM4-LC-LC-Multimode-Duplex-Fiber-Patch-Cable.jpg\",\"datePublished\":\"2025-11-07T17:53:53+00:00\",\"dateModified\":\"2025-11-14T16:44:20+00:00\",\"breadcrumb\":{\"@id\":\"https:\/\/utrinitas-m.co.id\/product\/om4-lc-lc-multimode-duplex-fiber-patch-cable\/#breadcrumb\"},\"inLanguage\":\"en-US\",\"potentialAction\":[{\"@type\":\"ReadAction\",\"target\":[\"https:\/\/utrinitas-m.co.id\/product\/om4-lc-lc-multimode-duplex-fiber-patch-cable\/\"]}]},{\"@type\":\"ImageObject\",\"inLanguage\":\"en-US\",\"@id\":\"https:\/\/utrinitas-m.co.id\/product\/om4-lc-lc-multimode-duplex-fiber-patch-cable\/#primaryimage\",\"url\":\"https:\/\/utrinitas-m.co.id\/wp-content\/uploads\/2024\/11\/OM4-LC-LC-Multimode-Duplex-Fiber-Patch-Cable.jpg\",\"contentUrl\":\"https:\/\/utrinitas-m.co.id\/wp-content\/uploads\/2024\/11\/OM4-LC-LC-Multimode-Duplex-Fiber-Patch-Cable.jpg\",\"width\":591,\"height\":394},{\"@type\":\"BreadcrumbList\",\"@id\":\"https:\/\/utrinitas-m.co.id\/product\/om4-lc-lc-multimode-duplex-fiber-patch-cable\/#breadcrumb\",\"itemListElement\":[{\"@type\":\"ListItem\",\"position\":1,\"name\":\"Home\",\"item\":\"https:\/\/utrinitas-m.co.id\/en\/\"},{\"@type\":\"ListItem\",\"position\":2,\"name\":\"Shop\",\"item\":\"https:\/\/www.utrinitas-m.co.id\/shop\/\"},{\"@type\":\"ListItem\",\"position\":3,\"name\":\"OM4 LC LC Multimode Duplex Fiber Patch Cable\"}]},{\"@type\":\"WebSite\",\"@id\":\"https:\/\/www.utrinitas-m.co.id\/#website\",\"url\":\"https:\/\/www.utrinitas-m.co.id\/\",\"name\":\"PT Usaha Trinitas Makmur\",\"description\":\"PT Usaha Trinitas Makmur BERSIAP MENUJU TELEKOMUNIKASI MASA DEPAN\",\"potentialAction\":[{\"@type\":\"SearchAction\",\"target\":{\"@type\":\"EntryPoint\",\"urlTemplate\":\"https:\/\/www.utrinitas-m.co.id\/?s={search_term_string}\"},\"query-input\":{\"@type\":\"PropertyValueSpecification\",\"valueRequired\":true,\"valueName\":\"search_term_string\"}}],\"inLanguage\":\"en-US\"}]}<\/script>\n<!-- \/ Yoast SEO plugin. -->","yoast_head_json":{"title":"OM4 LC LC Multimode Duplex Fiber Patch Cable - PT Usaha Trinitas Makmur","robots":{"index":"index","follow":"follow","max-snippet":"max-snippet:-1","max-image-preview":"max-image-preview:large","max-video-preview":"max-video-preview:-1"},"canonical":"https:\/\/utrinitas-m.co.id\/en\/product\/om4-lc-lc-multimode-duplex-fiber-patch-cable\/","og_locale":"en_US","og_type":"article","og_title":"OM4 LC LC Multimode Duplex Fiber Patch Cable - PT Usaha Trinitas Makmur","og_description":"Kami menyediakan kabel serat optik multimode LC ke SC 10 Gigabit OM4 yang dapat mengirimkan sinyal 10G. Kabel patch serat optik 10Gigdirancang untuk memenuhi persyaratan ini, kabel patch serat optik dupleks LC-SC 10g ini menggunakan serat kaca aqua OM4 50\/125dan biasanya digunakan dalam Ethernet 10 Gigabit, kabel patch serat optik 10gigabit kami mendukung bandwidth seperti yang ditentukanIEEE802.3z yang ditujukan untuk Ethernet gigbit. Kabel patch serat optik dupleks 10gig Premtel Systems diproduksi sesuai denganstandar TIA-492AAAC-A untuk kabel OM4, dan warna kabel yang umum digunakan sesuai dengan standar aqua.","og_url":"https:\/\/utrinitas-m.co.id\/en\/product\/om4-lc-lc-multimode-duplex-fiber-patch-cable\/","og_site_name":"PT Usaha Trinitas Makmur","article_publisher":"https:\/\/www.facebook.com\/profile.php?id=61561130462800","article_modified_time":"2025-11-14T16:44:20+00:00","og_image":[{"width":591,"height":394,"url":"https:\/\/utrinitas-m.co.id\/wp-content\/uploads\/2024\/11\/OM4-LC-LC-Multimode-Duplex-Fiber-Patch-Cable.jpg","type":"image\/jpeg"}],"twitter_card":"summary_large_image","schema":{"@context":"https:\/\/schema.org","@graph":[{"@type":"WebPage","@id":"https:\/\/utrinitas-m.co.id\/product\/om4-lc-lc-multimode-duplex-fiber-patch-cable\/","url":"https:\/\/utrinitas-m.co.id\/product\/om4-lc-lc-multimode-duplex-fiber-patch-cable\/","name":"OM4 LC LC Multimode Duplex Fiber Patch Cable - PT Usaha Trinitas Makmur","isPartOf":{"@id":"https:\/\/www.utrinitas-m.co.id\/#website"},"primaryImageOfPage":{"@id":"https:\/\/utrinitas-m.co.id\/product\/om4-lc-lc-multimode-duplex-fiber-patch-cable\/#primaryimage"},"image":{"@id":"https:\/\/utrinitas-m.co.id\/product\/om4-lc-lc-multimode-duplex-fiber-patch-cable\/#primaryimage"},"thumbnailUrl":"https:\/\/utrinitas-m.co.id\/wp-content\/uploads\/2024\/11\/OM4-LC-LC-Multimode-Duplex-Fiber-Patch-Cable.jpg","datePublished":"2025-11-07T17:53:53+00:00","dateModified":"2025-11-14T16:44:20+00:00","breadcrumb":{"@id":"https:\/\/utrinitas-m.co.id\/product\/om4-lc-lc-multimode-duplex-fiber-patch-cable\/#breadcrumb"},"inLanguage":"en-US","potentialAction":[{"@type":"ReadAction","target":["https:\/\/utrinitas-m.co.id\/product\/om4-lc-lc-multimode-duplex-fiber-patch-cable\/"]}]},{"@type":"ImageObject","inLanguage":"en-US","@id":"https:\/\/utrinitas-m.co.id\/product\/om4-lc-lc-multimode-duplex-fiber-patch-cable\/#primaryimage","url":"https:\/\/utrinitas-m.co.id\/wp-content\/uploads\/2024\/11\/OM4-LC-LC-Multimode-Duplex-Fiber-Patch-Cable.jpg","contentUrl":"https:\/\/utrinitas-m.co.id\/wp-content\/uploads\/2024\/11\/OM4-LC-LC-Multimode-Duplex-Fiber-Patch-Cable.jpg","width":591,"height":394},{"@type":"BreadcrumbList","@id":"https:\/\/utrinitas-m.co.id\/product\/om4-lc-lc-multimode-duplex-fiber-patch-cable\/#breadcrumb","itemListElement":[{"@type":"ListItem","position":1,"name":"Home","item":"https:\/\/utrinitas-m.co.id\/en\/"},{"@type":"ListItem","position":2,"name":"Shop","item":"https:\/\/www.utrinitas-m.co.id\/shop\/"},{"@type":"ListItem","position":3,"name":"OM4 LC LC Multimode Duplex Fiber Patch Cable"}]},{"@type":"WebSite","@id":"https:\/\/www.utrinitas-m.co.id\/#website","url":"https:\/\/www.utrinitas-m.co.id\/","name":"PT Usaha Trinitas Makmur","description":"PT Usaha Trinitas Makmur READY FOR THE FUTURE OF TELECOMMUNICATIONS","potentialAction":[{"@type":"SearchAction","target":{"@type":"EntryPoint","urlTemplate":"https:\/\/www.utrinitas-m.co.id\/?s={search_term_string}"},"query-input":{"@type":"PropertyValueSpecification","valueRequired":true,"valueName":"search_term_string"}}],"inLanguage":"en-US"}]}},"_links":{"self":[{"href":"https:\/\/utrinitas-m.co.id\/en\/wp-json\/wp\/v2\/product\/4395","targetHints":{"allow":["GET"]}}],"collection":[{"href":"https:\/\/utrinitas-m.co.id\/en\/wp-json\/wp\/v2\/product"}],"about":[{"href":"https:\/\/utrinitas-m.co.id\/en\/wp-json\/wp\/v2\/types\/product"}],"replies":[{"embeddable":true,"href":"https:\/\/utrinitas-m.co.id\/en\/wp-json\/wp\/v2\/comments?post=4395"}],"wp:featuredmedia":[{"embeddable":true,"href":"https:\/\/utrinitas-m.co.id\/en\/wp-json\/wp\/v2\/media\/2254"}],"wp:attachment":[{"href":"https:\/\/utrinitas-m.co.id\/en\/wp-json\/wp\/v2\/media?parent=4395"}],"wp:term":[{"taxonomy":"product_brand","embeddable":true,"href":"https:\/\/utrinitas-m.co.id\/en\/wp-json\/wp\/v2\/product_brand?post=4395"},{"taxonomy":"product_cat","embeddable":true,"href":"https:\/\/utrinitas-m.co.id\/en\/wp-json\/wp\/v2\/product_cat?post=4395"},{"taxonomy":"product_tag","embeddable":true,"href":"https:\/\/utrinitas-m.co.id\/en\/wp-json\/wp\/v2\/product_tag?post=4395"}],"curies":[{"name":"wp","href":"https:\/\/api.w.org\/{rel}","templated":true}]}}