{"id":4406,"date":"2025-11-07T17:53:58","date_gmt":"2025-11-07T17:53:58","guid":{"rendered":"http:\/\/utrinitas-m.co.id\/product\/outdoor-fdh-1152\/"},"modified":"2025-11-10T08:31:08","modified_gmt":"2025-11-10T08:31:08","slug":"outdoor-fdh-1152","status":"publish","type":"product","link":"https:\/\/utrinitas-m.co.id\/en\/product\/outdoor-fdh-1152\/","title":{"rendered":"OUTDOOR FDH 1152"},"content":{"rendered":"<div class=\"wp-block-gutena-tabs gutena-tabs-block gutena-tabs-block-8f09a8-fd\"><ul class=\"gutena-tabs-tab tab-left\"><li class=\"gutena-tab-title active\" data-tab=\"1\"><div class=\"gutena-tab-title-content icon-top\"><div class=\"gutena-tab-title-text\"><div>Product Features<\/div><\/div><\/div><\/li><li class=\"gutena-tab-title inactive\" data-tab=\"2\"><div class=\"gutena-tab-title-content icon-top\"><div class=\"gutena-tab-title-text\"><div>Product Specification<\/div><\/div><\/div><\/li><\/ul><div class=\"gutena-tabs-content is-layout-flow wp-block-gutena-tabs-is-layout-flow\">\n<div class=\"wp-block-gutena-tab gutena-tab-block gutena-tab-block-b07270-76 active\" data-tab=\"1\">\n<p class=\"translation-block\">\u00c3\u00a2\u00e2\u201a\u00ac\u00c2\u00a2 Four doors: front left door, front right door, rear left door, and rear right door<br>\u00c3\u00a2\u00e2\u201a\u00ac\u00c2\u00a2 Suitable for tied optical fiber cables and ribbon optical fiber cables<br>\u00c3\u00a2\u00e2\u201a\u00ac\u00c2\u00a2 Supports SC\/FC adapters, easy operation<br>\u00c3\u00a2\u00e2\u201a\u00ac\u00c2\u00a2 30-degree angle ensures fiber bending greater than 40mm and avoids laser harming human eyes<br>\u00c3\u00a2\u00e2\u201a\u00ac\u00c2\u00a2 Slot for installing 1:4, 1:8, 1:16, 1:32 cassette-type PLC splitter<br>\u00c3\u00a2\u00e2\u201a\u00ac\u00c2\u00a2 Dustproof, IP65 standard<\/p>\n<\/div>\n\n\n\n<div class=\"wp-block-gutena-tab gutena-tab-block gutena-tab-block-0549ea-bf inactive\" data-tab=\"2\">\n<figure class=\"wp-block-table\"><table class=\"has-fixed-layout\"><tbody><tr><td>Inner Dimensions (mm)<\/td><td>1145 x 1420 x 572<\/td><\/tr><tr><td>Fixation Dimensions (mm)<\/td><td>1314 x 466<\/td><\/tr><tr><td>Application<\/td><td>Floor mounting<\/td><\/tr><tr><td>Connector Insertion Loss (dB)<\/td><td>\u00c3\u00a2\u00e2\u20ac\u00b0\u00c2\u00a40.2<\/td><\/tr><tr><td>Insulation Resistance<\/td><td>000M\u00c3\u017d\u00c2\u00a9\/500VDC<\/td><\/tr><tr><td>Anti-voltage<\/td><td>3000VDC\/1min, non puncture, no arc-over<\/td><\/tr><tr><td>Work Environmental Temp<\/td><td>-5 \u00c3\u201a\u00c2\u00b0C ~ +40 \u00c3\u201a\u00c2\u00b0C<\/td><\/tr><tr><td>Storage Temperature<\/td><td>-25 \u00c3\u201a\u00c2\u00b0C ~ +55 \u00c3\u201a\u00c2\u00b0C<\/td><\/tr><tr><td>Relative Humidity<\/td><td>\u00c3\u00a2\u00e2\u20ac\u00b0\u00c2\u00a485%(+30\u00c3\u201a\u00c2\u00b0C)<\/td><\/tr><tr><td>Work Environmental Atmosphere Pressure (kpa)<\/td><td>70 ~ 106<\/td><\/tr><tr><td>Box Shell Bearable Pressure (N)<\/td><td>\u00c3\u00a2\u00e2\u20ac\u00b0\u00c2\u00a51000<\/td><\/tr><tr><td>Side Surface Bearable Pressure (N)<\/td><td>\u00c3\u00a2\u00e2\u20ac\u00b0\u00c2\u00a5500<\/td><\/tr><tr><td>Door-hinge Bearable Pressure (N)<\/td><td>\u00c3\u00a2\u00e2\u20ac\u00b0\u00c2\u00a5300<\/td><\/tr><\/tbody><\/table><\/figure>\n<\/div>\n<\/div><\/div>","protected":false},"excerpt":{"rendered":"<p class=\"translation-block\">The FDH, is a device designed for indoor\/outdoor cable management. Generally the OCC\/ODC\/FDH consists of several part,\nlike integrated splicing unit, PLC splitter holder, the direct fusion splicing area, the cable fixation area, lock, cable routing table,\netc.<\/p>","protected":false},"featured_media":2424,"comment_status":"open","ping_status":"closed","template":"","meta":[],"product_brand":[],"product_cat":[272,268],"product_tag":[],"class_list":{"0":"post-4406","1":"product","2":"type-product","3":"status-publish","4":"has-post-thumbnail","6":"product_cat-ftth-fdh-2","7":"product_cat-ftth-solutions-2","8":"entry","10":"first","11":"instock","12":"shipping-taxable","13":"product-type-simple"},"yoast_head":"<!-- This site is optimized with the Yoast SEO plugin v26.5 - https:\/\/yoast.com\/wordpress\/plugins\/seo\/ -->\n<title>OUTDOOR FDH 1152 - PT Usaha Trinitas Makmur<\/title>\n<meta name=\"robots\" content=\"index, follow, max-snippet:-1, max-image-preview:large, max-video-preview:-1\" \/>\n<link rel=\"canonical\" href=\"https:\/\/utrinitas-m.co.id\/en\/product\/outdoor-fdh-1152\/\" \/>\n<meta property=\"og:locale\" content=\"en_US\" \/>\n<meta property=\"og:type\" content=\"article\" \/>\n<meta property=\"og:title\" content=\"OUTDOOR FDH 1152 - PT Usaha Trinitas Makmur\" \/>\n<meta property=\"og:description\" content=\"FDH, adalah perangkat yang dirancang untuk manajemen kabel dalam\/luar ruangan. Umumnya OCC\/ODC\/FDH terdiri dari beberapa bagian,seperti unit penyambungan terpadu, dudukan pemisah PLC, area penyambungan fusi langsung, area fiksasi kabel, kunci, meja perutean kabel,dll.\" \/>\n<meta property=\"og:url\" content=\"https:\/\/utrinitas-m.co.id\/en\/product\/outdoor-fdh-1152\/\" \/>\n<meta property=\"og:site_name\" content=\"PT Usaha Trinitas Makmur\" \/>\n<meta property=\"article:publisher\" content=\"https:\/\/www.facebook.com\/profile.php?id=61561130462800\" \/>\n<meta property=\"article:modified_time\" content=\"2025-11-10T08:31:08+00:00\" \/>\n<meta property=\"og:image\" content=\"https:\/\/utrinitas-m.co.id\/wp-content\/uploads\/2024\/11\/OUTDOOR-FDH-1152A-1.jpg\" \/>\n\t<meta property=\"og:image:width\" content=\"340\" \/>\n\t<meta property=\"og:image:height\" content=\"283\" \/>\n\t<meta property=\"og:image:type\" content=\"image\/jpeg\" \/>\n<meta name=\"twitter:card\" content=\"summary_large_image\" \/>\n<meta name=\"twitter:label1\" content=\"Est. reading time\" \/>\n\t<meta name=\"twitter:data1\" content=\"1 minute\" \/>\n<script type=\"application\/ld+json\" class=\"yoast-schema-graph\">{\"@context\":\"https:\/\/schema.org\",\"@graph\":[{\"@type\":\"WebPage\",\"@id\":\"https:\/\/utrinitas-m.co.id\/en\/product\/outdoor-fdh-1152\/\",\"url\":\"https:\/\/utrinitas-m.co.id\/en\/product\/outdoor-fdh-1152\/\",\"name\":\"OUTDOOR FDH 1152 - PT Usaha Trinitas Makmur\",\"isPartOf\":{\"@id\":\"https:\/\/www.utrinitas-m.co.id\/#website\"},\"primaryImageOfPage\":{\"@id\":\"https:\/\/utrinitas-m.co.id\/en\/product\/outdoor-fdh-1152\/#primaryimage\"},\"image\":{\"@id\":\"https:\/\/utrinitas-m.co.id\/en\/product\/outdoor-fdh-1152\/#primaryimage\"},\"thumbnailUrl\":\"https:\/\/utrinitas-m.co.id\/wp-content\/uploads\/2024\/11\/OUTDOOR-FDH-1152A-1.jpg\",\"datePublished\":\"2025-11-07T17:53:58+00:00\",\"dateModified\":\"2025-11-10T08:31:08+00:00\",\"breadcrumb\":{\"@id\":\"https:\/\/utrinitas-m.co.id\/en\/product\/outdoor-fdh-1152\/#breadcrumb\"},\"inLanguage\":\"en-US\",\"potentialAction\":[{\"@type\":\"ReadAction\",\"target\":[\"https:\/\/utrinitas-m.co.id\/en\/product\/outdoor-fdh-1152\/\"]}]},{\"@type\":\"ImageObject\",\"inLanguage\":\"en-US\",\"@id\":\"https:\/\/utrinitas-m.co.id\/en\/product\/outdoor-fdh-1152\/#primaryimage\",\"url\":\"https:\/\/utrinitas-m.co.id\/wp-content\/uploads\/2024\/11\/OUTDOOR-FDH-1152A-1.jpg\",\"contentUrl\":\"https:\/\/utrinitas-m.co.id\/wp-content\/uploads\/2024\/11\/OUTDOOR-FDH-1152A-1.jpg\",\"width\":340,\"height\":283},{\"@type\":\"BreadcrumbList\",\"@id\":\"https:\/\/utrinitas-m.co.id\/en\/product\/outdoor-fdh-1152\/#breadcrumb\",\"itemListElement\":[{\"@type\":\"ListItem\",\"position\":1,\"name\":\"Home\",\"item\":\"https:\/\/utrinitas-m.co.id\/en\/\"},{\"@type\":\"ListItem\",\"position\":2,\"name\":\"Shop\",\"item\":\"https:\/\/www.utrinitas-m.co.id\/shop\/\"},{\"@type\":\"ListItem\",\"position\":3,\"name\":\"OUTDOOR FDH 1152\"}]},{\"@type\":\"WebSite\",\"@id\":\"https:\/\/www.utrinitas-m.co.id\/#website\",\"url\":\"https:\/\/www.utrinitas-m.co.id\/\",\"name\":\"PT Usaha Trinitas Makmur\",\"description\":\"PT Usaha Trinitas Makmur BERSIAP MENUJU TELEKOMUNIKASI MASA DEPAN\",\"potentialAction\":[{\"@type\":\"SearchAction\",\"target\":{\"@type\":\"EntryPoint\",\"urlTemplate\":\"https:\/\/www.utrinitas-m.co.id\/?s={search_term_string}\"},\"query-input\":{\"@type\":\"PropertyValueSpecification\",\"valueRequired\":true,\"valueName\":\"search_term_string\"}}],\"inLanguage\":\"en-US\"}]}<\/script>\n<!-- \/ Yoast SEO plugin. -->","yoast_head_json":{"title":"OUTDOOR FDH 1152 - PT Usaha Trinitas Makmur","robots":{"index":"index","follow":"follow","max-snippet":"max-snippet:-1","max-image-preview":"max-image-preview:large","max-video-preview":"max-video-preview:-1"},"canonical":"https:\/\/utrinitas-m.co.id\/en\/product\/outdoor-fdh-1152\/","og_locale":"en_US","og_type":"article","og_title":"OUTDOOR FDH 1152 - PT Usaha Trinitas Makmur","og_description":"FDH, adalah perangkat yang dirancang untuk manajemen kabel dalam\/luar ruangan. Umumnya OCC\/ODC\/FDH terdiri dari beberapa bagian,seperti unit penyambungan terpadu, dudukan pemisah PLC, area penyambungan fusi langsung, area fiksasi kabel, kunci, meja perutean kabel,dll.","og_url":"https:\/\/utrinitas-m.co.id\/en\/product\/outdoor-fdh-1152\/","og_site_name":"PT Usaha Trinitas Makmur","article_publisher":"https:\/\/www.facebook.com\/profile.php?id=61561130462800","article_modified_time":"2025-11-10T08:31:08+00:00","og_image":[{"width":340,"height":283,"url":"https:\/\/utrinitas-m.co.id\/wp-content\/uploads\/2024\/11\/OUTDOOR-FDH-1152A-1.jpg","type":"image\/jpeg"}],"twitter_card":"summary_large_image","twitter_misc":{"Est. reading time":"1 minute"},"schema":{"@context":"https:\/\/schema.org","@graph":[{"@type":"WebPage","@id":"https:\/\/utrinitas-m.co.id\/en\/product\/outdoor-fdh-1152\/","url":"https:\/\/utrinitas-m.co.id\/en\/product\/outdoor-fdh-1152\/","name":"OUTDOOR FDH 1152 - PT Usaha Trinitas Makmur","isPartOf":{"@id":"https:\/\/www.utrinitas-m.co.id\/#website"},"primaryImageOfPage":{"@id":"https:\/\/utrinitas-m.co.id\/en\/product\/outdoor-fdh-1152\/#primaryimage"},"image":{"@id":"https:\/\/utrinitas-m.co.id\/en\/product\/outdoor-fdh-1152\/#primaryimage"},"thumbnailUrl":"https:\/\/utrinitas-m.co.id\/wp-content\/uploads\/2024\/11\/OUTDOOR-FDH-1152A-1.jpg","datePublished":"2025-11-07T17:53:58+00:00","dateModified":"2025-11-10T08:31:08+00:00","breadcrumb":{"@id":"https:\/\/utrinitas-m.co.id\/en\/product\/outdoor-fdh-1152\/#breadcrumb"},"inLanguage":"en-US","potentialAction":[{"@type":"ReadAction","target":["https:\/\/utrinitas-m.co.id\/en\/product\/outdoor-fdh-1152\/"]}]},{"@type":"ImageObject","inLanguage":"en-US","@id":"https:\/\/utrinitas-m.co.id\/en\/product\/outdoor-fdh-1152\/#primaryimage","url":"https:\/\/utrinitas-m.co.id\/wp-content\/uploads\/2024\/11\/OUTDOOR-FDH-1152A-1.jpg","contentUrl":"https:\/\/utrinitas-m.co.id\/wp-content\/uploads\/2024\/11\/OUTDOOR-FDH-1152A-1.jpg","width":340,"height":283},{"@type":"BreadcrumbList","@id":"https:\/\/utrinitas-m.co.id\/en\/product\/outdoor-fdh-1152\/#breadcrumb","itemListElement":[{"@type":"ListItem","position":1,"name":"Home","item":"https:\/\/utrinitas-m.co.id\/en\/"},{"@type":"ListItem","position":2,"name":"Shop","item":"https:\/\/www.utrinitas-m.co.id\/shop\/"},{"@type":"ListItem","position":3,"name":"OUTDOOR FDH 1152"}]},{"@type":"WebSite","@id":"https:\/\/www.utrinitas-m.co.id\/#website","url":"https:\/\/www.utrinitas-m.co.id\/","name":"PT Usaha Trinitas Makmur","description":"PT Usaha Trinitas Makmur READY FOR THE FUTURE OF TELECOMMUNICATIONS","potentialAction":[{"@type":"SearchAction","target":{"@type":"EntryPoint","urlTemplate":"https:\/\/www.utrinitas-m.co.id\/?s={search_term_string}"},"query-input":{"@type":"PropertyValueSpecification","valueRequired":true,"valueName":"search_term_string"}}],"inLanguage":"en-US"}]}},"_links":{"self":[{"href":"https:\/\/utrinitas-m.co.id\/en\/wp-json\/wp\/v2\/product\/4406","targetHints":{"allow":["GET"]}}],"collection":[{"href":"https:\/\/utrinitas-m.co.id\/en\/wp-json\/wp\/v2\/product"}],"about":[{"href":"https:\/\/utrinitas-m.co.id\/en\/wp-json\/wp\/v2\/types\/product"}],"replies":[{"embeddable":true,"href":"https:\/\/utrinitas-m.co.id\/en\/wp-json\/wp\/v2\/comments?post=4406"}],"wp:featuredmedia":[{"embeddable":true,"href":"https:\/\/utrinitas-m.co.id\/en\/wp-json\/wp\/v2\/media\/2424"}],"wp:attachment":[{"href":"https:\/\/utrinitas-m.co.id\/en\/wp-json\/wp\/v2\/media?parent=4406"}],"wp:term":[{"taxonomy":"product_brand","embeddable":true,"href":"https:\/\/utrinitas-m.co.id\/en\/wp-json\/wp\/v2\/product_brand?post=4406"},{"taxonomy":"product_cat","embeddable":true,"href":"https:\/\/utrinitas-m.co.id\/en\/wp-json\/wp\/v2\/product_cat?post=4406"},{"taxonomy":"product_tag","embeddable":true,"href":"https:\/\/utrinitas-m.co.id\/en\/wp-json\/wp\/v2\/product_tag?post=4406"}],"curies":[{"name":"wp","href":"https:\/\/api.w.org\/{rel}","templated":true}]}}