{"id":4407,"date":"2025-11-07T17:53:58","date_gmt":"2025-11-07T17:53:58","guid":{"rendered":"http:\/\/utrinitas-m.co.id\/product\/outdoor-fdh-144\/"},"modified":"2025-11-10T08:32:06","modified_gmt":"2025-11-10T08:32:06","slug":"outdoor-fdh-144","status":"publish","type":"product","link":"https:\/\/utrinitas-m.co.id\/en\/product\/outdoor-fdh-144\/","title":{"rendered":"Outdoor FDH 144"},"content":{"rendered":"<div class=\"wp-block-gutena-tabs gutena-tabs-block gutena-tabs-block-8f09a8-fd\"><ul class=\"gutena-tabs-tab tab-left\"><li class=\"gutena-tab-title active\" data-tab=\"1\"><div class=\"gutena-tab-title-content icon-top\"><div class=\"gutena-tab-title-text\"><div>Product Features<\/div><\/div><\/div><\/li><li class=\"gutena-tab-title inactive\" data-tab=\"2\"><div class=\"gutena-tab-title-content icon-top\"><div class=\"gutena-tab-title-text\"><div>Product Specification<\/div><\/div><\/div><\/li><\/ul><div class=\"gutena-tabs-content is-layout-flow wp-block-gutena-tabs-is-layout-flow\">\n<div class=\"wp-block-gutena-tab gutena-tab-block gutena-tab-block-b07270-76 active\" data-tab=\"1\">\n<ul class=\"wp-block-list\">\n<li>Total Fiber Management Systems<\/li>\n\n\n\n<li>Space for excess patch cables<\/li>\n\n\n\n<li>High Density<\/li>\n\n\n\n<li>Splice and patch in one tray<\/li>\n\n\n\n<li>Cater for all connector type<\/li>\n\n\n\n<li>Individual slide out splice organizer trays provide easy access to splices<\/li>\n\n\n\n<li>Proper strain relief for incoming cables<\/li>\n\n\n\n<li>Good appearance<\/li>\n<\/ul>\n<\/div>\n\n\n\n<div class=\"wp-block-gutena-tab gutena-tab-block gutena-tab-block-0549ea-bf inactive\" data-tab=\"2\">\n<figure class=\"wp-block-table\"><table class=\"has-fixed-layout\"><tbody><tr><td>Insulation Resistance<\/td><td>1000M\u00c3\u017d\u00c2\u00a9\/500VDC<\/td><\/tr><tr><td>Anti-voltage<\/td><td>3000VDC\/1min, non puncture, no arc-over<\/td><\/tr><tr><td>Work Environmental Temp<\/td><td>-5 \u00c3\u201a\u00c2\u00b0C ~ +40 \u00c3\u201a\u00c2\u00b0C<\/td><\/tr><tr><td>Storage Temperature<\/td><td>-25 \u00c3\u201a\u00c2\u00b0C ~ +55 \u00c3\u201a\u00c2\u00b0C<\/td><\/tr><tr><td>Relative Humidity<\/td><td>\u00c3\u00a2\u00e2\u20ac\u00b0\u00c2\u00a485%(+30\u00c3\u201a\u00c2\u00b0C)<\/td><\/tr><tr><td>Work Environmental Atmosphere Pressure (kpa)<\/td><td>70 ~ 106<\/td><\/tr><tr><td>Box Shell Bearable Pressure (N)<\/td><td>\u00c3\u00a2\u00e2\u20ac\u00b0\u00c2\u00a51000<\/td><\/tr><tr><td>Side Surface Bearable Pressure (N)<\/td><td>\u00c3\u00a2\u00e2\u20ac\u00b0\u00c2\u00a5500<\/td><\/tr><tr><td>Door-hinge Bearable Pressure (N)<\/td><td>\u00c3\u00a2\u00e2\u20ac\u00b0\u00c2\u00a5300<\/td><\/tr><tr><td>Connector Insertion Loss (dB)<\/td><td>\u00c3\u00a2\u00e2\u20ac\u00b0\u00c2\u00a50.2<\/td><\/tr><tr><td>Repeatability(dB)<\/td><td>\u00c3\u00a2\u00e2\u20ac\u00b0\u00c2\u00a40.1 (Afreer insertion 1000 times)<\/td><\/tr><\/tbody><\/table><\/figure>\n<\/div>\n<\/div><\/div>","protected":false},"excerpt":{"rendered":"<p>Outdoor Fdh 144 Port cabinet features a modular system splicing and patching of OL cables, splitters and drop cables with complete cable management system. All cable is front accessible with individual slide out tray. Splitter density is maximized through the use of slide out splitter modules. Pre-terminated splitter are used to provide flexibility and prompt subscriber deployment. Both centralized and cascaded design are available using the same outdoor cabinet, perfect for FTTH applications.<\/p>","protected":false},"featured_media":2432,"comment_status":"open","ping_status":"closed","template":"","meta":[],"product_brand":[],"product_cat":[272,268],"product_tag":[],"class_list":{"0":"post-4407","1":"product","2":"type-product","3":"status-publish","4":"has-post-thumbnail","6":"product_cat-ftth-fdh-2","7":"product_cat-ftth-solutions-2","8":"entry","10":"first","11":"instock","12":"shipping-taxable","13":"product-type-simple"},"yoast_head":"<!-- This site is optimized with the Yoast SEO plugin v26.5 - https:\/\/yoast.com\/wordpress\/plugins\/seo\/ -->\n<title>Outdoor FDH 144 - PT Usaha Trinitas Makmur<\/title>\n<meta name=\"robots\" content=\"index, follow, max-snippet:-1, max-image-preview:large, max-video-preview:-1\" \/>\n<link rel=\"canonical\" href=\"https:\/\/utrinitas-m.co.id\/en\/product\/outdoor-fdh-144\/\" \/>\n<meta property=\"og:locale\" content=\"en_US\" \/>\n<meta property=\"og:type\" content=\"article\" \/>\n<meta property=\"og:title\" content=\"Outdoor FDH 144 - PT Usaha Trinitas Makmur\" \/>\n<meta property=\"og:description\" content=\"Kabinet Fdh 144 Port luar ruangan dilengkapi sistem penyambungan dan penambalan kabel OL, splitter, dan kabel drop modular dengan sistem manajemen kabel lengkap. Semua kabel dapat diakses dari depan dengan baki geser individual. Kepadatan splitter dimaksimalkan melalui penggunaan modul splitter geser. Splitter pra-terminasi digunakan untuk memberikan fleksibilitas dan penyebaran pelanggan yang cepat. Desain terpusat dan bertingkat tersedia menggunakan kabinet luar ruangan yang sama, cocok untuk aplikasi FTTH.\" \/>\n<meta property=\"og:url\" content=\"https:\/\/utrinitas-m.co.id\/en\/product\/outdoor-fdh-144\/\" \/>\n<meta property=\"og:site_name\" content=\"PT Usaha Trinitas Makmur\" \/>\n<meta property=\"article:publisher\" content=\"https:\/\/www.facebook.com\/profile.php?id=61561130462800\" \/>\n<meta property=\"article:modified_time\" content=\"2025-11-10T08:32:06+00:00\" \/>\n<meta property=\"og:image\" content=\"https:\/\/utrinitas-m.co.id\/wp-content\/uploads\/2024\/11\/OUTDOOR-FDH2-144-PORT.jpg\" \/>\n\t<meta property=\"og:image:width\" content=\"1181\" \/>\n\t<meta property=\"og:image:height\" content=\"1181\" \/>\n\t<meta property=\"og:image:type\" content=\"image\/jpeg\" \/>\n<meta name=\"twitter:card\" content=\"summary_large_image\" \/>\n<script type=\"application\/ld+json\" class=\"yoast-schema-graph\">{\"@context\":\"https:\/\/schema.org\",\"@graph\":[{\"@type\":\"WebPage\",\"@id\":\"https:\/\/utrinitas-m.co.id\/en\/product\/outdoor-fdh-144\/\",\"url\":\"https:\/\/utrinitas-m.co.id\/en\/product\/outdoor-fdh-144\/\",\"name\":\"Outdoor FDH 144 - PT Usaha Trinitas Makmur\",\"isPartOf\":{\"@id\":\"https:\/\/www.utrinitas-m.co.id\/#website\"},\"primaryImageOfPage\":{\"@id\":\"https:\/\/utrinitas-m.co.id\/en\/product\/outdoor-fdh-144\/#primaryimage\"},\"image\":{\"@id\":\"https:\/\/utrinitas-m.co.id\/en\/product\/outdoor-fdh-144\/#primaryimage\"},\"thumbnailUrl\":\"https:\/\/utrinitas-m.co.id\/wp-content\/uploads\/2024\/11\/OUTDOOR-FDH2-144-PORT.jpg\",\"datePublished\":\"2025-11-07T17:53:58+00:00\",\"dateModified\":\"2025-11-10T08:32:06+00:00\",\"breadcrumb\":{\"@id\":\"https:\/\/utrinitas-m.co.id\/en\/product\/outdoor-fdh-144\/#breadcrumb\"},\"inLanguage\":\"en-US\",\"potentialAction\":[{\"@type\":\"ReadAction\",\"target\":[\"https:\/\/utrinitas-m.co.id\/en\/product\/outdoor-fdh-144\/\"]}]},{\"@type\":\"ImageObject\",\"inLanguage\":\"en-US\",\"@id\":\"https:\/\/utrinitas-m.co.id\/en\/product\/outdoor-fdh-144\/#primaryimage\",\"url\":\"https:\/\/utrinitas-m.co.id\/wp-content\/uploads\/2024\/11\/OUTDOOR-FDH2-144-PORT.jpg\",\"contentUrl\":\"https:\/\/utrinitas-m.co.id\/wp-content\/uploads\/2024\/11\/OUTDOOR-FDH2-144-PORT.jpg\",\"width\":1181,\"height\":1181},{\"@type\":\"BreadcrumbList\",\"@id\":\"https:\/\/utrinitas-m.co.id\/en\/product\/outdoor-fdh-144\/#breadcrumb\",\"itemListElement\":[{\"@type\":\"ListItem\",\"position\":1,\"name\":\"Home\",\"item\":\"https:\/\/utrinitas-m.co.id\/en\/\"},{\"@type\":\"ListItem\",\"position\":2,\"name\":\"Shop\",\"item\":\"https:\/\/www.utrinitas-m.co.id\/shop\/\"},{\"@type\":\"ListItem\",\"position\":3,\"name\":\"Outdoor FDH 144\"}]},{\"@type\":\"WebSite\",\"@id\":\"https:\/\/www.utrinitas-m.co.id\/#website\",\"url\":\"https:\/\/www.utrinitas-m.co.id\/\",\"name\":\"PT Usaha Trinitas Makmur\",\"description\":\"PT Usaha Trinitas Makmur BERSIAP MENUJU TELEKOMUNIKASI MASA DEPAN\",\"potentialAction\":[{\"@type\":\"SearchAction\",\"target\":{\"@type\":\"EntryPoint\",\"urlTemplate\":\"https:\/\/www.utrinitas-m.co.id\/?s={search_term_string}\"},\"query-input\":{\"@type\":\"PropertyValueSpecification\",\"valueRequired\":true,\"valueName\":\"search_term_string\"}}],\"inLanguage\":\"en-US\"}]}<\/script>\n<!-- \/ Yoast SEO plugin. -->","yoast_head_json":{"title":"Outdoor FDH 144 - PT Usaha Trinitas Makmur","robots":{"index":"index","follow":"follow","max-snippet":"max-snippet:-1","max-image-preview":"max-image-preview:large","max-video-preview":"max-video-preview:-1"},"canonical":"https:\/\/utrinitas-m.co.id\/en\/product\/outdoor-fdh-144\/","og_locale":"en_US","og_type":"article","og_title":"Outdoor FDH 144 - PT Usaha Trinitas Makmur","og_description":"Kabinet Fdh 144 Port luar ruangan dilengkapi sistem penyambungan dan penambalan kabel OL, splitter, dan kabel drop modular dengan sistem manajemen kabel lengkap. Semua kabel dapat diakses dari depan dengan baki geser individual. Kepadatan splitter dimaksimalkan melalui penggunaan modul splitter geser. Splitter pra-terminasi digunakan untuk memberikan fleksibilitas dan penyebaran pelanggan yang cepat. Desain terpusat dan bertingkat tersedia menggunakan kabinet luar ruangan yang sama, cocok untuk aplikasi FTTH.","og_url":"https:\/\/utrinitas-m.co.id\/en\/product\/outdoor-fdh-144\/","og_site_name":"PT Usaha Trinitas Makmur","article_publisher":"https:\/\/www.facebook.com\/profile.php?id=61561130462800","article_modified_time":"2025-11-10T08:32:06+00:00","og_image":[{"width":1181,"height":1181,"url":"https:\/\/utrinitas-m.co.id\/wp-content\/uploads\/2024\/11\/OUTDOOR-FDH2-144-PORT.jpg","type":"image\/jpeg"}],"twitter_card":"summary_large_image","schema":{"@context":"https:\/\/schema.org","@graph":[{"@type":"WebPage","@id":"https:\/\/utrinitas-m.co.id\/en\/product\/outdoor-fdh-144\/","url":"https:\/\/utrinitas-m.co.id\/en\/product\/outdoor-fdh-144\/","name":"Outdoor FDH 144 - PT Usaha Trinitas Makmur","isPartOf":{"@id":"https:\/\/www.utrinitas-m.co.id\/#website"},"primaryImageOfPage":{"@id":"https:\/\/utrinitas-m.co.id\/en\/product\/outdoor-fdh-144\/#primaryimage"},"image":{"@id":"https:\/\/utrinitas-m.co.id\/en\/product\/outdoor-fdh-144\/#primaryimage"},"thumbnailUrl":"https:\/\/utrinitas-m.co.id\/wp-content\/uploads\/2024\/11\/OUTDOOR-FDH2-144-PORT.jpg","datePublished":"2025-11-07T17:53:58+00:00","dateModified":"2025-11-10T08:32:06+00:00","breadcrumb":{"@id":"https:\/\/utrinitas-m.co.id\/en\/product\/outdoor-fdh-144\/#breadcrumb"},"inLanguage":"en-US","potentialAction":[{"@type":"ReadAction","target":["https:\/\/utrinitas-m.co.id\/en\/product\/outdoor-fdh-144\/"]}]},{"@type":"ImageObject","inLanguage":"en-US","@id":"https:\/\/utrinitas-m.co.id\/en\/product\/outdoor-fdh-144\/#primaryimage","url":"https:\/\/utrinitas-m.co.id\/wp-content\/uploads\/2024\/11\/OUTDOOR-FDH2-144-PORT.jpg","contentUrl":"https:\/\/utrinitas-m.co.id\/wp-content\/uploads\/2024\/11\/OUTDOOR-FDH2-144-PORT.jpg","width":1181,"height":1181},{"@type":"BreadcrumbList","@id":"https:\/\/utrinitas-m.co.id\/en\/product\/outdoor-fdh-144\/#breadcrumb","itemListElement":[{"@type":"ListItem","position":1,"name":"Home","item":"https:\/\/utrinitas-m.co.id\/en\/"},{"@type":"ListItem","position":2,"name":"Shop","item":"https:\/\/www.utrinitas-m.co.id\/shop\/"},{"@type":"ListItem","position":3,"name":"Outdoor FDH 144"}]},{"@type":"WebSite","@id":"https:\/\/www.utrinitas-m.co.id\/#website","url":"https:\/\/www.utrinitas-m.co.id\/","name":"PT Usaha Trinitas Makmur","description":"PT Usaha Trinitas Makmur READY FOR THE FUTURE OF TELECOMMUNICATIONS","potentialAction":[{"@type":"SearchAction","target":{"@type":"EntryPoint","urlTemplate":"https:\/\/www.utrinitas-m.co.id\/?s={search_term_string}"},"query-input":{"@type":"PropertyValueSpecification","valueRequired":true,"valueName":"search_term_string"}}],"inLanguage":"en-US"}]}},"_links":{"self":[{"href":"https:\/\/utrinitas-m.co.id\/en\/wp-json\/wp\/v2\/product\/4407","targetHints":{"allow":["GET"]}}],"collection":[{"href":"https:\/\/utrinitas-m.co.id\/en\/wp-json\/wp\/v2\/product"}],"about":[{"href":"https:\/\/utrinitas-m.co.id\/en\/wp-json\/wp\/v2\/types\/product"}],"replies":[{"embeddable":true,"href":"https:\/\/utrinitas-m.co.id\/en\/wp-json\/wp\/v2\/comments?post=4407"}],"wp:featuredmedia":[{"embeddable":true,"href":"https:\/\/utrinitas-m.co.id\/en\/wp-json\/wp\/v2\/media\/2432"}],"wp:attachment":[{"href":"https:\/\/utrinitas-m.co.id\/en\/wp-json\/wp\/v2\/media?parent=4407"}],"wp:term":[{"taxonomy":"product_brand","embeddable":true,"href":"https:\/\/utrinitas-m.co.id\/en\/wp-json\/wp\/v2\/product_brand?post=4407"},{"taxonomy":"product_cat","embeddable":true,"href":"https:\/\/utrinitas-m.co.id\/en\/wp-json\/wp\/v2\/product_cat?post=4407"},{"taxonomy":"product_tag","embeddable":true,"href":"https:\/\/utrinitas-m.co.id\/en\/wp-json\/wp\/v2\/product_tag?post=4407"}],"curies":[{"name":"wp","href":"https:\/\/api.w.org\/{rel}","templated":true}]}}