{"id":4409,"date":"2025-11-07T17:53:59","date_gmt":"2025-11-07T17:53:59","guid":{"rendered":"http:\/\/utrinitas-m.co.id\/product\/outdoor-fdh-576a\/"},"modified":"2025-11-10T08:32:40","modified_gmt":"2025-11-10T08:32:40","slug":"outdoor-fdh-576a","status":"publish","type":"product","link":"https:\/\/utrinitas-m.co.id\/en\/product\/outdoor-fdh-576a\/","title":{"rendered":"OUTDOOR FDH 576A"},"content":{"rendered":"<div class=\"wp-block-gutena-tabs gutena-tabs-block gutena-tabs-block-8f09a8-fd\"><ul class=\"gutena-tabs-tab tab-left\"><li class=\"gutena-tab-title active\" data-tab=\"1\"><div class=\"gutena-tab-title-content icon-top\"><div class=\"gutena-tab-title-text\"><div>Product Features<\/div><\/div><\/div><\/li><li class=\"gutena-tab-title inactive\" data-tab=\"2\"><div class=\"gutena-tab-title-content icon-top\"><div class=\"gutena-tab-title-text\"><div>Product Specification<\/div><\/div><\/div><\/li><\/ul><div class=\"gutena-tabs-content is-layout-flow wp-block-gutena-tabs-is-layout-flow\">\n<div class=\"wp-block-gutena-tab gutena-tab-block gutena-tab-block-b07270-76 active\" data-tab=\"1\">\n<p class=\"translation-block\">\u00c3\u00a2\u00e2\u201a\u00ac\u00c2\u00a2 Suitable for optical fiber cables and ribbon optical fiber cables<br>\u00c3\u00a2\u00e2\u201a\u00ac\u00c2\u00a2 Supports SC\/FC adapters, easy operation<br>\u00c3\u00a2\u00e2\u201a\u00ac\u00c2\u00a2 30-degree angle ensures fiber bending greater than 40mm and avoids laser harming human eyes<br>\u00c3\u00a2\u00e2\u201a\u00ac\u00c2\u00a2 Slot for installing 1:4, 1:8, 1:16, 1:32 cassette-type PLC splitter<br>\u00c3\u00a2\u00e2\u201a\u00ac\u00c2\u00a2 Dustproof, IP65 standard<\/p>\n<\/div>\n\n\n\n<div class=\"wp-block-gutena-tab gutena-tab-block gutena-tab-block-0549ea-bf inactive\" data-tab=\"2\">\n<figure class=\"wp-block-table\"><table class=\"has-fixed-layout\"><tbody><tr><td>Inner Dimensions (mm)<\/td><td>Ukuran: 1166x720x584<\/td><\/tr><tr><td>Fixation Dimensions (mm)<\/td><td>Ukuran 615&#215;384<\/td><\/tr><tr><td>Application<\/td><td>Floor mounting<\/td><\/tr><tr><td>Connector Insertion Loss (dB)<\/td><td>\u00c3\u00a2\u00e2\u20ac\u00b0\u00c2\u00a40.2<\/td><\/tr><tr><td>Repeatability(dB)<\/td><td>\u00c3\u00a2\u00e2\u20ac\u00b0\u00c2\u00a40.1 (After insertion 1000 times)<\/td><\/tr><tr><td>Insulation Resistance<\/td><td>1000M\u00c3\u017d\u00c2\u00a9\/500VDC<\/td><\/tr><tr><td>Anti-voltage<\/td><td>3000VDC\/1min, non puncture, no arc-over<\/td><\/tr><tr><td>Insertion and Drawing Wear Life-span<\/td><td>1000 times<\/td><\/tr><tr><td>Work Environmental Temp<\/td><td>-5 \u00c3\u201a\u00c2\u00b0C ~ +40 \u00c3\u201a\u00c2\u00b0C<\/td><\/tr><tr><td>Storage Temperature<\/td><td>-25 \u00c3\u201a\u00c2\u00b0C ~ +55 \u00c3\u201a\u00c2\u00b0C<\/td><\/tr><tr><td>Relative Humidity<\/td><td>\u00c3\u00a2\u00e2\u20ac\u00b0\u00c2\u00a485%(+30\u00c3\u201a\u00c2\u00b0C)<\/td><\/tr><tr><td>Work Environmental Atmosphere Pressure (kpa)<\/td><td>70 ~ 106<\/td><\/tr><\/tbody><\/table><\/figure>\n<\/div>\n<\/div><\/div>","protected":false},"excerpt":{"rendered":"<p class=\"translation-block\">The cabinet has functions of cable termination, as well as fiber distribution, splice, storage and dispatch, it has good performance\nof resisting the open-air environment and can resist severe climatic change and serious working environment<\/p>","protected":false},"featured_media":2426,"comment_status":"open","ping_status":"closed","template":"","meta":[],"product_brand":[],"product_cat":[272,268],"product_tag":[],"class_list":{"0":"post-4409","1":"product","2":"type-product","3":"status-publish","4":"has-post-thumbnail","6":"product_cat-ftth-fdh-2","7":"product_cat-ftth-solutions-2","8":"entry","10":"first","11":"instock","12":"shipping-taxable","13":"product-type-simple"},"yoast_head":"<!-- This site is optimized with the Yoast SEO plugin v26.5 - https:\/\/yoast.com\/wordpress\/plugins\/seo\/ -->\n<title>OUTDOOR FDH 576A - PT Usaha Trinitas Makmur<\/title>\n<meta name=\"robots\" content=\"index, follow, max-snippet:-1, max-image-preview:large, max-video-preview:-1\" \/>\n<link rel=\"canonical\" href=\"https:\/\/utrinitas-m.co.id\/en\/product\/outdoor-fdh-576a\/\" \/>\n<meta property=\"og:locale\" content=\"en_US\" \/>\n<meta property=\"og:type\" content=\"article\" \/>\n<meta property=\"og:title\" content=\"OUTDOOR FDH 576A - PT Usaha Trinitas Makmur\" \/>\n<meta property=\"og:description\" content=\"Kabinet memiliki fungsi terminasi kabel, serta distribusi serat, penyambungan, penyimpanan dan pengiriman, memiliki kinerja yang baikdalam menahan lingkungan udara terbuka dan dapat menahan perubahan iklim yang parah dan lingkungan kerja yang serius.\" \/>\n<meta property=\"og:url\" content=\"https:\/\/utrinitas-m.co.id\/en\/product\/outdoor-fdh-576a\/\" \/>\n<meta property=\"og:site_name\" content=\"PT Usaha Trinitas Makmur\" \/>\n<meta property=\"article:publisher\" content=\"https:\/\/www.facebook.com\/profile.php?id=61561130462800\" \/>\n<meta property=\"article:modified_time\" content=\"2025-11-10T08:32:40+00:00\" \/>\n<meta property=\"og:image\" content=\"https:\/\/utrinitas-m.co.id\/wp-content\/uploads\/2024\/11\/OUTDOOR-FDH-1152A.jpg\" \/>\n\t<meta property=\"og:image:width\" content=\"340\" \/>\n\t<meta property=\"og:image:height\" content=\"283\" \/>\n\t<meta property=\"og:image:type\" content=\"image\/jpeg\" \/>\n<meta name=\"twitter:card\" content=\"summary_large_image\" \/>\n<script type=\"application\/ld+json\" class=\"yoast-schema-graph\">{\"@context\":\"https:\/\/schema.org\",\"@graph\":[{\"@type\":\"WebPage\",\"@id\":\"https:\/\/utrinitas-m.co.id\/en\/product\/outdoor-fdh-576a\/\",\"url\":\"https:\/\/utrinitas-m.co.id\/en\/product\/outdoor-fdh-576a\/\",\"name\":\"OUTDOOR FDH 576A - PT Usaha Trinitas Makmur\",\"isPartOf\":{\"@id\":\"https:\/\/www.utrinitas-m.co.id\/en\/#website\"},\"primaryImageOfPage\":{\"@id\":\"https:\/\/utrinitas-m.co.id\/en\/product\/outdoor-fdh-576a\/#primaryimage\"},\"image\":{\"@id\":\"https:\/\/utrinitas-m.co.id\/en\/product\/outdoor-fdh-576a\/#primaryimage\"},\"thumbnailUrl\":\"https:\/\/utrinitas-m.co.id\/wp-content\/uploads\/2024\/11\/OUTDOOR-FDH-1152A.jpg\",\"datePublished\":\"2025-11-07T17:53:59+00:00\",\"dateModified\":\"2025-11-10T08:32:40+00:00\",\"breadcrumb\":{\"@id\":\"https:\/\/utrinitas-m.co.id\/en\/product\/outdoor-fdh-576a\/#breadcrumb\"},\"inLanguage\":\"en-US\",\"potentialAction\":[{\"@type\":\"ReadAction\",\"target\":[\"https:\/\/utrinitas-m.co.id\/en\/product\/outdoor-fdh-576a\/\"]}]},{\"@type\":\"ImageObject\",\"inLanguage\":\"en-US\",\"@id\":\"https:\/\/utrinitas-m.co.id\/en\/product\/outdoor-fdh-576a\/#primaryimage\",\"url\":\"https:\/\/utrinitas-m.co.id\/wp-content\/uploads\/2024\/11\/OUTDOOR-FDH-1152A.jpg\",\"contentUrl\":\"https:\/\/utrinitas-m.co.id\/wp-content\/uploads\/2024\/11\/OUTDOOR-FDH-1152A.jpg\",\"width\":340,\"height\":283},{\"@type\":\"BreadcrumbList\",\"@id\":\"https:\/\/utrinitas-m.co.id\/en\/product\/outdoor-fdh-576a\/#breadcrumb\",\"itemListElement\":[{\"@type\":\"ListItem\",\"position\":1,\"name\":\"Home\",\"item\":\"https:\/\/www.utrinitas-m.co.id\/en\/\"},{\"@type\":\"ListItem\",\"position\":2,\"name\":\"Shop\",\"item\":\"https:\/\/www.utrinitas-m.co.id\/en\/shop\/\"},{\"@type\":\"ListItem\",\"position\":3,\"name\":\"OUTDOOR FDH 576A\"}]},{\"@type\":\"WebSite\",\"@id\":\"https:\/\/www.utrinitas-m.co.id\/en\/#website\",\"url\":\"https:\/\/www.utrinitas-m.co.id\/en\/\",\"name\":\"PT Usaha Trinitas Makmur\",\"description\":\"PT Usaha Trinitas Makmur BERSIAP MENUJU TELEKOMUNIKASI MASA DEPAN\",\"potentialAction\":[{\"@type\":\"SearchAction\",\"target\":{\"@type\":\"EntryPoint\",\"urlTemplate\":\"https:\/\/www.utrinitas-m.co.id\/en\/?s={search_term_string}\"},\"query-input\":{\"@type\":\"PropertyValueSpecification\",\"valueRequired\":true,\"valueName\":\"search_term_string\"}}],\"inLanguage\":\"en-US\"}]}<\/script>\n<!-- \/ Yoast SEO plugin. -->","yoast_head_json":{"title":"OUTDOOR FDH 576A - PT Usaha Trinitas Makmur","robots":{"index":"index","follow":"follow","max-snippet":"max-snippet:-1","max-image-preview":"max-image-preview:large","max-video-preview":"max-video-preview:-1"},"canonical":"https:\/\/utrinitas-m.co.id\/en\/product\/outdoor-fdh-576a\/","og_locale":"en_US","og_type":"article","og_title":"OUTDOOR FDH 576A - PT Usaha Trinitas Makmur","og_description":"Kabinet memiliki fungsi terminasi kabel, serta distribusi serat, penyambungan, penyimpanan dan pengiriman, memiliki kinerja yang baikdalam menahan lingkungan udara terbuka dan dapat menahan perubahan iklim yang parah dan lingkungan kerja yang serius.","og_url":"https:\/\/utrinitas-m.co.id\/en\/product\/outdoor-fdh-576a\/","og_site_name":"PT Usaha Trinitas Makmur","article_publisher":"https:\/\/www.facebook.com\/profile.php?id=61561130462800","article_modified_time":"2025-11-10T08:32:40+00:00","og_image":[{"width":340,"height":283,"url":"https:\/\/utrinitas-m.co.id\/wp-content\/uploads\/2024\/11\/OUTDOOR-FDH-1152A.jpg","type":"image\/jpeg"}],"twitter_card":"summary_large_image","schema":{"@context":"https:\/\/schema.org","@graph":[{"@type":"WebPage","@id":"https:\/\/utrinitas-m.co.id\/en\/product\/outdoor-fdh-576a\/","url":"https:\/\/utrinitas-m.co.id\/en\/product\/outdoor-fdh-576a\/","name":"OUTDOOR FDH 576A - PT Usaha Trinitas Makmur","isPartOf":{"@id":"https:\/\/www.utrinitas-m.co.id\/en\/#website"},"primaryImageOfPage":{"@id":"https:\/\/utrinitas-m.co.id\/en\/product\/outdoor-fdh-576a\/#primaryimage"},"image":{"@id":"https:\/\/utrinitas-m.co.id\/en\/product\/outdoor-fdh-576a\/#primaryimage"},"thumbnailUrl":"https:\/\/utrinitas-m.co.id\/wp-content\/uploads\/2024\/11\/OUTDOOR-FDH-1152A.jpg","datePublished":"2025-11-07T17:53:59+00:00","dateModified":"2025-11-10T08:32:40+00:00","breadcrumb":{"@id":"https:\/\/utrinitas-m.co.id\/en\/product\/outdoor-fdh-576a\/#breadcrumb"},"inLanguage":"en-US","potentialAction":[{"@type":"ReadAction","target":["https:\/\/utrinitas-m.co.id\/en\/product\/outdoor-fdh-576a\/"]}]},{"@type":"ImageObject","inLanguage":"en-US","@id":"https:\/\/utrinitas-m.co.id\/en\/product\/outdoor-fdh-576a\/#primaryimage","url":"https:\/\/utrinitas-m.co.id\/wp-content\/uploads\/2024\/11\/OUTDOOR-FDH-1152A.jpg","contentUrl":"https:\/\/utrinitas-m.co.id\/wp-content\/uploads\/2024\/11\/OUTDOOR-FDH-1152A.jpg","width":340,"height":283},{"@type":"BreadcrumbList","@id":"https:\/\/utrinitas-m.co.id\/en\/product\/outdoor-fdh-576a\/#breadcrumb","itemListElement":[{"@type":"ListItem","position":1,"name":"Home","item":"https:\/\/www.utrinitas-m.co.id\/en\/"},{"@type":"ListItem","position":2,"name":"Shop","item":"https:\/\/www.utrinitas-m.co.id\/en\/shop\/"},{"@type":"ListItem","position":3,"name":"OUTDOOR FDH 576A"}]},{"@type":"WebSite","@id":"https:\/\/www.utrinitas-m.co.id\/en\/#website","url":"https:\/\/www.utrinitas-m.co.id\/en\/","name":"PT Usaha Trinitas Makmur","description":"PT Usaha Trinitas Makmur READY FOR THE FUTURE OF TELECOMMUNICATIONS","potentialAction":[{"@type":"SearchAction","target":{"@type":"EntryPoint","urlTemplate":"https:\/\/www.utrinitas-m.co.id\/en\/?s={search_term_string}"},"query-input":{"@type":"PropertyValueSpecification","valueRequired":true,"valueName":"search_term_string"}}],"inLanguage":"en-US"}]}},"_links":{"self":[{"href":"https:\/\/utrinitas-m.co.id\/en\/wp-json\/wp\/v2\/product\/4409","targetHints":{"allow":["GET"]}}],"collection":[{"href":"https:\/\/utrinitas-m.co.id\/en\/wp-json\/wp\/v2\/product"}],"about":[{"href":"https:\/\/utrinitas-m.co.id\/en\/wp-json\/wp\/v2\/types\/product"}],"replies":[{"embeddable":true,"href":"https:\/\/utrinitas-m.co.id\/en\/wp-json\/wp\/v2\/comments?post=4409"}],"wp:featuredmedia":[{"embeddable":true,"href":"https:\/\/utrinitas-m.co.id\/en\/wp-json\/wp\/v2\/media\/2426"}],"wp:attachment":[{"href":"https:\/\/utrinitas-m.co.id\/en\/wp-json\/wp\/v2\/media?parent=4409"}],"wp:term":[{"taxonomy":"product_brand","embeddable":true,"href":"https:\/\/utrinitas-m.co.id\/en\/wp-json\/wp\/v2\/product_brand?post=4409"},{"taxonomy":"product_cat","embeddable":true,"href":"https:\/\/utrinitas-m.co.id\/en\/wp-json\/wp\/v2\/product_cat?post=4409"},{"taxonomy":"product_tag","embeddable":true,"href":"https:\/\/utrinitas-m.co.id\/en\/wp-json\/wp\/v2\/product_tag?post=4409"}],"curies":[{"name":"wp","href":"https:\/\/api.w.org\/{rel}","templated":true}]}}